{"id":110,"date":"2017-09-27T10:41:24","date_gmt":"2017-09-27T10:41:24","guid":{"rendered":"https:\/\/test.brightspark.ee\/cervovolante\/?page_id=110"},"modified":"2020-06-20T15:07:37","modified_gmt":"2020-06-20T13:07:37","slug":"leather","status":"publish","type":"page","link":"https:\/\/cervovolante.com\/en\/story\/leather\/","title":{"rendered":"Leather"},"content":{"rendered":"\n<p>IN TUNE WITH NATURE. Managing the wild red deer population in Switzerland results in some 15,000 hides being discarded each year. In the fall of 2017, Cervo Volante began collecting a portion of these hides from hunters and local butchers to make our natural leather.<\/p>\n\n\n\n<p>This leather bears traces of a life lived in the wild: scars, wrinkles, and scratches attest to its authenticity. All leather destined for Cervo Volante products is prepared in the canton of Bern using a traditional, purely vegetable-based barrel tanning method that is free of chromium and synthetic pre-tanning agents. We make a point of using plant extracts that are sourced sustainably in Europe whenever possible, such as those derived from acorns gathered by hand in Turkey.<\/p>\n\n\n\n<p>The addition of various plants during the barrel tanning process lends our leather an olive-brown, sand, or cognac color; iron oxide and charcoal are used to create our dark brown and black hues.<\/p>\n\n\n\n<figure class=\"wp-block-image is-resized wp-image-2339 size-large\"><img decoding=\"async\" src=\"https:\/\/cervo.wpengine.com\/wp-content\/uploads\/2017\/12\/Hirsch-im-WInter-2_Markus-Staehli-1200x800.jpg\" alt=\"\" class=\"wp-image-2339\" width=\"600\" height=\"400\" srcset=\"https:\/\/e2dgqt2h67h.exactdn.com\/wp-content\/uploads\/2017\/12\/Hirsch-im-WInter-2_Markus-Staehli-1200x800.jpg?strip=all 1200w, https:\/\/e2dgqt2h67h.exactdn.com\/wp-content\/uploads\/2017\/12\/Hirsch-im-WInter-2_Markus-Staehli-850x567.jpg?strip=all 850w, https:\/\/e2dgqt2h67h.exactdn.com\/wp-content\/uploads\/2017\/12\/Hirsch-im-WInter-2_Markus-Staehli-300x200.jpg?strip=all 300w, https:\/\/e2dgqt2h67h.exactdn.com\/wp-content\/uploads\/2017\/12\/Hirsch-im-WInter-2_Markus-Staehli-768x512.jpg?strip=all 768w, https:\/\/e2dgqt2h67h.exactdn.com\/wp-content\/uploads\/2017\/12\/Hirsch-im-WInter-2_Markus-Staehli-1536x1024.jpg?strip=all 1536w, https:\/\/e2dgqt2h67h.exactdn.com\/wp-content\/uploads\/2017\/12\/Hirsch-im-WInter-2_Markus-Staehli-100x68.jpg?strip=all 100w, https:\/\/e2dgqt2h67h.exactdn.com\/wp-content\/uploads\/2017\/12\/Hirsch-im-WInter-2_Markus-Staehli-450x300.jpg?strip=all 450w, https:\/\/e2dgqt2h67h.exactdn.com\/wp-content\/uploads\/2017\/12\/Hirsch-im-WInter-2_Markus-Staehli.jpg?strip=all 1800w, https:\/\/e2dgqt2h67h.exactdn.com\/wp-content\/uploads\/2017\/12\/Hirsch-im-WInter-2_Markus-Staehli.jpg?strip=all&amp;w=360 360w, https:\/\/e2dgqt2h67h.exactdn.com\/wp-content\/uploads\/2017\/12\/Hirsch-im-WInter-2_Markus-Staehli.jpg?strip=all&amp;w=1080 1080w, https:\/\/e2dgqt2h67h.exactdn.com\/wp-content\/uploads\/2017\/12\/Hirsch-im-WInter-2_Markus-Staehli.jpg?strip=all&amp;w=1440 1440w\" sizes=\"(max-width: 600px) 100vw, 600px\" \/><figcaption>This image of a red deer was kindly provided by Markus St\u00e4hli, <a href=\"https:\/\/wildphoto.ch\" target=\"_blank\" rel=\"noopener noreferrer\">wildphoto.ch<\/a>.<\/figcaption><\/figure>\n\n\n\n<p>Our leather is \u201corganic\u201d, because there is nothing more \u201corganic\u201d than a leather from red deer that has lived a long and happy life in the wild and been hunted sustainably. Despite that, the official organic label (like those of Bio-Suisse) is only awarded to agricultural products like cattle or calves.<\/p>\n\n\n\n<figure class=\"wp-block-image is-resized size-large wp-image-1835\"><img decoding=\"async\" src=\"https:\/\/cervo.wpengine.com\/wp-content\/uploads\/2017\/09\/DSC0288-1200x800.jpg\" alt=\"\" class=\"wp-image-1835\" width=\"600\" height=\"400\" srcset=\"https:\/\/e2dgqt2h67h.exactdn.com\/wp-content\/uploads\/2017\/09\/DSC0288-1200x800.jpg?strip=all 1200w, https:\/\/e2dgqt2h67h.exactdn.com\/wp-content\/uploads\/2017\/09\/DSC0288-850x567.jpg?strip=all 850w, https:\/\/e2dgqt2h67h.exactdn.com\/wp-content\/uploads\/2017\/09\/DSC0288-300x200.jpg?strip=all 300w, https:\/\/e2dgqt2h67h.exactdn.com\/wp-content\/uploads\/2017\/09\/DSC0288-768x512.jpg?strip=all 768w, https:\/\/e2dgqt2h67h.exactdn.com\/wp-content\/uploads\/2017\/09\/DSC0288-1536x1024.jpg?strip=all 1536w, https:\/\/e2dgqt2h67h.exactdn.com\/wp-content\/uploads\/2017\/09\/DSC0288-100x68.jpg?strip=all 100w, https:\/\/e2dgqt2h67h.exactdn.com\/wp-content\/uploads\/2017\/09\/DSC0288-450x300.jpg?strip=all 450w, https:\/\/e2dgqt2h67h.exactdn.com\/wp-content\/uploads\/2017\/09\/DSC0288.jpg?strip=all 1920w, https:\/\/e2dgqt2h67h.exactdn.com\/wp-content\/uploads\/2017\/09\/DSC0288.jpg?strip=all&amp;w=384 384w\" sizes=\"(max-width: 600px) 100vw, 600px\" \/><figcaption>Pure Gold in the world of leather: Valonea oak tanned red deer skins made by Zeller in Steffisburg, Switzerland.<\/figcaption><\/figure>\n\n\n\n<h4 class=\"has-text-align-left wp-block-heading\"><strong>The smooth leather<\/strong><\/h4>\n\n\n\n<p>The leather industry in Central Europe has declined significantly over the past years. In Switzerland, 4 small tanneries have survived, two of which specialise in vegetable tanning of small animal hides and cattle hides. The tanning processes are not automated and require a lot of manual work. In those tanneries, with the necessary know-how, only small batches can be tanned at a time (up to 200 deer skins per tanning). <br><br>Thanks to the close cooperation with the Zeller tannery, traditional barrel tanning without synthetic pre-tanning agents and the use of vegetable tanning agents from Europe could be reactivated. In this way, our ecological Cervo Volante leather is produced in a process lasting 2 months. <\/p>\n\n\n\n<figure class=\"wp-block-image is-resized wp-image-2343 size-large\"><img decoding=\"async\" src=\"https:\/\/cervo.wpengine.com\/wp-content\/uploads\/2017\/12\/juerg-zeller-admiring-quercus-proto-2-1200x900.jpg\" alt=\"\" class=\"wp-image-2345\" width=\"600\" height=\"450\" srcset=\"https:\/\/e2dgqt2h67h.exactdn.com\/wp-content\/uploads\/2017\/12\/juerg-zeller-admiring-quercus-proto-2-1200x900.jpg?strip=all 1200w, https:\/\/e2dgqt2h67h.exactdn.com\/wp-content\/uploads\/2017\/12\/juerg-zeller-admiring-quercus-proto-2-850x638.jpg?strip=all 850w, https:\/\/e2dgqt2h67h.exactdn.com\/wp-content\/uploads\/2017\/12\/juerg-zeller-admiring-quercus-proto-2-300x225.jpg?strip=all 300w, https:\/\/e2dgqt2h67h.exactdn.com\/wp-content\/uploads\/2017\/12\/juerg-zeller-admiring-quercus-proto-2-768x576.jpg?strip=all 768w, https:\/\/e2dgqt2h67h.exactdn.com\/wp-content\/uploads\/2017\/12\/juerg-zeller-admiring-quercus-proto-2-1536x1152.jpg?strip=all 1536w, https:\/\/e2dgqt2h67h.exactdn.com\/wp-content\/uploads\/2017\/12\/juerg-zeller-admiring-quercus-proto-2.jpg?strip=all 1701w, https:\/\/e2dgqt2h67h.exactdn.com\/wp-content\/uploads\/2017\/12\/juerg-zeller-admiring-quercus-proto-2.jpg?strip=all&amp;w=680 680w, https:\/\/e2dgqt2h67h.exactdn.com\/wp-content\/uploads\/2017\/12\/juerg-zeller-admiring-quercus-proto-2.jpg?strip=all&amp;w=1020 1020w, https:\/\/e2dgqt2h67h.exactdn.com\/wp-content\/uploads\/2017\/12\/juerg-zeller-admiring-quercus-proto-2.jpg?strip=all&amp;w=1360 1360w, https:\/\/e2dgqt2h67h.exactdn.com\/wp-content\/uploads\/2017\/12\/juerg-zeller-admiring-quercus-proto-2.jpg?strip=all&amp;w=450 450w\" sizes=\"(max-width: 600px) 100vw, 600px\" \/><figcaption>J\u00fcrg Zeller\u2019s first words when he saw the metamorphosis of the wonderful VoVo Leather into the shoes were: \u201eD\u00e4 w\u00fcreni de grad n\u00e4h..!\u201c (&#8220;This I would love to have for myself &#8230;&#8221;)<\/figcaption><\/figure>\n\n\n\n<h4 class=\"has-text-align-left wp-block-heading\"><strong>The velvet leather <\/strong><\/h4>\n\n\n\n<p>The incredibly soft velvet leather is one of the finest among suedes and nubuks. Our red deer hides are tanned exclusively with codfish oil by our German partner Kolesch, according to ancient tradition (old-sage or old-chamoise). The oil tanning agent is beaten into the skin with heavy wooden mallets.<\/p>\n\n\n\n<p>Thanks to exclusive use of environmentally friendly substances, after depilation the deer skins will be rinsed in a creek. Only wood dyes are used for colouring and skins are hand-brushed on the hairy side of the leather. The entire tanning process takes almost a whole year, during which the tanner manipulates the leather about 300 times\u2026 <br>Pure traditional and ecological craftsmanship!<\/p>\n\n\n\n<p>\u2013 \u2013<\/p>\n","protected":false},"excerpt":{"rendered":"<p>IN TUNE WITH NATURE. Managing the wild red deer population in Switzerland results in some 15,000 hides being discarded each year. In the fall of 2017, Cervo Volante began collecting&hellip;<\/p>\n","protected":false},"author":4213,"featured_media":17481,"parent":100,"menu_order":0,"comment_status":"closed","ping_status":"closed","template":"","meta":{"om_disable_all_campaigns":false,"_monsterinsights_skip_tracking":false,"_monsterinsights_sitenote_active":false,"_monsterinsights_sitenote_note":"","_monsterinsights_sitenote_category":0,"footnotes":""},"class_list":["post-110","page","type-page","status-publish","has-post-thumbnail","hentry"],"aioseo_notices":[],"aioseo_head":"\n\t\t<!-- All in One SEO Pro 4.9.6.2 - aioseo.com -->\n\t<meta name=\"description\" content=\"Our raw material comes from wild red deer from Switzerland. We do not use breeding deer from New Zealand and therefore traces of wild life such as scars, skin folds or small injuries give our leather its unique appearance.\" \/>\n\t<meta name=\"robots\" content=\"max-image-preview:large\" \/>\n\t<meta name=\"google-site-verification\" content=\"CrwFTF3YGsPT8sdCxYV-1zyKg_qsZvE_mEO-vvpZgWo\" \/>\n\t<meta name=\"keywords\" content=\"red deer leather,wild red deer switzerland\" \/>\n\t<link rel=\"canonical\" href=\"https:\/\/cervovolante.com\/en\/story\/leather\/\" \/>\n\t<meta name=\"generator\" content=\"All in One SEO Pro (AIOSEO) 4.9.6.2\" \/>\n\t\t<meta property=\"og:locale\" content=\"en_US\" \/>\n\t\t<meta property=\"og:site_name\" content=\"Cervo Volante | Online-Shop f\u00fcr einzigartige, \u00f6kologisch hergestellte Ledermode\" \/>\n\t\t<meta property=\"og:type\" content=\"activity\" \/>\n\t\t<meta property=\"og:title\" content=\"Leather | Cervo Volante\" \/>\n\t\t<meta property=\"og:description\" content=\"Our raw material comes from wild red deer from Switzerland. We do not use breeding deer from New Zealand and therefore traces of wild life such as scars, skin folds or small injuries give our leather its unique appearance.\" \/>\n\t\t<meta property=\"og:url\" content=\"https:\/\/cervovolante.com\/en\/story\/leather\/\" \/>\n\t\t<meta property=\"og:image\" content=\"https:\/\/cervovolante.com\/wp-content\/uploads\/2019\/12\/leder.jpg\" \/>\n\t\t<meta property=\"og:image:secure_url\" content=\"https:\/\/cervovolante.com\/wp-content\/uploads\/2019\/12\/leder.jpg\" \/>\n\t\t<meta property=\"og:image:width\" content=\"1648\" \/>\n\t\t<meta property=\"og:image:height\" content=\"998\" \/>\n\t\t<meta name=\"twitter:card\" content=\"summary\" \/>\n\t\t<meta name=\"twitter:title\" content=\"Leather | Cervo Volante\" \/>\n\t\t<meta name=\"twitter:description\" content=\"Our raw material comes from wild red deer from Switzerland. We do not use breeding deer from New Zealand and therefore traces of wild life such as scars, skin folds or small injuries give our leather its unique appearance.\" \/>\n\t\t<meta name=\"twitter:image\" content=\"https:\/\/cervovolante.com\/wp-content\/uploads\/2019\/12\/leder.jpg\" \/>\n\t\t<script type=\"application\/ld+json\" class=\"aioseo-schema\">\n\t\t\t{\"@context\":\"https:\\\/\\\/schema.org\",\"@graph\":[{\"@type\":\"BreadcrumbList\",\"@id\":\"https:\\\/\\\/cervovolante.com\\\/en\\\/story\\\/leather\\\/#breadcrumblist\",\"itemListElement\":[{\"@type\":\"ListItem\",\"@id\":\"https:\\\/\\\/cervovolante.com\\\/en\\\/#listItem\",\"position\":1,\"name\":\"Home\",\"item\":\"https:\\\/\\\/cervovolante.com\\\/en\\\/\",\"nextItem\":{\"@type\":\"ListItem\",\"@id\":\"https:\\\/\\\/cervovolante.com\\\/en\\\/story\\\/#listItem\",\"name\":\"Story\"}},{\"@type\":\"ListItem\",\"@id\":\"https:\\\/\\\/cervovolante.com\\\/en\\\/story\\\/#listItem\",\"position\":2,\"name\":\"Story\",\"item\":\"https:\\\/\\\/cervovolante.com\\\/en\\\/story\\\/\",\"nextItem\":{\"@type\":\"ListItem\",\"@id\":\"https:\\\/\\\/cervovolante.com\\\/en\\\/story\\\/leather\\\/#listItem\",\"name\":\"Leather\"},\"previousItem\":{\"@type\":\"ListItem\",\"@id\":\"https:\\\/\\\/cervovolante.com\\\/en\\\/#listItem\",\"name\":\"Home\"}},{\"@type\":\"ListItem\",\"@id\":\"https:\\\/\\\/cervovolante.com\\\/en\\\/story\\\/leather\\\/#listItem\",\"position\":3,\"name\":\"Leather\",\"previousItem\":{\"@type\":\"ListItem\",\"@id\":\"https:\\\/\\\/cervovolante.com\\\/en\\\/story\\\/#listItem\",\"name\":\"Story\"}}]},{\"@type\":\"Organization\",\"@id\":\"https:\\\/\\\/cervovolante.com\\\/en\\\/#organization\",\"name\":\"Cervo Volante\",\"description\":\"Ecological welted deer leather shoes and high-quality leather accessories from Switzerland\",\"url\":\"https:\\\/\\\/cervovolante.com\\\/en\\\/\",\"email\":\"note@cervovolante.com\",\"telephone\":\"+41782222149\",\"logo\":{\"@type\":\"ImageObject\",\"url\":\"https:\\\/\\\/e2dgqt2h67h.exactdn.com\\\/wp-content\\\/uploads\\\/2018\\\/04\\\/Cervo-Volante-logo-2.0_POS.png?strip=all\",\"@id\":\"https:\\\/\\\/cervovolante.com\\\/en\\\/story\\\/leather\\\/#organizationLogo\",\"width\":850,\"height\":654},\"image\":{\"@id\":\"https:\\\/\\\/cervovolante.com\\\/en\\\/story\\\/leather\\\/#organizationLogo\"},\"sameAs\":[\"https:\\\/\\\/www.instagram.com\\\/cervo_volante\\\/\"],\"address\":{\"@id\":\"https:\\\/\\\/cervovolante.com\\\/en\\\/#postaladdress\",\"@type\":\"PostalAddress\",\"streetAddress\":\"Josefstrasse 53,\",\"postalCode\":\"8005\",\"addressLocality\":\"Z\\u00fcrich\",\"addressRegion\":\"Z\\u00fcrich\",\"addressCountry\":\"CH\"}},{\"@type\":\"WebPage\",\"@id\":\"https:\\\/\\\/cervovolante.com\\\/en\\\/story\\\/leather\\\/#webpage\",\"url\":\"https:\\\/\\\/cervovolante.com\\\/en\\\/story\\\/leather\\\/\",\"name\":\"Leather | Cervo Volante\",\"description\":\"Our raw material comes from wild red deer from Switzerland. We do not use breeding deer from New Zealand and therefore traces of wild life such as scars, skin folds or small injuries give our leather its unique appearance.\",\"inLanguage\":\"en-US\",\"isPartOf\":{\"@id\":\"https:\\\/\\\/cervovolante.com\\\/en\\\/#website\"},\"breadcrumb\":{\"@id\":\"https:\\\/\\\/cervovolante.com\\\/en\\\/story\\\/leather\\\/#breadcrumblist\"},\"image\":{\"@type\":\"ImageObject\",\"url\":\"https:\\\/\\\/e2dgqt2h67h.exactdn.com\\\/wp-content\\\/uploads\\\/2019\\\/12\\\/leder.jpg?strip=all\",\"@id\":\"https:\\\/\\\/cervovolante.com\\\/en\\\/story\\\/leather\\\/#mainImage\",\"width\":1648,\"height\":998},\"primaryImageOfPage\":{\"@id\":\"https:\\\/\\\/cervovolante.com\\\/en\\\/story\\\/leather\\\/#mainImage\"},\"datePublished\":\"2017-09-27T10:41:24+02:00\",\"dateModified\":\"2020-06-20T15:07:37+02:00\"},{\"@type\":\"WebSite\",\"@id\":\"https:\\\/\\\/cervovolante.com\\\/en\\\/#website\",\"url\":\"https:\\\/\\\/cervovolante.com\\\/en\\\/\",\"name\":\"Cervo Volante\",\"description\":\"Ecological welted deer leather shoes and high-quality leather accessories from Switzerland\",\"inLanguage\":\"en-US\",\"publisher\":{\"@id\":\"https:\\\/\\\/cervovolante.com\\\/en\\\/#organization\"}}]}\n\t\t<\/script>\n\t\t<!-- All in One SEO Pro -->\r\n\t\t<title>Leather | Cervo Volante<\/title>\n\n","aioseo_head_json":{"title":"Leather | Cervo Volante","description":"Our raw material comes from wild red deer from Switzerland. We do not use breeding deer from New Zealand and therefore traces of wild life such as scars, skin folds or small injuries give our leather its unique appearance.","canonical_url":"https:\/\/cervovolante.com\/en\/story\/leather\/","robots":"max-image-preview:large","keywords":"red deer leather,wild red deer switzerland","webmasterTools":{"google-site-verification":"CrwFTF3YGsPT8sdCxYV-1zyKg_qsZvE_mEO-vvpZgWo","miscellaneous":""},"schema":{"@context":"https:\/\/schema.org","@graph":[{"@type":"BreadcrumbList","@id":"https:\/\/cervovolante.com\/en\/story\/leather\/#breadcrumblist","itemListElement":[{"@type":"ListItem","@id":"https:\/\/cervovolante.com\/en\/#listItem","position":1,"name":"Home","item":"https:\/\/cervovolante.com\/en\/","nextItem":{"@type":"ListItem","@id":"https:\/\/cervovolante.com\/en\/story\/#listItem","name":"Story"}},{"@type":"ListItem","@id":"https:\/\/cervovolante.com\/en\/story\/#listItem","position":2,"name":"Story","item":"https:\/\/cervovolante.com\/en\/story\/","nextItem":{"@type":"ListItem","@id":"https:\/\/cervovolante.com\/en\/story\/leather\/#listItem","name":"Leather"},"previousItem":{"@type":"ListItem","@id":"https:\/\/cervovolante.com\/en\/#listItem","name":"Home"}},{"@type":"ListItem","@id":"https:\/\/cervovolante.com\/en\/story\/leather\/#listItem","position":3,"name":"Leather","previousItem":{"@type":"ListItem","@id":"https:\/\/cervovolante.com\/en\/story\/#listItem","name":"Story"}}]},{"@type":"Organization","@id":"https:\/\/cervovolante.com\/en\/#organization","name":"Cervo Volante","description":"Ecological welted deer leather shoes and high-quality leather accessories from Switzerland","url":"https:\/\/cervovolante.com\/en\/","email":"note@cervovolante.com","telephone":"+41782222149","logo":{"@type":"ImageObject","url":"https:\/\/e2dgqt2h67h.exactdn.com\/wp-content\/uploads\/2018\/04\/Cervo-Volante-logo-2.0_POS.png?strip=all","@id":"https:\/\/cervovolante.com\/en\/story\/leather\/#organizationLogo","width":850,"height":654},"image":{"@id":"https:\/\/cervovolante.com\/en\/story\/leather\/#organizationLogo"},"sameAs":["https:\/\/www.instagram.com\/cervo_volante\/"],"address":{"@id":"https:\/\/cervovolante.com\/en\/#postaladdress","@type":"PostalAddress","streetAddress":"Josefstrasse 53,","postalCode":"8005","addressLocality":"Z\u00fcrich","addressRegion":"Z\u00fcrich","addressCountry":"CH"}},{"@type":"WebPage","@id":"https:\/\/cervovolante.com\/en\/story\/leather\/#webpage","url":"https:\/\/cervovolante.com\/en\/story\/leather\/","name":"Leather | Cervo Volante","description":"Our raw material comes from wild red deer from Switzerland. We do not use breeding deer from New Zealand and therefore traces of wild life such as scars, skin folds or small injuries give our leather its unique appearance.","inLanguage":"en-US","isPartOf":{"@id":"https:\/\/cervovolante.com\/en\/#website"},"breadcrumb":{"@id":"https:\/\/cervovolante.com\/en\/story\/leather\/#breadcrumblist"},"image":{"@type":"ImageObject","url":"https:\/\/e2dgqt2h67h.exactdn.com\/wp-content\/uploads\/2019\/12\/leder.jpg?strip=all","@id":"https:\/\/cervovolante.com\/en\/story\/leather\/#mainImage","width":1648,"height":998},"primaryImageOfPage":{"@id":"https:\/\/cervovolante.com\/en\/story\/leather\/#mainImage"},"datePublished":"2017-09-27T10:41:24+02:00","dateModified":"2020-06-20T15:07:37+02:00"},{"@type":"WebSite","@id":"https:\/\/cervovolante.com\/en\/#website","url":"https:\/\/cervovolante.com\/en\/","name":"Cervo Volante","description":"Ecological welted deer leather shoes and high-quality leather accessories from Switzerland","inLanguage":"en-US","publisher":{"@id":"https:\/\/cervovolante.com\/en\/#organization"}}]},"og:locale":"en_US","og:site_name":"Cervo Volante | Online-Shop f\u00fcr einzigartige, \u00f6kologisch hergestellte Ledermode","og:type":"activity","og:title":"Leather | Cervo Volante","og:description":"Our raw material comes from wild red deer from Switzerland. We do not use breeding deer from New Zealand and therefore traces of wild life such as scars, skin folds or small injuries give our leather its unique appearance.","og:url":"https:\/\/cervovolante.com\/en\/story\/leather\/","og:image":"https:\/\/cervovolante.com\/wp-content\/uploads\/2019\/12\/leder.jpg","og:image:secure_url":"https:\/\/cervovolante.com\/wp-content\/uploads\/2019\/12\/leder.jpg","og:image:width":1648,"og:image:height":998,"twitter:card":"summary","twitter:title":"Leather | Cervo Volante","twitter:description":"Our raw material comes from wild red deer from Switzerland. We do not use breeding deer from New Zealand and therefore traces of wild life such as scars, skin folds or small injuries give our leather its unique appearance.","twitter:image":"https:\/\/cervovolante.com\/wp-content\/uploads\/2019\/12\/leder.jpg"},"aioseo_meta_data":{"post_id":"110","title":"Leather | #site_title","description":"Our raw material comes from wild red deer from Switzerland. We do not use breeding deer from New Zealand and therefore traces of wild life such as scars, skin folds or small injuries give our leather its unique appearance.","keywords":[{"label":"red deer leather","value":"red deer leather"},{"label":"wild red deer switzerland","value":"wild red deer switzerland"}],"keyphrases":null,"primary_term":null,"canonical_url":null,"og_title":"","og_description":"","og_object_type":"activity","og_image_type":"default","og_image_url":null,"og_image_width":null,"og_image_height":null,"og_image_custom_url":null,"og_image_custom_fields":null,"og_video":"","og_custom_url":null,"og_article_section":"","og_article_tags":"","twitter_use_og":true,"twitter_card":"summary","twitter_image_type":"default","twitter_image_url":null,"twitter_image_custom_url":null,"twitter_image_custom_fields":null,"twitter_title":null,"twitter_description":null,"schema":{"blockGraphs":[],"customGraphs":[],"default":{"data":{"Article":[],"Course":[],"Dataset":[],"FAQPage":[],"Movie":[],"Person":[],"Product":[],"ProductReview":[],"Car":[],"Recipe":[],"Service":[],"SoftwareApplication":[],"WebPage":[]},"graphName":"","isEnabled":true},"graphs":[]},"schema_type":null,"schema_type_options":null,"pillar_content":false,"robots_default":true,"robots_noindex":false,"robots_noarchive":false,"robots_nosnippet":false,"robots_nofollow":false,"robots_noimageindex":false,"robots_noodp":false,"robots_notranslate":false,"robots_max_snippet":null,"robots_max_videopreview":null,"robots_max_imagepreview":"none","priority":null,"frequency":null,"local_seo":null,"seo_analyzer_scan_date":"2025-10-13 00:31:19","breadcrumb_settings":null,"limit_modified_date":false,"reviewed_by":null,"open_ai":null,"ai":null,"created":"2020-11-15 13:21:14","updated":"2025-10-13 00:31:19"},"_links":{"self":[{"href":"https:\/\/cervovolante.com\/en\/wp-json\/wp\/v2\/pages\/110","targetHints":{"allow":["GET"]}}],"collection":[{"href":"https:\/\/cervovolante.com\/en\/wp-json\/wp\/v2\/pages"}],"about":[{"href":"https:\/\/cervovolante.com\/en\/wp-json\/wp\/v2\/types\/page"}],"author":[{"embeddable":true,"href":"https:\/\/cervovolante.com\/en\/wp-json\/wp\/v2\/users\/4213"}],"replies":[{"embeddable":true,"href":"https:\/\/cervovolante.com\/en\/wp-json\/wp\/v2\/comments?post=110"}],"version-history":[{"count":0,"href":"https:\/\/cervovolante.com\/en\/wp-json\/wp\/v2\/pages\/110\/revisions"}],"up":[{"embeddable":true,"href":"https:\/\/cervovolante.com\/en\/wp-json\/wp\/v2\/pages\/100"}],"wp:featuredmedia":[{"embeddable":true,"href":"https:\/\/cervovolante.com\/en\/wp-json\/wp\/v2\/media\/17481"}],"wp:attachment":[{"href":"https:\/\/cervovolante.com\/en\/wp-json\/wp\/v2\/media?parent=110"}],"curies":[{"name":"wp","href":"https:\/\/api.w.org\/{rel}","templated":true}]}}