{"id":14158,"date":"2019-11-15T13:34:29","date_gmt":"2019-11-15T13:34:29","guid":{"rendered":"https:\/\/cervo.wpengine.com\/showroom\/"},"modified":"2023-08-10T10:50:18","modified_gmt":"2023-08-10T08:50:18","slug":"showroom","status":"publish","type":"page","link":"https:\/\/cervovolante.com\/en\/showroom\/","title":{"rendered":"Contact"},"content":{"rendered":"<div class=\"wpb-content-wrapper\"><p>[vc_row][vc_column][vc_column_text]Contact us:[\/vc_column_text][\/vc_column][\/vc_row][vc_row parallax=&#8221;content-moving&#8221;][vc_column][vc_single_image image=&#8221;36199&#8243; img_size=&#8221;full&#8221;][vc_column_text][\/vc_column_text][\/vc_column][\/vc_row][vc_row][vc_column][vc_column_text]<\/p>\n<hr \/>\n<p>[\/vc_column_text][vc_custom_heading text=&#8221;Contact us:&#8221; font_container=&#8221;tag:h3|text_align:left&#8221; use_theme_fonts=&#8221;yes&#8221; link=&#8221;|||&#8221;]<div class=\"konte-empty-space \" aria-hidden=\"true\"><div class=\"konte-empty-space__xs visible-xs\" style=\"height:30px\"><\/div><div class=\"konte-empty-space__sm visible-sm\" style=\"height:57px\"><\/div><div class=\"konte-empty-space__md visible-md\" style=\"height:57px\"><\/div><div class=\"konte-empty-space__lg visible-lg\" style=\"height:57px\"><\/div><\/div>[\/vc_column][\/vc_row][vc_section][vc_row][vc_column width=&#8221;1\/2&#8243;][vc_column_text]<strong>Customer enquiries:<\/strong><br \/>\n<span style=\"font-family: big-caslon;\"><span style=\"color: #000000;\">Phone: +41 78 222 21 49<br \/>\n<\/span><a href=\"mailto:note@cervovolante.com\">note@cervovolante.com<\/a><\/span><\/p>\n<p><strong><span style=\"color: #000000;\">Registered office:<br \/>\n<\/span><\/strong><span style=\"font-family: big-caslon;\">Cervo Volante AG<\/span><br \/>\n<span style=\"color: #000000; font-family: big-caslon;\">Josefstrasse 53<br \/>\n8005 Z\u00fcrich<\/span><\/p>\n<p><strong><span style=\"color: #000000;\">Return address:<br \/>\n<\/span><\/strong><span style=\"font-family: big-caslon;\">Cervo Volante AG<\/span><br \/>\n<span style=\"color: #000000; font-family: big-caslon;\">5th floor<\/span><br \/>\n<span style=\"color: #000000; font-family: big-caslon;\">Josefstrasse 53<br \/>\n8005 Z\u00fcrich<\/span>[\/vc_column_text][\/vc_column][vc_column width=&#8221;1\/2&#8243;][vc_row_inner][vc_column_inner][vc_column_text]<strong>Shoe collection women and men<\/strong><\/p>\n<p>Fast die gesamte Cervo Volante Schuhkollektion f\u00fcr Frauen und viele M\u00e4nner-Modelle finden Sie im Herzen von Z\u00fcrich:<\/p>\n<p><strong>PARADIS DES INNOCENTS<\/strong><br \/>\nOetenbachgasse 7<br \/>\n8001 Z\u00fcrich<br \/>\n<a href=\"https:\/\/shop.paradisdesinnocents.ch\">www.paradisdesinnocents.ch<\/a><\/p>\n<p>If you are looking for a specific men&#8217;s model, please contact us via email: note@cervovolante.com, we will be happy to tell you where our models are currently available.[\/vc_column_text][\/vc_column_inner][\/vc_row_inner][\/vc_column][\/vc_row][vc_row][vc_column]<div class=\"konte-empty-space \" style=\"height: 32px\"><\/div>[\/vc_column][\/vc_row][\/vc_section][vc_row el_id=&#8221;partnerstores&#8221;][vc_column width=&#8221;2\/3&#8243;][vc_single_image image=&#8221;14278&#8243; img_size=&#8221;large&#8221;]<div class=\"konte-empty-space \" aria-hidden=\"true\"><div class=\"konte-empty-space__xs visible-xs\" style=\"height:20px\"><\/div><div class=\"konte-empty-space__sm visible-sm\" style=\"height:\"><\/div><div class=\"konte-empty-space__md visible-md\" style=\"height:20px\"><\/div><div class=\"konte-empty-space__lg visible-lg\" style=\"height:20px\"><\/div><\/div>[\/vc_column][vc_column width=&#8221;1\/3&#8243;][vc_column_text]<strong>Our partner stores:<\/strong><\/p>\n<p>CLAUDIA G\u00dcDEL<br \/>\nB\u00e4ckerstrasse 56, 8004 Z\u00fcrich<br \/>\nTel.: +41 43 558 67 71<br \/>\n<a href=\"https:\/\/www.claudiagudel.ch\/de\/\">www.claudiagudel.ch<\/a><\/p>\n<p>BLANCHE<br \/>\nSchneidergasse 27, 4051 Basel<br \/>\nTel.: +41 61 525 18 28<br \/>\n<a href=\"https:\/\/blanche.boutique\">https:\/\/blanche.boutique<\/a><\/p>\n<p>TOKU STORE<br \/>\nGerechtigkeitsgasse 53, 3011 Bern<br \/>\nTel.: +41 31 311 72 00<br \/>\n<a href=\"http:\/\/www.toku-store.ch\">www.toku-store.ch<\/a><\/p>\n<p>RAVINAS<br \/>\nVia Nova 41, 7017 Flims<br \/>\nTel.: +41 79 791 50 61<br \/>\n<a href=\"http:\/\/www.ravinas.ch\">www.ravinas.ch<\/a>[\/vc_column_text][\/vc_column][\/vc_row][vc_row][vc_column width=&#8221;1\/4&#8243;][vc_column_text]<span style=\"font-size: 1.125rem;\">BOUTIQUE \u00a0MAI<br \/>\n<span style=\"font-size: 12pt;\">Waldst\u00e4tterstrasse 19, 6003 Luzern<\/span><br \/>\n<span style=\"font-size: 12pt;\">Tel.: +41 41 210 13 51<\/span><br \/>\n<span style=\"font-size: 12pt;\"><a href=\"http:\/\/www.boutique-mai.ch\">www.boutique-mai.ch<\/a><\/span><\/span><\/p>\n<p><span style=\"font-size: 1.125rem;\"><span style=\"font-size: 14pt;\">OLD SOUL Concept Store<br \/>\n<span style=\"font-size: 12pt;\">Pilatusstrasse 2, 6300 Zug<\/span><br \/>\n<span style=\"font-size: 12pt;\">Tel.: +41 79 341 98 41<\/span><br \/>\n<\/span><\/span><\/p>\n<p><span style=\"font-size: 1.125rem;\"><span style=\"font-size: 14pt;\">DEGIACOMI<br \/>\n<span style=\"font-size: 12pt;\">Promenade 79, 7270 Davos<\/span><br \/>\n<span style=\"font-size: 12pt;\">Tel.: +41 81 630 20 70<\/span><br \/>\n<span style=\"font-size: 12pt;\"><a href=\"https:\/\/www.degiacomi.ch\">www.degiacomi.ch<\/a><\/span><\/span><\/span><\/p>\n<p><span style=\"font-size: 1.125rem;\"><span style=\"font-size: 14pt;\">LAKI MI<br \/>\n<span style=\"font-size: 12pt;\">Obere Gasse 9, 7000 Chur<\/span><br \/>\n<span style=\"font-size: 12pt;\">Tel.: +41 81 252 64 60<\/span><br \/>\n<a href=\"https:\/\/lakimi.jimdo.com\"><span style=\"font-size: 12pt;\">www.shop.lakimi.ch<\/span><\/a><\/span><\/span><\/p>\n<p><span style=\"font-size: 1.125rem;\"><span style=\"font-size: 14pt;\">ELONI<\/span><br \/>\n<\/span><span style=\"font-size: 12pt;\">Zollstrasse 59, 8005 Z\u00fcrich<\/span><br \/>\n<span style=\"font-size: 12pt;\">Tel.: +41 44 461 18 38<\/span><br \/>\n<span style=\"font-size: 12pt;\"><a href=\"https:\/\/www.eloni.ch\">www.eloni.ch<\/a><\/span><\/p>\n<p><span style=\"font-size: 14pt;\">TSCHUGGEN GRAND HOTEL<\/span><br \/>\n<span style=\"font-size: 12pt;\">Tschuggentorweg 1, 7050 Arosa<\/span><br \/>\n<span style=\"font-size: 12pt;\">Tel.: +41 81 378 99 99<\/span><br \/>\n<a href=\"https:\/\/tschuggen.ch\/de\"><span style=\"font-size: 12pt;\">www.tschuggen.ch<\/span><\/a><\/p>\n<p><span style=\"font-size: 14pt;\">JELMOLI<\/span><br \/>\n<span style=\"font-size: 12pt;\">Seidengasse1, 8001 Z\u00fcrich<\/span><br \/>\n<a href=\"https:\/\/www.jelmoli.ch\/?gclid=EAIaIQobChMIudbDh_Dr-QIVZY9oCR0NMg0fEAAYAiAAEgImZfD_BwE&amp;gclsrc=aw.ds\">Tel: 044 220 44 11<br \/>\n<\/a><a href=\"https:\/\/www.jelmoli.ch\/?gclid=EAIaIQobChMIudbDh_Dr-QIVZY9oCR0NMg0fEAAYAiAAEgImZfD_BwE&amp;gclsrc=aw.ds\">https:\/\/www.jelmoli.ch<\/a><\/p>\n<h1><span style=\"font-size: 18pt;\">Online Shops:<\/span><\/h1>\n<p>Laufmeter:<br \/>\n<a href=\"https:\/\/shop.laufmeter.ch\">www.shop.laufmeter.ch<\/a><\/p>\n<p>Mooris:<br \/>\n<a href=\"https:\/\/mooris.ch\">www.mooris.ch<\/a><\/p>\n<p>Concept in Time:<br \/>\n<a href=\"https:\/\/www.conceptintime.com\">www.conceptintime.com<\/a><\/p>\n<p>Beautyshop:<br \/>\n<a href=\"https:\/\/www.beautyshop.ch\">www.beautyshop.ch<\/a><\/p>\n<h1><span style=\"font-size: 18pt;\">International:<\/span><\/h1>\n<p><span style=\"font-size: 14pt;\">ESTONIAN DESIGN HOUSE<\/span><br \/>\n<span style=\"font-size: 10pt;\">Suur-Karja 14, Tallinn<br \/>\nTel.: + 372 537 680 18<\/span><br \/>\n<span style=\"font-size: 10pt;\"><a href=\"https:\/\/www.estoniandesignhouse.ee\/kontakt\/\">https:\/\/www.estoniandesignhouse.ee<\/a><\/span><\/p>\n<p><span style=\"font-size: 14pt;\">VIRR VARR VINTAGE &amp; UBINAPUU<\/span><br \/>\n<span style=\"font-size: 10pt;\">Supeluse 1, P\u00e4rnu<\/span><br \/>\n<span style=\"font-size: 10pt;\">Tel: +372 569 140 42<\/span>[\/vc_column_text][\/vc_column][vc_column width=&#8221;3\/4&#8243;]<div class=\"konte-empty-space \" aria-hidden=\"true\"><div class=\"konte-empty-space__xs visible-xs\" style=\"height:20px\"><\/div><div class=\"konte-empty-space__sm visible-sm\" style=\"height:\"><\/div><div class=\"konte-empty-space__md visible-md\" style=\"height:20px\"><\/div><div class=\"konte-empty-space__lg visible-lg\" style=\"height:20px\"><\/div><\/div>[vc_single_image image=&#8221;33253&#8243; img_size=&#8221;large&#8221;][\/vc_column][vc_column][\/vc_column][\/vc_row]<\/p>\n<\/div>","protected":false},"excerpt":{"rendered":"<p>[vc_row][vc_column][vc_column_text]Contact us:[\/vc_column_text][\/vc_column][\/vc_row][vc_row parallax=&#8221;content-moving&#8221;][vc_column][vc_single_image image=&#8221;36199&#8243; img_size=&#8221;full&#8221;][vc_column_text][\/vc_column_text][\/vc_column][\/vc_row][vc_row][vc_column][vc_column_text] [\/vc_column_text][vc_custom_heading text=&#8221;Contact us:&#8221; font_container=&#8221;tag:h3|text_align:left&#8221; use_theme_fonts=&#8221;yes&#8221; link=&#8221;|||&#8221;][\/vc_column][\/vc_row][vc_section][vc_row][vc_column width=&#8221;1\/2&#8243;][vc_column_text]Customer enquiries: Phone: +41 78 222 21 49 note@cervovolante.com Registered office: Cervo Volante AG Josefstrasse 53 8005 Z\u00fcrich Return&hellip;<\/p>\n","protected":false},"author":4213,"featured_media":0,"parent":0,"menu_order":0,"comment_status":"closed","ping_status":"closed","template":"","meta":{"om_disable_all_campaigns":false,"_monsterinsights_skip_tracking":false,"_monsterinsights_sitenote_active":false,"_monsterinsights_sitenote_note":"","_monsterinsights_sitenote_category":0,"footnotes":""},"class_list":["post-14158","page","type-page","status-publish","hentry"],"aioseo_notices":[],"aioseo_head":"\n\t\t<!-- All in One SEO Pro 4.9.6.2 - aioseo.com -->\n\t<meta name=\"description\" content=\"Cervo Volante Store Neumarkt 24 8001 Zurich, TOKU STORE Gerechtigkeitsgasse 53 3011 Bern, RAVINAS Via Nova 41 7017 Flims, FAORO Plazza Dal Mulin 8 7500 St. Moritz\" \/>\n\t<meta name=\"robots\" content=\"max-image-preview:large\" \/>\n\t<meta name=\"google-site-verification\" content=\"CrwFTF3YGsPT8sdCxYV-1zyKg_qsZvE_mEO-vvpZgWo\" \/>\n\t<meta name=\"keywords\" content=\"cervo volante stores,cervo volante store,toku store,ravinas,faoro,\" \/>\n\t<link rel=\"canonical\" href=\"https:\/\/cervovolante.com\/en\/showroom\/\" \/>\n\t<meta name=\"generator\" content=\"All in One SEO Pro (AIOSEO) 4.9.6.2\" \/>\n\t\t<meta property=\"og:locale\" content=\"en_US\" \/>\n\t\t<meta property=\"og:site_name\" content=\"Cervo Volante | Online-Shop f\u00fcr einzigartige, \u00f6kologisch hergestellte Ledermode\" \/>\n\t\t<meta property=\"og:type\" content=\"activity\" \/>\n\t\t<meta property=\"og:title\" content=\"Stores Cervo Volante\" \/>\n\t\t<meta property=\"og:description\" content=\"Cervo Volante Store Neumarkt 24 8001 Zurich, TOKU STORE Gerechtigkeitsgasse 53 3011 Bern, RAVINAS Via Nova 41 7017 Flims, FAORO Plazza Dal Mulin 8 7500 St. Moritz\" \/>\n\t\t<meta property=\"og:url\" content=\"https:\/\/cervovolante.com\/en\/showroom\/\" \/>\n\t\t<meta name=\"twitter:card\" content=\"summary\" \/>\n\t\t<meta name=\"twitter:title\" content=\"Stores Cervo Volante\" \/>\n\t\t<meta name=\"twitter:description\" content=\"Cervo Volante Store Neumarkt 24 8001 Zurich, TOKU STORE Gerechtigkeitsgasse 53 3011 Bern, RAVINAS Via Nova 41 7017 Flims, FAORO Plazza Dal Mulin 8 7500 St. Moritz\" \/>\n\t\t<script type=\"application\/ld+json\" class=\"aioseo-schema\">\n\t\t\t{\"@context\":\"https:\\\/\\\/schema.org\",\"@graph\":[{\"@type\":\"BreadcrumbList\",\"@id\":\"https:\\\/\\\/cervovolante.com\\\/en\\\/showroom\\\/#breadcrumblist\",\"itemListElement\":[{\"@type\":\"ListItem\",\"@id\":\"https:\\\/\\\/cervovolante.com\\\/en\\\/#listItem\",\"position\":1,\"name\":\"Home\",\"item\":\"https:\\\/\\\/cervovolante.com\\\/en\\\/\",\"nextItem\":{\"@type\":\"ListItem\",\"@id\":\"https:\\\/\\\/cervovolante.com\\\/en\\\/showroom\\\/#listItem\",\"name\":\"Contact\"}},{\"@type\":\"ListItem\",\"@id\":\"https:\\\/\\\/cervovolante.com\\\/en\\\/showroom\\\/#listItem\",\"position\":2,\"name\":\"Contact\",\"previousItem\":{\"@type\":\"ListItem\",\"@id\":\"https:\\\/\\\/cervovolante.com\\\/en\\\/#listItem\",\"name\":\"Home\"}}]},{\"@type\":\"Organization\",\"@id\":\"https:\\\/\\\/cervovolante.com\\\/en\\\/#organization\",\"name\":\"Cervo Volante\",\"description\":\"Ecological welted deer leather shoes and high-quality leather accessories from Switzerland\",\"url\":\"https:\\\/\\\/cervovolante.com\\\/en\\\/\",\"email\":\"note@cervovolante.com\",\"telephone\":\"+41782222149\",\"logo\":{\"@type\":\"ImageObject\",\"url\":\"https:\\\/\\\/e2dgqt2h67h.exactdn.com\\\/wp-content\\\/uploads\\\/2018\\\/04\\\/Cervo-Volante-logo-2.0_POS.png?strip=all\",\"@id\":\"https:\\\/\\\/cervovolante.com\\\/en\\\/showroom\\\/#organizationLogo\",\"width\":850,\"height\":654},\"image\":{\"@id\":\"https:\\\/\\\/cervovolante.com\\\/en\\\/showroom\\\/#organizationLogo\"},\"sameAs\":[\"https:\\\/\\\/www.instagram.com\\\/cervo_volante\\\/\"],\"address\":{\"@id\":\"https:\\\/\\\/cervovolante.com\\\/en\\\/#postaladdress\",\"@type\":\"PostalAddress\",\"streetAddress\":\"Josefstrasse 53,\",\"postalCode\":\"8005\",\"addressLocality\":\"Z\\u00fcrich\",\"addressRegion\":\"Z\\u00fcrich\",\"addressCountry\":\"CH\"}},{\"@type\":\"WebPage\",\"@id\":\"https:\\\/\\\/cervovolante.com\\\/en\\\/showroom\\\/#webpage\",\"url\":\"https:\\\/\\\/cervovolante.com\\\/en\\\/showroom\\\/\",\"name\":\"Stores Cervo Volante\",\"description\":\"Cervo Volante Store Neumarkt 24 8001 Zurich, TOKU STORE Gerechtigkeitsgasse 53 3011 Bern, RAVINAS Via Nova 41 7017 Flims, FAORO Plazza Dal Mulin 8 7500 St. Moritz\",\"inLanguage\":\"en-US\",\"isPartOf\":{\"@id\":\"https:\\\/\\\/cervovolante.com\\\/en\\\/#website\"},\"breadcrumb\":{\"@id\":\"https:\\\/\\\/cervovolante.com\\\/en\\\/showroom\\\/#breadcrumblist\"},\"datePublished\":\"2019-11-15T13:34:29+01:00\",\"dateModified\":\"2023-08-10T10:50:18+02:00\"},{\"@type\":\"WebSite\",\"@id\":\"https:\\\/\\\/cervovolante.com\\\/en\\\/#website\",\"url\":\"https:\\\/\\\/cervovolante.com\\\/en\\\/\",\"name\":\"Cervo Volante\",\"description\":\"Ecological welted deer leather shoes and high-quality leather accessories from Switzerland\",\"inLanguage\":\"en-US\",\"publisher\":{\"@id\":\"https:\\\/\\\/cervovolante.com\\\/en\\\/#organization\"}}]}\n\t\t<\/script>\n\t\t<!-- All in One SEO Pro -->\r\n\t\t<title>Stores Cervo Volante<\/title>\n\n","aioseo_head_json":{"title":"Stores Cervo Volante","description":"Cervo Volante Store Neumarkt 24 8001 Zurich, TOKU STORE Gerechtigkeitsgasse 53 3011 Bern, RAVINAS Via Nova 41 7017 Flims, FAORO Plazza Dal Mulin 8 7500 St. Moritz","canonical_url":"https:\/\/cervovolante.com\/en\/showroom\/","robots":"max-image-preview:large","keywords":"cervo volante stores,cervo volante store,toku store,ravinas,faoro,","webmasterTools":{"google-site-verification":"CrwFTF3YGsPT8sdCxYV-1zyKg_qsZvE_mEO-vvpZgWo","miscellaneous":""},"schema":{"@context":"https:\/\/schema.org","@graph":[{"@type":"BreadcrumbList","@id":"https:\/\/cervovolante.com\/en\/showroom\/#breadcrumblist","itemListElement":[{"@type":"ListItem","@id":"https:\/\/cervovolante.com\/en\/#listItem","position":1,"name":"Home","item":"https:\/\/cervovolante.com\/en\/","nextItem":{"@type":"ListItem","@id":"https:\/\/cervovolante.com\/en\/showroom\/#listItem","name":"Contact"}},{"@type":"ListItem","@id":"https:\/\/cervovolante.com\/en\/showroom\/#listItem","position":2,"name":"Contact","previousItem":{"@type":"ListItem","@id":"https:\/\/cervovolante.com\/en\/#listItem","name":"Home"}}]},{"@type":"Organization","@id":"https:\/\/cervovolante.com\/en\/#organization","name":"Cervo Volante","description":"Ecological welted deer leather shoes and high-quality leather accessories from Switzerland","url":"https:\/\/cervovolante.com\/en\/","email":"note@cervovolante.com","telephone":"+41782222149","logo":{"@type":"ImageObject","url":"https:\/\/e2dgqt2h67h.exactdn.com\/wp-content\/uploads\/2018\/04\/Cervo-Volante-logo-2.0_POS.png?strip=all","@id":"https:\/\/cervovolante.com\/en\/showroom\/#organizationLogo","width":850,"height":654},"image":{"@id":"https:\/\/cervovolante.com\/en\/showroom\/#organizationLogo"},"sameAs":["https:\/\/www.instagram.com\/cervo_volante\/"],"address":{"@id":"https:\/\/cervovolante.com\/en\/#postaladdress","@type":"PostalAddress","streetAddress":"Josefstrasse 53,","postalCode":"8005","addressLocality":"Z\u00fcrich","addressRegion":"Z\u00fcrich","addressCountry":"CH"}},{"@type":"WebPage","@id":"https:\/\/cervovolante.com\/en\/showroom\/#webpage","url":"https:\/\/cervovolante.com\/en\/showroom\/","name":"Stores Cervo Volante","description":"Cervo Volante Store Neumarkt 24 8001 Zurich, TOKU STORE Gerechtigkeitsgasse 53 3011 Bern, RAVINAS Via Nova 41 7017 Flims, FAORO Plazza Dal Mulin 8 7500 St. Moritz","inLanguage":"en-US","isPartOf":{"@id":"https:\/\/cervovolante.com\/en\/#website"},"breadcrumb":{"@id":"https:\/\/cervovolante.com\/en\/showroom\/#breadcrumblist"},"datePublished":"2019-11-15T13:34:29+01:00","dateModified":"2023-08-10T10:50:18+02:00"},{"@type":"WebSite","@id":"https:\/\/cervovolante.com\/en\/#website","url":"https:\/\/cervovolante.com\/en\/","name":"Cervo Volante","description":"Ecological welted deer leather shoes and high-quality leather accessories from Switzerland","inLanguage":"en-US","publisher":{"@id":"https:\/\/cervovolante.com\/en\/#organization"}}]},"og:locale":"en_US","og:site_name":"Cervo Volante | Online-Shop f\u00fcr einzigartige, \u00f6kologisch hergestellte Ledermode","og:type":"activity","og:title":"Stores Cervo Volante","og:description":"Cervo Volante Store Neumarkt 24 8001 Zurich, TOKU STORE Gerechtigkeitsgasse 53 3011 Bern, RAVINAS Via Nova 41 7017 Flims, FAORO Plazza Dal Mulin 8 7500 St. Moritz","og:url":"https:\/\/cervovolante.com\/en\/showroom\/","twitter:card":"summary","twitter:title":"Stores Cervo Volante","twitter:description":"Cervo Volante Store Neumarkt 24 8001 Zurich, TOKU STORE Gerechtigkeitsgasse 53 3011 Bern, RAVINAS Via Nova 41 7017 Flims, FAORO Plazza Dal Mulin 8 7500 St. Moritz"},"aioseo_meta_data":{"post_id":"14158","title":"Stores Cervo Volante","description":"Cervo Volante Store Neumarkt 24 8001 Zurich, TOKU STORE Gerechtigkeitsgasse 53 3011 Bern, RAVINAS Via Nova 41 7017 Flims, FAORO Plazza Dal Mulin 8 7500 St. Moritz","keywords":[{"label":"cervo volante stores","value":"cervo volante stores"},{"label":"cervo volante store","value":"cervo volante store"},{"label":"toku store","value":"toku store"},{"label":"ravinas","value":"ravinas"},{"label":"faoro","value":"faoro"},{"label":"","value":""}],"keyphrases":{"focus":{"keyphrase":"","score":0,"analysis":{"keyphraseInTitle":{"score":0,"maxScore":9,"error":1}}},"additional":[]},"primary_term":null,"canonical_url":null,"og_title":null,"og_description":null,"og_object_type":"activity","og_image_type":"default","og_image_url":null,"og_image_width":null,"og_image_height":null,"og_image_custom_url":null,"og_image_custom_fields":null,"og_video":"","og_custom_url":null,"og_article_section":null,"og_article_tags":[],"twitter_use_og":true,"twitter_card":"summary","twitter_image_type":"default","twitter_image_url":null,"twitter_image_custom_url":null,"twitter_image_custom_fields":null,"twitter_title":null,"twitter_description":null,"schema":{"blockGraphs":[],"customGraphs":[],"default":{"data":{"Article":[],"Course":[],"Dataset":[],"FAQPage":[],"Movie":[],"Person":[],"Product":[],"ProductReview":[],"Car":[],"Recipe":[],"Service":[],"SoftwareApplication":[],"WebPage":[]},"graphName":"WebPage","isEnabled":true},"graphs":[]},"schema_type":"none","schema_type_options":"{\"article\":{\"articleType\":\"BlogPosting\"},\"course\":{\"name\":\"\",\"description\":\"\",\"provider\":\"\"},\"faq\":{\"pages\":[]},\"product\":{\"reviews\":[]},\"recipe\":{\"ingredients\":[],\"instructions\":[],\"keywords\":[]},\"software\":{\"reviews\":[],\"operatingSystems\":[]},\"webPage\":{\"webPageType\":\"WebPage\"},\"blockGraphs\":[],\"book\":[],\"event\":[],\"jobPosting\":[],\"music\":[],\"person\":[],\"restaurant\":[],\"service\":[],\"video\":[]}","pillar_content":false,"robots_default":true,"robots_noindex":false,"robots_noarchive":false,"robots_nosnippet":false,"robots_nofollow":false,"robots_noimageindex":false,"robots_noodp":false,"robots_notranslate":false,"robots_max_snippet":"-1","robots_max_videopreview":"-1","robots_max_imagepreview":"none","priority":null,"frequency":"default","local_seo":null,"seo_analyzer_scan_date":"2025-10-13 00:53:24","breadcrumb_settings":null,"limit_modified_date":false,"reviewed_by":null,"open_ai":"{\"title\":{\"suggestions\":[],\"usage\":0},\"description\":{\"suggestions\":[],\"usage\":0}}","ai":null,"created":"2020-11-15 13:21:15","updated":"2025-10-13 00:53:24"},"_links":{"self":[{"href":"https:\/\/cervovolante.com\/en\/wp-json\/wp\/v2\/pages\/14158","targetHints":{"allow":["GET"]}}],"collection":[{"href":"https:\/\/cervovolante.com\/en\/wp-json\/wp\/v2\/pages"}],"about":[{"href":"https:\/\/cervovolante.com\/en\/wp-json\/wp\/v2\/types\/page"}],"author":[{"embeddable":true,"href":"https:\/\/cervovolante.com\/en\/wp-json\/wp\/v2\/users\/4213"}],"replies":[{"embeddable":true,"href":"https:\/\/cervovolante.com\/en\/wp-json\/wp\/v2\/comments?post=14158"}],"version-history":[{"count":0,"href":"https:\/\/cervovolante.com\/en\/wp-json\/wp\/v2\/pages\/14158\/revisions"}],"wp:attachment":[{"href":"https:\/\/cervovolante.com\/en\/wp-json\/wp\/v2\/media?parent=14158"}],"curies":[{"name":"wp","href":"https:\/\/api.w.org\/{rel}","templated":true}]}}