{"id":145,"date":"2017-09-27T10:53:05","date_gmt":"2017-09-27T10:53:05","guid":{"rendered":"https:\/\/test.brightspark.ee\/cervovolante\/?page_id=145"},"modified":"2017-12-05T13:55:26","modified_gmt":"2017-12-05T13:55:26","slug":"for-women","status":"publish","type":"page","link":"https:\/\/cervovolante.com\/en\/shop\/for-women\/","title":{"rendered":"for women"},"content":{"rendered":"<div class=\"woocommerce columns-4 \"><\/div>\n<p>[cervo_product_category_description slug=for-women]<\/p>\n","protected":false},"excerpt":{"rendered":"<p>[cervo_product_category_description slug=for-women]<\/p>\n","protected":false},"author":4213,"featured_media":0,"parent":6,"menu_order":1,"comment_status":"closed","ping_status":"closed","template":"","meta":{"om_disable_all_campaigns":false,"_monsterinsights_skip_tracking":false,"_monsterinsights_sitenote_active":false,"_monsterinsights_sitenote_note":"","_monsterinsights_sitenote_category":0,"footnotes":""},"class_list":["post-145","page","type-page","status-publish","hentry"],"aioseo_notices":[],"aioseo_head":"\n\t\t<!-- All in One SEO Pro 4.9.6.2 - aioseo.com -->\n\t<meta name=\"description\" content=\"We carry an exclusive range of shoes, loden parka and accessories for women.\" \/>\n\t<meta name=\"robots\" content=\"max-image-preview:large\" \/>\n\t<meta name=\"google-site-verification\" content=\"CrwFTF3YGsPT8sdCxYV-1zyKg_qsZvE_mEO-vvpZgWo\" \/>\n\t<meta name=\"keywords\" content=\"leather shoes for women,f\u00fcxin loden parka,samada,m\u00fcstaila,f\u00fcxin,god grisch,pardiel,monteluna,ivraina,val flin planira,garmperfin\" \/>\n\t<link rel=\"canonical\" href=\"https:\/\/cervovolante.com\/en\/shop\/for-women\/\" \/>\n\t<meta name=\"generator\" content=\"All in One SEO Pro (AIOSEO) 4.9.6.2\" \/>\n\t\t<meta property=\"og:locale\" content=\"en_US\" \/>\n\t\t<meta property=\"og:site_name\" content=\"Cervo Volante | Online-Shop f\u00fcr einzigartige, \u00f6kologisch hergestellte Ledermode\" \/>\n\t\t<meta property=\"og:type\" content=\"article\" \/>\n\t\t<meta property=\"og:title\" content=\"For women | Cervo Volante\" \/>\n\t\t<meta property=\"og:description\" content=\"We carry an exclusive range of shoes, loden parka and accessories for women.\" \/>\n\t\t<meta property=\"og:url\" content=\"https:\/\/cervovolante.com\/en\/shop\/for-women\/\" \/>\n\t\t<meta property=\"article:published_time\" content=\"2017-09-27T10:53:05+00:00\" \/>\n\t\t<meta property=\"article:modified_time\" content=\"2017-12-05T13:55:26+00:00\" \/>\n\t\t<meta property=\"article:publisher\" content=\"https:\/\/www.facebook.com\/cervovolantezurich\/\" \/>\n\t\t<meta name=\"twitter:card\" content=\"summary\" \/>\n\t\t<meta name=\"twitter:title\" content=\"For women | Cervo Volante\" \/>\n\t\t<meta name=\"twitter:description\" content=\"We carry an exclusive range of shoes, loden parka and accessories for women.\" \/>\n\t\t<script type=\"application\/ld+json\" class=\"aioseo-schema\">\n\t\t\t{\"@context\":\"https:\\\/\\\/schema.org\",\"@graph\":[{\"@type\":\"BreadcrumbList\",\"@id\":\"https:\\\/\\\/cervovolante.com\\\/en\\\/shop\\\/for-women\\\/#breadcrumblist\",\"itemListElement\":[{\"@type\":\"ListItem\",\"@id\":\"https:\\\/\\\/cervovolante.com\\\/en\\\/#listItem\",\"position\":1,\"name\":\"Home\",\"item\":\"https:\\\/\\\/cervovolante.com\\\/en\\\/\",\"nextItem\":{\"@type\":\"ListItem\",\"@id\":\"https:\\\/\\\/cervovolante.com\\\/en\\\/shop\\\/#listItem\",\"name\":\"Shop\"}},{\"@type\":\"ListItem\",\"@id\":\"https:\\\/\\\/cervovolante.com\\\/en\\\/shop\\\/#listItem\",\"position\":2,\"name\":\"Shop\",\"item\":\"https:\\\/\\\/cervovolante.com\\\/en\\\/shop\\\/\",\"nextItem\":{\"@type\":\"ListItem\",\"@id\":\"https:\\\/\\\/cervovolante.com\\\/en\\\/shop\\\/for-women\\\/#listItem\",\"name\":\"for women\"},\"previousItem\":{\"@type\":\"ListItem\",\"@id\":\"https:\\\/\\\/cervovolante.com\\\/en\\\/#listItem\",\"name\":\"Home\"}},{\"@type\":\"ListItem\",\"@id\":\"https:\\\/\\\/cervovolante.com\\\/en\\\/shop\\\/for-women\\\/#listItem\",\"position\":3,\"name\":\"for women\",\"previousItem\":{\"@type\":\"ListItem\",\"@id\":\"https:\\\/\\\/cervovolante.com\\\/en\\\/shop\\\/#listItem\",\"name\":\"Shop\"}}]},{\"@type\":\"Organization\",\"@id\":\"https:\\\/\\\/cervovolante.com\\\/en\\\/#organization\",\"name\":\"Cervo Volante\",\"description\":\"Ecological welted deer leather shoes and high-quality leather accessories from Switzerland\",\"url\":\"https:\\\/\\\/cervovolante.com\\\/en\\\/\",\"email\":\"note@cervovolante.com\",\"telephone\":\"+41782222149\",\"logo\":{\"@type\":\"ImageObject\",\"url\":\"https:\\\/\\\/e2dgqt2h67h.exactdn.com\\\/wp-content\\\/uploads\\\/2018\\\/04\\\/Cervo-Volante-logo-2.0_POS.png?strip=all\",\"@id\":\"https:\\\/\\\/cervovolante.com\\\/en\\\/shop\\\/for-women\\\/#organizationLogo\",\"width\":850,\"height\":654},\"image\":{\"@id\":\"https:\\\/\\\/cervovolante.com\\\/en\\\/shop\\\/for-women\\\/#organizationLogo\"},\"sameAs\":[\"https:\\\/\\\/www.instagram.com\\\/cervo_volante\\\/\"],\"address\":{\"@id\":\"https:\\\/\\\/cervovolante.com\\\/en\\\/#postaladdress\",\"@type\":\"PostalAddress\",\"streetAddress\":\"Josefstrasse 53,\",\"postalCode\":\"8005\",\"addressLocality\":\"Z\\u00fcrich\",\"addressRegion\":\"Z\\u00fcrich\",\"addressCountry\":\"CH\"}},{\"@type\":\"WebPage\",\"@id\":\"https:\\\/\\\/cervovolante.com\\\/en\\\/shop\\\/for-women\\\/#webpage\",\"url\":\"https:\\\/\\\/cervovolante.com\\\/en\\\/shop\\\/for-women\\\/\",\"name\":\"For women | Cervo Volante\",\"description\":\"We carry an exclusive range of shoes, loden parka and accessories for women.\",\"inLanguage\":\"en-US\",\"isPartOf\":{\"@id\":\"https:\\\/\\\/cervovolante.com\\\/en\\\/#website\"},\"breadcrumb\":{\"@id\":\"https:\\\/\\\/cervovolante.com\\\/en\\\/shop\\\/for-women\\\/#breadcrumblist\"},\"datePublished\":\"2017-09-27T10:53:05+02:00\",\"dateModified\":\"2017-12-05T13:55:26+01:00\"},{\"@type\":\"WebSite\",\"@id\":\"https:\\\/\\\/cervovolante.com\\\/en\\\/#website\",\"url\":\"https:\\\/\\\/cervovolante.com\\\/en\\\/\",\"name\":\"Cervo Volante\",\"description\":\"Ecological welted deer leather shoes and high-quality leather accessories from Switzerland\",\"inLanguage\":\"en-US\",\"publisher\":{\"@id\":\"https:\\\/\\\/cervovolante.com\\\/en\\\/#organization\"}}]}\n\t\t<\/script>\n\t\t<!-- All in One SEO Pro -->\r\n\t\t<title>For women | Cervo Volante<\/title>\n\n","aioseo_head_json":{"title":"For women | Cervo Volante","description":"We carry an exclusive range of shoes, loden parka and accessories for women.","canonical_url":"https:\/\/cervovolante.com\/en\/shop\/for-women\/","robots":"max-image-preview:large","keywords":"leather shoes for women,f\u00fcxin loden parka,samada,m\u00fcstaila,f\u00fcxin,god grisch,pardiel,monteluna,ivraina,val flin planira,garmperfin","webmasterTools":{"google-site-verification":"CrwFTF3YGsPT8sdCxYV-1zyKg_qsZvE_mEO-vvpZgWo","miscellaneous":""},"schema":{"@context":"https:\/\/schema.org","@graph":[{"@type":"BreadcrumbList","@id":"https:\/\/cervovolante.com\/en\/shop\/for-women\/#breadcrumblist","itemListElement":[{"@type":"ListItem","@id":"https:\/\/cervovolante.com\/en\/#listItem","position":1,"name":"Home","item":"https:\/\/cervovolante.com\/en\/","nextItem":{"@type":"ListItem","@id":"https:\/\/cervovolante.com\/en\/shop\/#listItem","name":"Shop"}},{"@type":"ListItem","@id":"https:\/\/cervovolante.com\/en\/shop\/#listItem","position":2,"name":"Shop","item":"https:\/\/cervovolante.com\/en\/shop\/","nextItem":{"@type":"ListItem","@id":"https:\/\/cervovolante.com\/en\/shop\/for-women\/#listItem","name":"for women"},"previousItem":{"@type":"ListItem","@id":"https:\/\/cervovolante.com\/en\/#listItem","name":"Home"}},{"@type":"ListItem","@id":"https:\/\/cervovolante.com\/en\/shop\/for-women\/#listItem","position":3,"name":"for women","previousItem":{"@type":"ListItem","@id":"https:\/\/cervovolante.com\/en\/shop\/#listItem","name":"Shop"}}]},{"@type":"Organization","@id":"https:\/\/cervovolante.com\/en\/#organization","name":"Cervo Volante","description":"Ecological welted deer leather shoes and high-quality leather accessories from Switzerland","url":"https:\/\/cervovolante.com\/en\/","email":"note@cervovolante.com","telephone":"+41782222149","logo":{"@type":"ImageObject","url":"https:\/\/e2dgqt2h67h.exactdn.com\/wp-content\/uploads\/2018\/04\/Cervo-Volante-logo-2.0_POS.png?strip=all","@id":"https:\/\/cervovolante.com\/en\/shop\/for-women\/#organizationLogo","width":850,"height":654},"image":{"@id":"https:\/\/cervovolante.com\/en\/shop\/for-women\/#organizationLogo"},"sameAs":["https:\/\/www.instagram.com\/cervo_volante\/"],"address":{"@id":"https:\/\/cervovolante.com\/en\/#postaladdress","@type":"PostalAddress","streetAddress":"Josefstrasse 53,","postalCode":"8005","addressLocality":"Z\u00fcrich","addressRegion":"Z\u00fcrich","addressCountry":"CH"}},{"@type":"WebPage","@id":"https:\/\/cervovolante.com\/en\/shop\/for-women\/#webpage","url":"https:\/\/cervovolante.com\/en\/shop\/for-women\/","name":"For women | Cervo Volante","description":"We carry an exclusive range of shoes, loden parka and accessories for women.","inLanguage":"en-US","isPartOf":{"@id":"https:\/\/cervovolante.com\/en\/#website"},"breadcrumb":{"@id":"https:\/\/cervovolante.com\/en\/shop\/for-women\/#breadcrumblist"},"datePublished":"2017-09-27T10:53:05+02:00","dateModified":"2017-12-05T13:55:26+01:00"},{"@type":"WebSite","@id":"https:\/\/cervovolante.com\/en\/#website","url":"https:\/\/cervovolante.com\/en\/","name":"Cervo Volante","description":"Ecological welted deer leather shoes and high-quality leather accessories from Switzerland","inLanguage":"en-US","publisher":{"@id":"https:\/\/cervovolante.com\/en\/#organization"}}]},"og:locale":"en_US","og:site_name":"Cervo Volante | Online-Shop f\u00fcr einzigartige, \u00f6kologisch hergestellte Ledermode","og:type":"article","og:title":"For women | Cervo Volante","og:description":"We carry an exclusive range of shoes, loden parka and accessories for women.","og:url":"https:\/\/cervovolante.com\/en\/shop\/for-women\/","article:published_time":"2017-09-27T10:53:05+00:00","article:modified_time":"2017-12-05T13:55:26+00:00","article:publisher":"https:\/\/www.facebook.com\/cervovolantezurich\/","twitter:card":"summary","twitter:title":"For women | Cervo Volante","twitter:description":"We carry an exclusive range of shoes, loden parka and accessories for women."},"aioseo_meta_data":{"post_id":"145","title":"For women | #site_title","description":"We carry an exclusive range of shoes, loden parka and accessories for women.","keywords":[{"label":"leather shoes for women","value":"leather shoes for women"},{"label":"f\u00fcxin loden parka","value":"f\u00fcxin loden parka"},{"label":"samada","value":"samada"},{"label":"m\u00fcstaila","value":"m\u00fcstaila"},{"label":"f\u00fcxin","value":"f\u00fcxin"},{"label":"god grisch","value":"god grisch"},{"label":"pardiel","value":"pardiel"},{"label":"monteluna","value":"monteluna"},{"label":"ivraina","value":"ivraina"},{"label":"val flin planira","value":"val flin planira"},{"label":"garmperfin","value":"garmperfin"}],"keyphrases":null,"primary_term":null,"canonical_url":null,"og_title":null,"og_description":null,"og_object_type":"default","og_image_type":"default","og_image_url":null,"og_image_width":null,"og_image_height":null,"og_image_custom_url":null,"og_image_custom_fields":null,"og_video":null,"og_custom_url":null,"og_article_section":null,"og_article_tags":null,"twitter_use_og":true,"twitter_card":"default","twitter_image_type":"default","twitter_image_url":null,"twitter_image_custom_url":null,"twitter_image_custom_fields":null,"twitter_title":null,"twitter_description":null,"schema":{"blockGraphs":[],"customGraphs":[],"default":{"data":{"Article":[],"Course":[],"Dataset":[],"FAQPage":[],"Movie":[],"Person":[],"Product":[],"ProductReview":[],"Car":[],"Recipe":[],"Service":[],"SoftwareApplication":[],"WebPage":[]},"graphName":"","isEnabled":true},"graphs":[]},"schema_type":null,"schema_type_options":null,"pillar_content":false,"robots_default":true,"robots_noindex":false,"robots_noarchive":false,"robots_nosnippet":false,"robots_nofollow":false,"robots_noimageindex":false,"robots_noodp":false,"robots_notranslate":false,"robots_max_snippet":null,"robots_max_videopreview":null,"robots_max_imagepreview":"none","priority":null,"frequency":null,"local_seo":null,"seo_analyzer_scan_date":"2025-10-13 00:37:02","breadcrumb_settings":null,"limit_modified_date":false,"reviewed_by":null,"open_ai":null,"ai":null,"created":"2020-11-15 13:21:14","updated":"2025-10-13 00:37:02"},"_links":{"self":[{"href":"https:\/\/cervovolante.com\/en\/wp-json\/wp\/v2\/pages\/145","targetHints":{"allow":["GET"]}}],"collection":[{"href":"https:\/\/cervovolante.com\/en\/wp-json\/wp\/v2\/pages"}],"about":[{"href":"https:\/\/cervovolante.com\/en\/wp-json\/wp\/v2\/types\/page"}],"author":[{"embeddable":true,"href":"https:\/\/cervovolante.com\/en\/wp-json\/wp\/v2\/users\/4213"}],"replies":[{"embeddable":true,"href":"https:\/\/cervovolante.com\/en\/wp-json\/wp\/v2\/comments?post=145"}],"version-history":[{"count":0,"href":"https:\/\/cervovolante.com\/en\/wp-json\/wp\/v2\/pages\/145\/revisions"}],"up":[{"embeddable":true,"href":"https:\/\/cervovolante.com\/en\/wp-json\/wp\/v2\/pages\/6"}],"wp:attachment":[{"href":"https:\/\/cervovolante.com\/en\/wp-json\/wp\/v2\/media?parent=145"}],"curies":[{"name":"wp","href":"https:\/\/api.w.org\/{rel}","templated":true}]}}