{"id":14895,"date":"2019-11-19T20:57:43","date_gmt":"2019-11-19T19:57:43","guid":{"rendered":"https:\/\/cervovolante.com\/?post_type=product&#038;p=14895"},"modified":"2023-04-21T19:09:08","modified_gmt":"2023-04-21T17:09:08","slug":"mustaila","status":"publish","type":"product","link":"https:\/\/cervovolante.com\/en\/shop\/last-pieces-en\/mustaila\/","title":{"rendered":"M\u00dcSTAILA"},"content":{"rendered":"<p><span style=\"color: #000000;\">The M\u00dcSTAILA*is a high-quality Cervo Volante lady leather shoe that stands for sustainability and authenticity.<\/span><\/p>\n<p><span style=\"color: #000000;\">Our classic Chelsea with its slim silhouette can be combined casually with jeans or elegantly with a suit or dress. The profiled sole lends a sporty flair and a slip-resistant hold. With round toe, double elastic gusset and leather grip for easy slip-in.<\/span><\/p>\n<p><span style=\"color: #000000;\"><strong>PRODUCTION<br \/>\n<\/strong>The Chelsea boot is manufactured traditionally with the Blake construction. In this stitched technique, the seam runs directly through the sole and insole. Blake is one of the leading manufacturing processes for quality shoes, and allows easy replacement of soles. That way you can enjoy your exclusive Cervo Volante shoe even longer. Thanks to the sewn-on St. Moritz profile sole made of natural rubber, you are absolutely sure-footed, even on wet surfaces.<\/span><\/p>\n<p><span style=\"color: #000000;\"><strong>LEATHER<br \/>\n<\/strong><\/span><\/p>\n<p><span style=\"color: #000000;\">As with all Cervo Volante shoes, the upper leather and inner sole leather, tanned in Switzerland purely using plants, comes from the wild Swiss red deer and has been left completely natural without any surface treatment. Our Chelsea is a sustainable and anti-allergic full leather shoe, whose most elements are made of vegetable tanned leather and natural material such as the hinge spring, which is made of a small, strong piece of beech wood. Only the stretch insert around the calves is made of synthetic material, which is covered with leather.<\/span><\/p>\n<p><span style=\"color: #000000;\"><strong>LEATHER COLOUR<br \/>\n<\/strong>The colours correspond to the natural colouring caused by the tanning process. This model comes in the following colours (as long as available):<\/span><\/p>\n<p><span style=\"color: #000000;\">Dark brown (tanned with VALONEA OAK and dyed with iron oxide)<br \/>\nBlack (tanned with oak and dyed black with charcoal)<\/span><\/p>\n<p><span style=\"color: #000000;\"><em>* M\u00fcstaila is the romanesque name for the nimble weasel (ermine). We have chosen this sounding name because the Chelsea sits sleekly and elegantly and lets a nimble weasel speed through the city. <\/em><\/span><\/p>\n<p><span style=\"color: #000000;\">\u2013 \u2013<\/span><\/p>\n<p class=\"western\" lang=\"en-GB\"><span style=\"color: #000000;\"><a style=\"color: #000000;\" href=\"https:\/\/cervo.wpengine.com\/en\/2017\/12\/18\/pflanzliche-gerbung-ist-nicht-immer-oekologisch-wir-achten-genau-auf-art-und-herkunft-der-pflanzengerbstoffe\/\">100% vegetable tanned leather<\/a><\/span><br \/>\n<span style=\"color: #000000;\"><a style=\"color: #000000;\" href=\"https:\/\/cervo.wpengine.com\/en\/2017\/12\/18\/raw-hide-high-quality-eco-leather-towards-natural-sustainable-tanning-process\/\">from wild red deer<\/a><\/span><br \/>\n<span style=\"color: #000000;\"><a style=\"color: #000000;\" href=\"https:\/\/cervo.wpengine.com\/en\/2017\/12\/18\/der-cervo-volante-rohstoff-und-die-jagd\/\">hunted sustainably in Switzerland<\/a><\/span><br \/>\n<span style=\"color: #000000;\">handmade in Italy by <a style=\"color: #000000;\" href=\"https:\/\/www.silvanosassetti.it\/\">Silvano Sassetti<\/a><\/span><br \/>\n<span style=\"color: #000000;\"><a style=\"color: #000000;\" href=\"https:\/\/www.modelgroup.com\/de\">delivered in an environment-friendly shoebox from MODEL<\/a><br \/>\n<\/span><span style=\"color: #000000;\">For a future beyond 2050<\/span><\/p>\n<p><span style=\"color: #000000;\">\u2013 \u2013<\/span><\/p>\n","protected":false},"excerpt":{"rendered":"<p>Sustainability and authenticity through our classic Chelsea with its slim silhouette.<\/p>\n<p><span style=\"text-decoration: underline;\"><a href=\"https:\/\/cervovolante.com\/size-guide-2\/?lang=en\" target=\"_blank\" rel=\"noopener noreferrer\">Size Guide<\/a><\/span>\u00a0 \u00a0 \u00a0 \u00a0 \u00a0<a href=\"https:\/\/cervovolante.com\/pflege\/?lang=en\" target=\"_blank\" rel=\"noopener noreferrer\"><span style=\"text-decoration: underline;\">Care<\/span><\/a><\/p>\n<p><em>This model is about 3\/4 size larger than usual. We therefore recommend that you choose one size smaller.<\/em><\/p>\n<p>&nbsp;<\/p>\n","protected":false},"featured_media":20225,"comment_status":"open","ping_status":"closed","template":"","meta":{"om_disable_all_campaigns":false,"_monsterinsights_skip_tracking":false,"_monsterinsights_sitenote_active":false,"_monsterinsights_sitenote_note":"","_monsterinsights_sitenote_category":0},"product_brand":[],"product_cat":[746],"product_tag":[493,740,495,742,496,497,741],"class_list":{"0":"post-14895","1":"product","2":"type-product","3":"status-publish","4":"has-post-thumbnail","6":"product_cat-last-pieces-en","7":"product_tag-ankle-boots-en","8":"product_tag-chelsea-en","9":"product_tag-frauen-en","10":"product_tag-leather-boots","11":"product_tag-pflanzlich-gegerbt-en","12":"product_tag-silvano-sassetti-en","13":"product_tag-sustainable-chelsea-en","15":"first","16":"instock","17":"sale","18":"taxable","19":"shipping-taxable","20":"purchasable","21":"product-type-variable","22":"has-default-attributes"},"aioseo_notices":[],"aioseo_head":"\n\t\t<!-- All in One SEO Pro 4.9.6.2 - aioseo.com -->\n\t<meta name=\"description\" content=\"The M\u00dcSTAILA*is a high-quality Cervo Volante lady leather shoe that stands for sustainability and authenticity. Our classic Chelsea with its slim silhouette can be combined casually with jeans or elegantly with a suit or dress. The profiled sole lends a sporty flair and a slip-resistant hold. With round toe, double elastic gusset and leather grip\" \/>\n\t<meta name=\"robots\" content=\"max-image-preview:large\" \/>\n\t<meta name=\"google-site-verification\" content=\"CrwFTF3YGsPT8sdCxYV-1zyKg_qsZvE_mEO-vvpZgWo\" \/>\n\t<link rel=\"canonical\" href=\"https:\/\/cervovolante.com\/en\/shop\/last-pieces-en\/mustaila\/\" \/>\n\t<meta name=\"generator\" content=\"All in One SEO Pro (AIOSEO) 4.9.6.2\" \/>\n\t\t<meta property=\"og:locale\" content=\"en_US\" \/>\n\t\t<meta property=\"og:site_name\" content=\"Cervo Volante | Online-Shop f\u00fcr einzigartige, \u00f6kologisch hergestellte Ledermode\" \/>\n\t\t<meta property=\"og:type\" content=\"article\" \/>\n\t\t<meta property=\"og:title\" content=\"M\u00dcSTAILA | Cervo Volante\" \/>\n\t\t<meta property=\"og:description\" content=\"The M\u00dcSTAILA*is a high-quality Cervo Volante lady leather shoe that stands for sustainability and authenticity. Our classic Chelsea with its slim silhouette can be combined casually with jeans or elegantly with a suit or dress. The profiled sole lends a sporty flair and a slip-resistant hold. With round toe, double elastic gusset and leather grip\" \/>\n\t\t<meta property=\"og:url\" content=\"https:\/\/cervovolante.com\/en\/shop\/last-pieces-en\/mustaila\/\" \/>\n\t\t<meta property=\"og:image\" content=\"https:\/\/cervovolante.com\/wp-content\/uploads\/2019\/11\/CV_M\u00fcsteila_Black-015.jpg\" \/>\n\t\t<meta property=\"og:image:secure_url\" content=\"https:\/\/cervovolante.com\/wp-content\/uploads\/2019\/11\/CV_M\u00fcsteila_Black-015.jpg\" \/>\n\t\t<meta property=\"og:image:width\" content=\"1920\" \/>\n\t\t<meta property=\"og:image:height\" content=\"1440\" \/>\n\t\t<meta property=\"article:published_time\" content=\"2019-11-19T19:57:43+00:00\" \/>\n\t\t<meta property=\"article:modified_time\" content=\"2023-04-21T17:09:08+00:00\" \/>\n\t\t<meta property=\"article:publisher\" content=\"https:\/\/www.facebook.com\/cervovolantezurich\/\" \/>\n\t\t<meta name=\"twitter:card\" content=\"summary\" \/>\n\t\t<meta name=\"twitter:title\" content=\"M\u00dcSTAILA | Cervo Volante\" \/>\n\t\t<meta name=\"twitter:description\" content=\"The M\u00dcSTAILA*is a high-quality Cervo Volante lady leather shoe that stands for sustainability and authenticity. Our classic Chelsea with its slim silhouette can be combined casually with jeans or elegantly with a suit or dress. The profiled sole lends a sporty flair and a slip-resistant hold. With round toe, double elastic gusset and leather grip\" \/>\n\t\t<meta name=\"twitter:image\" content=\"https:\/\/cervovolante.com\/wp-content\/uploads\/2019\/11\/CV_M\u00fcsteila_Black-015.jpg\" \/>\n\t\t<script type=\"application\/ld+json\" class=\"aioseo-schema\">\n\t\t\t{\"@context\":\"https:\\\/\\\/schema.org\",\"@graph\":[{\"@type\":\"BreadcrumbList\",\"@id\":\"https:\\\/\\\/cervovolante.com\\\/en\\\/shop\\\/last-pieces-en\\\/mustaila\\\/#breadcrumblist\",\"itemListElement\":[{\"@type\":\"ListItem\",\"@id\":\"https:\\\/\\\/cervovolante.com\\\/en\\\/#listItem\",\"position\":1,\"name\":\"Home\",\"item\":\"https:\\\/\\\/cervovolante.com\\\/en\\\/\",\"nextItem\":{\"@type\":\"ListItem\",\"@id\":\"https:\\\/\\\/cervovolante.com\\\/en\\\/shop\\\/#listItem\",\"name\":\"Shop\"}},{\"@type\":\"ListItem\",\"@id\":\"https:\\\/\\\/cervovolante.com\\\/en\\\/shop\\\/#listItem\",\"position\":2,\"name\":\"Shop\",\"item\":\"https:\\\/\\\/cervovolante.com\\\/en\\\/shop\\\/\",\"nextItem\":{\"@type\":\"ListItem\",\"@id\":\"https:\\\/\\\/cervovolante.com\\\/en\\\/products\\\/last-pieces-en\\\/#listItem\",\"name\":\"Last pieces\"},\"previousItem\":{\"@type\":\"ListItem\",\"@id\":\"https:\\\/\\\/cervovolante.com\\\/en\\\/#listItem\",\"name\":\"Home\"}},{\"@type\":\"ListItem\",\"@id\":\"https:\\\/\\\/cervovolante.com\\\/en\\\/products\\\/last-pieces-en\\\/#listItem\",\"position\":3,\"name\":\"Last pieces\",\"item\":\"https:\\\/\\\/cervovolante.com\\\/en\\\/products\\\/last-pieces-en\\\/\",\"nextItem\":{\"@type\":\"ListItem\",\"@id\":\"https:\\\/\\\/cervovolante.com\\\/en\\\/shop\\\/last-pieces-en\\\/mustaila\\\/#listItem\",\"name\":\"M\\u00dcSTAILA\"},\"previousItem\":{\"@type\":\"ListItem\",\"@id\":\"https:\\\/\\\/cervovolante.com\\\/en\\\/shop\\\/#listItem\",\"name\":\"Shop\"}},{\"@type\":\"ListItem\",\"@id\":\"https:\\\/\\\/cervovolante.com\\\/en\\\/shop\\\/last-pieces-en\\\/mustaila\\\/#listItem\",\"position\":4,\"name\":\"M\\u00dcSTAILA\",\"previousItem\":{\"@type\":\"ListItem\",\"@id\":\"https:\\\/\\\/cervovolante.com\\\/en\\\/products\\\/last-pieces-en\\\/#listItem\",\"name\":\"Last pieces\"}}]},{\"@type\":\"ItemPage\",\"@id\":\"https:\\\/\\\/cervovolante.com\\\/en\\\/shop\\\/last-pieces-en\\\/mustaila\\\/#itempage\",\"url\":\"https:\\\/\\\/cervovolante.com\\\/en\\\/shop\\\/last-pieces-en\\\/mustaila\\\/\",\"name\":\"M\\u00dcSTAILA | Cervo Volante\",\"description\":\"The M\\u00dcSTAILA*is a high-quality Cervo Volante lady leather shoe that stands for sustainability and authenticity. Our classic Chelsea with its slim silhouette can be combined casually with jeans or elegantly with a suit or dress. The profiled sole lends a sporty flair and a slip-resistant hold. With round toe, double elastic gusset and leather grip\",\"inLanguage\":\"en-US\",\"isPartOf\":{\"@id\":\"https:\\\/\\\/cervovolante.com\\\/en\\\/#website\"},\"breadcrumb\":{\"@id\":\"https:\\\/\\\/cervovolante.com\\\/en\\\/shop\\\/last-pieces-en\\\/mustaila\\\/#breadcrumblist\"},\"image\":{\"@type\":\"ImageObject\",\"url\":\"https:\\\/\\\/e2dgqt2h67h.exactdn.com\\\/wp-content\\\/uploads\\\/2019\\\/11\\\/CV_M\\u00fcsteila_Black-015.jpg?strip=all\",\"@id\":\"https:\\\/\\\/cervovolante.com\\\/en\\\/shop\\\/last-pieces-en\\\/mustaila\\\/#mainImage\",\"width\":1920,\"height\":1440},\"primaryImageOfPage\":{\"@id\":\"https:\\\/\\\/cervovolante.com\\\/en\\\/shop\\\/last-pieces-en\\\/mustaila\\\/#mainImage\"},\"datePublished\":\"2019-11-19T20:57:43+01:00\",\"dateModified\":\"2023-04-21T19:09:08+02:00\"},{\"@type\":\"Organization\",\"@id\":\"https:\\\/\\\/cervovolante.com\\\/en\\\/#organization\",\"name\":\"Cervo Volante\",\"description\":\"Ecological welted deer leather shoes and high-quality leather accessories from Switzerland\",\"url\":\"https:\\\/\\\/cervovolante.com\\\/en\\\/\",\"email\":\"note@cervovolante.com\",\"telephone\":\"+41782222149\",\"logo\":{\"@type\":\"ImageObject\",\"url\":\"https:\\\/\\\/e2dgqt2h67h.exactdn.com\\\/wp-content\\\/uploads\\\/2018\\\/04\\\/Cervo-Volante-logo-2.0_POS.png?strip=all\",\"@id\":\"https:\\\/\\\/cervovolante.com\\\/en\\\/shop\\\/last-pieces-en\\\/mustaila\\\/#organizationLogo\",\"width\":850,\"height\":654},\"image\":{\"@id\":\"https:\\\/\\\/cervovolante.com\\\/en\\\/shop\\\/last-pieces-en\\\/mustaila\\\/#organizationLogo\"},\"sameAs\":[\"https:\\\/\\\/www.instagram.com\\\/cervo_volante\\\/\"],\"address\":{\"@id\":\"https:\\\/\\\/cervovolante.com\\\/en\\\/#postaladdress\",\"@type\":\"PostalAddress\",\"streetAddress\":\"Josefstrasse 53,\",\"postalCode\":\"8005\",\"addressLocality\":\"Z\\u00fcrich\",\"addressRegion\":\"Z\\u00fcrich\",\"addressCountry\":\"CH\"}},{\"@type\":\"WebPage\",\"@id\":\"https:\\\/\\\/cervovolante.com\\\/en\\\/shop\\\/last-pieces-en\\\/mustaila\\\/#webpage\",\"url\":\"https:\\\/\\\/cervovolante.com\\\/en\\\/shop\\\/last-pieces-en\\\/mustaila\\\/\",\"name\":\"M\\u00dcSTAILA | Cervo Volante\",\"description\":\"The M\\u00dcSTAILA*is a high-quality Cervo Volante lady leather shoe that stands for sustainability and authenticity. Our classic Chelsea with its slim silhouette can be combined casually with jeans or elegantly with a suit or dress. The profiled sole lends a sporty flair and a slip-resistant hold. With round toe, double elastic gusset and leather grip\",\"inLanguage\":\"en-US\",\"isPartOf\":{\"@id\":\"https:\\\/\\\/cervovolante.com\\\/en\\\/#website\"},\"breadcrumb\":{\"@id\":\"https:\\\/\\\/cervovolante.com\\\/en\\\/shop\\\/last-pieces-en\\\/mustaila\\\/#breadcrumblist\"},\"image\":{\"@type\":\"ImageObject\",\"url\":\"https:\\\/\\\/e2dgqt2h67h.exactdn.com\\\/wp-content\\\/uploads\\\/2019\\\/11\\\/CV_M\\u00fcsteila_Black-015.jpg?strip=all\",\"@id\":\"https:\\\/\\\/cervovolante.com\\\/en\\\/shop\\\/last-pieces-en\\\/mustaila\\\/#mainImage\",\"width\":1920,\"height\":1440},\"primaryImageOfPage\":{\"@id\":\"https:\\\/\\\/cervovolante.com\\\/en\\\/shop\\\/last-pieces-en\\\/mustaila\\\/#mainImage\"},\"datePublished\":\"2019-11-19T20:57:43+01:00\",\"dateModified\":\"2023-04-21T19:09:08+02:00\"},{\"@type\":\"WebSite\",\"@id\":\"https:\\\/\\\/cervovolante.com\\\/en\\\/#website\",\"url\":\"https:\\\/\\\/cervovolante.com\\\/en\\\/\",\"name\":\"Cervo Volante\",\"description\":\"Ecological welted deer leather shoes and high-quality leather accessories from Switzerland\",\"inLanguage\":\"en-US\",\"publisher\":{\"@id\":\"https:\\\/\\\/cervovolante.com\\\/en\\\/#organization\"}}]}\n\t\t<\/script>\n\t\t<!-- All in One SEO Pro -->\r\n\t\t<title>M\u00dcSTAILA | Cervo Volante<\/title>\n\n","aioseo_head_json":{"title":"M\u00dcSTAILA | Cervo Volante","description":"The M\u00dcSTAILA*is a high-quality Cervo Volante lady leather shoe that stands for sustainability and authenticity. Our classic Chelsea with its slim silhouette can be combined casually with jeans or elegantly with a suit or dress. The profiled sole lends a sporty flair and a slip-resistant hold. With round toe, double elastic gusset and leather grip","canonical_url":"https:\/\/cervovolante.com\/en\/shop\/last-pieces-en\/mustaila\/","robots":"max-image-preview:large","keywords":"","webmasterTools":{"google-site-verification":"CrwFTF3YGsPT8sdCxYV-1zyKg_qsZvE_mEO-vvpZgWo","miscellaneous":""},"schema":{"@context":"https:\/\/schema.org","@graph":[{"@type":"BreadcrumbList","@id":"https:\/\/cervovolante.com\/en\/shop\/last-pieces-en\/mustaila\/#breadcrumblist","itemListElement":[{"@type":"ListItem","@id":"https:\/\/cervovolante.com\/en\/#listItem","position":1,"name":"Home","item":"https:\/\/cervovolante.com\/en\/","nextItem":{"@type":"ListItem","@id":"https:\/\/cervovolante.com\/en\/shop\/#listItem","name":"Shop"}},{"@type":"ListItem","@id":"https:\/\/cervovolante.com\/en\/shop\/#listItem","position":2,"name":"Shop","item":"https:\/\/cervovolante.com\/en\/shop\/","nextItem":{"@type":"ListItem","@id":"https:\/\/cervovolante.com\/en\/products\/last-pieces-en\/#listItem","name":"Last pieces"},"previousItem":{"@type":"ListItem","@id":"https:\/\/cervovolante.com\/en\/#listItem","name":"Home"}},{"@type":"ListItem","@id":"https:\/\/cervovolante.com\/en\/products\/last-pieces-en\/#listItem","position":3,"name":"Last pieces","item":"https:\/\/cervovolante.com\/en\/products\/last-pieces-en\/","nextItem":{"@type":"ListItem","@id":"https:\/\/cervovolante.com\/en\/shop\/last-pieces-en\/mustaila\/#listItem","name":"M\u00dcSTAILA"},"previousItem":{"@type":"ListItem","@id":"https:\/\/cervovolante.com\/en\/shop\/#listItem","name":"Shop"}},{"@type":"ListItem","@id":"https:\/\/cervovolante.com\/en\/shop\/last-pieces-en\/mustaila\/#listItem","position":4,"name":"M\u00dcSTAILA","previousItem":{"@type":"ListItem","@id":"https:\/\/cervovolante.com\/en\/products\/last-pieces-en\/#listItem","name":"Last pieces"}}]},{"@type":"ItemPage","@id":"https:\/\/cervovolante.com\/en\/shop\/last-pieces-en\/mustaila\/#itempage","url":"https:\/\/cervovolante.com\/en\/shop\/last-pieces-en\/mustaila\/","name":"M\u00dcSTAILA | Cervo Volante","description":"The M\u00dcSTAILA*is a high-quality Cervo Volante lady leather shoe that stands for sustainability and authenticity. Our classic Chelsea with its slim silhouette can be combined casually with jeans or elegantly with a suit or dress. The profiled sole lends a sporty flair and a slip-resistant hold. With round toe, double elastic gusset and leather grip","inLanguage":"en-US","isPartOf":{"@id":"https:\/\/cervovolante.com\/en\/#website"},"breadcrumb":{"@id":"https:\/\/cervovolante.com\/en\/shop\/last-pieces-en\/mustaila\/#breadcrumblist"},"image":{"@type":"ImageObject","url":"https:\/\/e2dgqt2h67h.exactdn.com\/wp-content\/uploads\/2019\/11\/CV_M\u00fcsteila_Black-015.jpg?strip=all","@id":"https:\/\/cervovolante.com\/en\/shop\/last-pieces-en\/mustaila\/#mainImage","width":1920,"height":1440},"primaryImageOfPage":{"@id":"https:\/\/cervovolante.com\/en\/shop\/last-pieces-en\/mustaila\/#mainImage"},"datePublished":"2019-11-19T20:57:43+01:00","dateModified":"2023-04-21T19:09:08+02:00"},{"@type":"Organization","@id":"https:\/\/cervovolante.com\/en\/#organization","name":"Cervo Volante","description":"Ecological welted deer leather shoes and high-quality leather accessories from Switzerland","url":"https:\/\/cervovolante.com\/en\/","email":"note@cervovolante.com","telephone":"+41782222149","logo":{"@type":"ImageObject","url":"https:\/\/e2dgqt2h67h.exactdn.com\/wp-content\/uploads\/2018\/04\/Cervo-Volante-logo-2.0_POS.png?strip=all","@id":"https:\/\/cervovolante.com\/en\/shop\/last-pieces-en\/mustaila\/#organizationLogo","width":850,"height":654},"image":{"@id":"https:\/\/cervovolante.com\/en\/shop\/last-pieces-en\/mustaila\/#organizationLogo"},"sameAs":["https:\/\/www.instagram.com\/cervo_volante\/"],"address":{"@id":"https:\/\/cervovolante.com\/en\/#postaladdress","@type":"PostalAddress","streetAddress":"Josefstrasse 53,","postalCode":"8005","addressLocality":"Z\u00fcrich","addressRegion":"Z\u00fcrich","addressCountry":"CH"}},{"@type":"WebPage","@id":"https:\/\/cervovolante.com\/en\/shop\/last-pieces-en\/mustaila\/#webpage","url":"https:\/\/cervovolante.com\/en\/shop\/last-pieces-en\/mustaila\/","name":"M\u00dcSTAILA | Cervo Volante","description":"The M\u00dcSTAILA*is a high-quality Cervo Volante lady leather shoe that stands for sustainability and authenticity. Our classic Chelsea with its slim silhouette can be combined casually with jeans or elegantly with a suit or dress. The profiled sole lends a sporty flair and a slip-resistant hold. With round toe, double elastic gusset and leather grip","inLanguage":"en-US","isPartOf":{"@id":"https:\/\/cervovolante.com\/en\/#website"},"breadcrumb":{"@id":"https:\/\/cervovolante.com\/en\/shop\/last-pieces-en\/mustaila\/#breadcrumblist"},"image":{"@type":"ImageObject","url":"https:\/\/e2dgqt2h67h.exactdn.com\/wp-content\/uploads\/2019\/11\/CV_M\u00fcsteila_Black-015.jpg?strip=all","@id":"https:\/\/cervovolante.com\/en\/shop\/last-pieces-en\/mustaila\/#mainImage","width":1920,"height":1440},"primaryImageOfPage":{"@id":"https:\/\/cervovolante.com\/en\/shop\/last-pieces-en\/mustaila\/#mainImage"},"datePublished":"2019-11-19T20:57:43+01:00","dateModified":"2023-04-21T19:09:08+02:00"},{"@type":"WebSite","@id":"https:\/\/cervovolante.com\/en\/#website","url":"https:\/\/cervovolante.com\/en\/","name":"Cervo Volante","description":"Ecological welted deer leather shoes and high-quality leather accessories from Switzerland","inLanguage":"en-US","publisher":{"@id":"https:\/\/cervovolante.com\/en\/#organization"}}]},"og:locale":"en_US","og:site_name":"Cervo Volante | Online-Shop f\u00fcr einzigartige, \u00f6kologisch hergestellte Ledermode","og:type":"article","og:title":"M\u00dcSTAILA | Cervo Volante","og:description":"The M\u00dcSTAILA*is a high-quality Cervo Volante lady leather shoe that stands for sustainability and authenticity. Our classic Chelsea with its slim silhouette can be combined casually with jeans or elegantly with a suit or dress. The profiled sole lends a sporty flair and a slip-resistant hold. With round toe, double elastic gusset and leather grip","og:url":"https:\/\/cervovolante.com\/en\/shop\/last-pieces-en\/mustaila\/","og:image":"https:\/\/cervovolante.com\/wp-content\/uploads\/2019\/11\/CV_M\u00fcsteila_Black-015.jpg","og:image:secure_url":"https:\/\/cervovolante.com\/wp-content\/uploads\/2019\/11\/CV_M\u00fcsteila_Black-015.jpg","og:image:width":1920,"og:image:height":1440,"article:published_time":"2019-11-19T19:57:43+00:00","article:modified_time":"2023-04-21T17:09:08+00:00","article:publisher":"https:\/\/www.facebook.com\/cervovolantezurich\/","twitter:card":"summary","twitter:title":"M\u00dcSTAILA | Cervo Volante","twitter:description":"The M\u00dcSTAILA*is a high-quality Cervo Volante lady leather shoe that stands for sustainability and authenticity. Our classic Chelsea with its slim silhouette can be combined casually with jeans or elegantly with a suit or dress. The profiled sole lends a sporty flair and a slip-resistant hold. With round toe, double elastic gusset and leather grip","twitter:image":"https:\/\/cervovolante.com\/wp-content\/uploads\/2019\/11\/CV_M\u00fcsteila_Black-015.jpg"},"aioseo_meta_data":{"post_id":"14895","title":null,"description":null,"keywords":[],"keyphrases":{"focus":{"keyphrase":"","score":0,"analysis":{"keyphraseInTitle":{"score":0,"maxScore":9,"error":1}}},"additional":[]},"primary_term":null,"canonical_url":null,"og_title":null,"og_description":null,"og_object_type":"default","og_image_type":"default","og_image_url":null,"og_image_width":null,"og_image_height":null,"og_image_custom_url":null,"og_image_custom_fields":null,"og_video":"","og_custom_url":null,"og_article_section":null,"og_article_tags":[],"twitter_use_og":true,"twitter_card":"default","twitter_image_type":"default","twitter_image_url":null,"twitter_image_custom_url":null,"twitter_image_custom_fields":null,"twitter_title":null,"twitter_description":null,"schema":{"blockGraphs":[],"customGraphs":[],"default":{"data":{"Article":[],"Course":[],"Dataset":[],"FAQPage":[],"Movie":[],"Person":[],"Product":[],"ProductReview":[],"Car":[],"Recipe":[],"Service":[],"SoftwareApplication":[],"WebPage":[]},"graphName":"ItemPage","isEnabled":true},"graphs":[],"defaultGraph":"","defaultPostTypeGraph":""},"schema_type":"none","schema_type_options":"{\"webPage\":{\"webPageType\":\"WebPage\"},\"article\":{\"articleType\":\"BlogPosting\"},\"book\":[],\"course\":[],\"event\":[],\"jobPosting\":[],\"music\":[],\"person\":[],\"product\":[],\"recipe\":[],\"restaurant\":[],\"service\":[],\"software\":[],\"video\":[]}","pillar_content":false,"robots_default":true,"robots_noindex":false,"robots_noarchive":false,"robots_nosnippet":false,"robots_nofollow":false,"robots_noimageindex":false,"robots_noodp":false,"robots_notranslate":false,"robots_max_snippet":"-1","robots_max_videopreview":"-1","robots_max_imagepreview":"none","priority":null,"frequency":"default","local_seo":null,"seo_analyzer_scan_date":"2025-10-13 02:38:55","breadcrumb_settings":null,"limit_modified_date":false,"reviewed_by":null,"open_ai":"{\"title\":{\"suggestions\":[],\"usage\":0},\"description\":{\"suggestions\":[],\"usage\":0}}","ai":null,"created":"2020-11-15 13:21:16","updated":"2025-10-13 02:38:55"},"_links":{"self":[{"href":"https:\/\/cervovolante.com\/en\/wp-json\/wp\/v2\/product\/14895","targetHints":{"allow":["GET"]}}],"collection":[{"href":"https:\/\/cervovolante.com\/en\/wp-json\/wp\/v2\/product"}],"about":[{"href":"https:\/\/cervovolante.com\/en\/wp-json\/wp\/v2\/types\/product"}],"replies":[{"embeddable":true,"href":"https:\/\/cervovolante.com\/en\/wp-json\/wp\/v2\/comments?post=14895"}],"wp:featuredmedia":[{"embeddable":true,"href":"https:\/\/cervovolante.com\/en\/wp-json\/wp\/v2\/media\/20225"}],"wp:attachment":[{"href":"https:\/\/cervovolante.com\/en\/wp-json\/wp\/v2\/media?parent=14895"}],"wp:term":[{"taxonomy":"product_brand","embeddable":true,"href":"https:\/\/cervovolante.com\/en\/wp-json\/wp\/v2\/product_brand?post=14895"},{"taxonomy":"product_cat","embeddable":true,"href":"https:\/\/cervovolante.com\/en\/wp-json\/wp\/v2\/product_cat?post=14895"},{"taxonomy":"product_tag","embeddable":true,"href":"https:\/\/cervovolante.com\/en\/wp-json\/wp\/v2\/product_tag?post=14895"}],"curies":[{"name":"wp","href":"https:\/\/api.w.org\/{rel}","templated":true}]}}