{"id":15789,"date":"2019-11-23T11:49:59","date_gmt":"2019-11-23T10:49:59","guid":{"rendered":"https:\/\/cervovolante.com\/?post_type=product&#038;p=15789"},"modified":"2023-03-14T11:28:45","modified_gmt":"2023-03-14T10:28:45","slug":"tapir-leather-care-oil","status":"publish","type":"product","link":"https:\/\/cervovolante.com\/en\/shop\/care-products\/tapir-leather-care-oil\/","title":{"rendered":"TAPIR leather care oil"},"content":{"rendered":"<p>Leather care is the prerequisite for your Cervo Volante deerskin accessory to remain a favourite piece of leather.* Your accessories need regular care with the care oil. Especially if your bag has been wet or cleaned with a damp cloth, the leather should be given back the lost fat. This maintains its elasticity and lightly impregnates the surface against dirt and moisture.<\/p>\n<p><strong>Application:<\/strong><br \/>\nIf your bag got wet in the rain and small drip marks appeared, you can wet the whole leather with a cotton cloth (wipe it slightly damp), let it dry well and then rub in the care oil lightly. Shake well before use! Massage the Tapir Leather Oil thinly and evenly into the clean leather with a soft cotton cloth, e.g. a worn-out T-shirt. Wipe off excess oil with an absorbent cotton cloth. After a short soaking time, polish with a clean cotton cloth or a fine shining brush. Leathers treated in this way remain supple and soft.<\/p>\n<p>ATTENTION: Light-coloured leathers may darken as a result of the treatment. Therefore, for sensitive types of leather, it is best to try out the effect on a concealed area.<\/p>\n<p><strong>Product properties:<br \/>\n<\/strong>mildly cleansing, slightly greasing and water-repellent<br \/>\nfor leather furniture, leather clothing, leather bags, leather suitcases and similar items<br \/>\nconsistently natural raw materials<br \/>\nNCP certification<\/p>\n<p><strong>CONTENTS:<br \/>\n<\/strong>Castor oil*, rapeseed oil*, natural solvents, vinegar*.<br \/>\n*from controlled organic cultivation<\/p>\n<p>Without petrochemicals, without fragrances.<br \/>\nCertified according to the Nature Care Product Standard.<\/p>\n<p><strong>Volume:<\/strong><br \/>\n200ml bottle<\/p>\n<p><strong>Manufacture:<\/strong><br \/>\nHandmade in the small Tapir Wachswaren Manufaktur in Germany.<\/p>\n","protected":false},"excerpt":{"rendered":"<p><span style=\"color: black;\">Eine konsequent nat\u00fcrliche Lederpflege f\u00fcr Lederm\u00f6bel, Lederbekleidung, Taschen, Koffer und \u00e4hnliches.<\/span><\/p>\n","protected":false},"featured_media":37494,"comment_status":"open","ping_status":"closed","template":"","meta":{"om_disable_all_campaigns":false,"_monsterinsights_skip_tracking":false,"_monsterinsights_sitenote_active":false,"_monsterinsights_sitenote_note":"","_monsterinsights_sitenote_category":0},"product_brand":[],"product_cat":[413],"product_tag":[1297,1298],"class_list":{"0":"post-15789","1":"product","2":"type-product","3":"status-publish","4":"has-post-thumbnail","6":"product_cat-care-products","7":"product_tag-lederpflege-en","8":"product_tag-tapir-en","10":"first","11":"outofstock","12":"taxable","13":"shipping-taxable","14":"purchasable","15":"product-type-simple"},"aioseo_notices":[],"aioseo_head":"\n\t\t<!-- All in One SEO Pro 4.9.6.2 - aioseo.com -->\n\t<meta name=\"description\" content=\"Ledersohle pflanzl. gegerbt mit Korkunterlage\" \/>\n\t<meta name=\"robots\" content=\"max-image-preview:large\" \/>\n\t<meta name=\"google-site-verification\" content=\"CrwFTF3YGsPT8sdCxYV-1zyKg_qsZvE_mEO-vvpZgWo\" \/>\n\t<meta name=\"keywords\" content=\"ledersohle pflanzl. gegerbt mit korkunterlage,\" \/>\n\t<link rel=\"canonical\" href=\"https:\/\/cervovolante.com\/en\/shop\/care-products\/tapir-leather-care-oil\/\" \/>\n\t<meta name=\"generator\" content=\"All in One SEO Pro (AIOSEO) 4.9.6.2\" \/>\n\t\t<meta property=\"og:locale\" content=\"en_US\" \/>\n\t\t<meta property=\"og:site_name\" content=\"Cervo Volante | Online-Shop f\u00fcr einzigartige, \u00f6kologisch hergestellte Ledermode\" \/>\n\t\t<meta property=\"og:type\" content=\"article\" \/>\n\t\t<meta property=\"og:title\" content=\"Sohle Pflege\u00f6l TAPIR\" \/>\n\t\t<meta property=\"og:description\" content=\"Ledersohle pflanzl. gegerbt mit Korkunterlage\" \/>\n\t\t<meta property=\"og:url\" content=\"https:\/\/cervovolante.com\/en\/shop\/care-products\/tapir-leather-care-oil\/\" \/>\n\t\t<meta property=\"og:image\" content=\"https:\/\/cervovolante.com\/wp-content\/uploads\/2019\/11\/lederoel-tapir.jpg\" \/>\n\t\t<meta property=\"og:image:secure_url\" content=\"https:\/\/cervovolante.com\/wp-content\/uploads\/2019\/11\/lederoel-tapir.jpg\" \/>\n\t\t<meta property=\"og:image:width\" content=\"1500\" \/>\n\t\t<meta property=\"og:image:height\" content=\"1000\" \/>\n\t\t<meta property=\"article:published_time\" content=\"2019-11-23T10:49:59+00:00\" \/>\n\t\t<meta property=\"article:modified_time\" content=\"2023-03-14T10:28:45+00:00\" \/>\n\t\t<meta property=\"article:publisher\" content=\"https:\/\/www.facebook.com\/cervovolantezurich\/\" \/>\n\t\t<meta name=\"twitter:card\" content=\"summary\" \/>\n\t\t<meta name=\"twitter:title\" content=\"Sohle Pflege\u00f6l TAPIR\" \/>\n\t\t<meta name=\"twitter:description\" content=\"Ledersohle pflanzl. gegerbt mit Korkunterlage\" \/>\n\t\t<meta name=\"twitter:image\" content=\"https:\/\/cervovolante.com\/wp-content\/uploads\/2019\/11\/lederoel-tapir.jpg\" \/>\n\t\t<script type=\"application\/ld+json\" class=\"aioseo-schema\">\n\t\t\t{\"@context\":\"https:\\\/\\\/schema.org\",\"@graph\":[{\"@type\":\"BreadcrumbList\",\"@id\":\"https:\\\/\\\/cervovolante.com\\\/en\\\/shop\\\/care-products\\\/tapir-leather-care-oil\\\/#breadcrumblist\",\"itemListElement\":[{\"@type\":\"ListItem\",\"@id\":\"https:\\\/\\\/cervovolante.com\\\/en\\\/#listItem\",\"position\":1,\"name\":\"Home\",\"item\":\"https:\\\/\\\/cervovolante.com\\\/en\\\/\",\"nextItem\":{\"@type\":\"ListItem\",\"@id\":\"https:\\\/\\\/cervovolante.com\\\/en\\\/shop\\\/#listItem\",\"name\":\"Shop\"}},{\"@type\":\"ListItem\",\"@id\":\"https:\\\/\\\/cervovolante.com\\\/en\\\/shop\\\/#listItem\",\"position\":2,\"name\":\"Shop\",\"item\":\"https:\\\/\\\/cervovolante.com\\\/en\\\/shop\\\/\",\"nextItem\":{\"@type\":\"ListItem\",\"@id\":\"https:\\\/\\\/cervovolante.com\\\/en\\\/products\\\/care-products\\\/#listItem\",\"name\":\"Care products\"},\"previousItem\":{\"@type\":\"ListItem\",\"@id\":\"https:\\\/\\\/cervovolante.com\\\/en\\\/#listItem\",\"name\":\"Home\"}},{\"@type\":\"ListItem\",\"@id\":\"https:\\\/\\\/cervovolante.com\\\/en\\\/products\\\/care-products\\\/#listItem\",\"position\":3,\"name\":\"Care products\",\"item\":\"https:\\\/\\\/cervovolante.com\\\/en\\\/products\\\/care-products\\\/\",\"nextItem\":{\"@type\":\"ListItem\",\"@id\":\"https:\\\/\\\/cervovolante.com\\\/en\\\/shop\\\/care-products\\\/tapir-leather-care-oil\\\/#listItem\",\"name\":\"TAPIR leather care oil\"},\"previousItem\":{\"@type\":\"ListItem\",\"@id\":\"https:\\\/\\\/cervovolante.com\\\/en\\\/shop\\\/#listItem\",\"name\":\"Shop\"}},{\"@type\":\"ListItem\",\"@id\":\"https:\\\/\\\/cervovolante.com\\\/en\\\/shop\\\/care-products\\\/tapir-leather-care-oil\\\/#listItem\",\"position\":4,\"name\":\"TAPIR leather care oil\",\"previousItem\":{\"@type\":\"ListItem\",\"@id\":\"https:\\\/\\\/cervovolante.com\\\/en\\\/products\\\/care-products\\\/#listItem\",\"name\":\"Care products\"}}]},{\"@type\":\"ItemPage\",\"@id\":\"https:\\\/\\\/cervovolante.com\\\/en\\\/shop\\\/care-products\\\/tapir-leather-care-oil\\\/#itempage\",\"url\":\"https:\\\/\\\/cervovolante.com\\\/en\\\/shop\\\/care-products\\\/tapir-leather-care-oil\\\/\",\"name\":\"Sohle Pflege\\u00f6l TAPIR\",\"description\":\"Ledersohle pflanzl. gegerbt mit Korkunterlage\",\"inLanguage\":\"en-US\",\"isPartOf\":{\"@id\":\"https:\\\/\\\/cervovolante.com\\\/en\\\/#website\"},\"breadcrumb\":{\"@id\":\"https:\\\/\\\/cervovolante.com\\\/en\\\/shop\\\/care-products\\\/tapir-leather-care-oil\\\/#breadcrumblist\"},\"image\":{\"@type\":\"ImageObject\",\"url\":\"https:\\\/\\\/e2dgqt2h67h.exactdn.com\\\/wp-content\\\/uploads\\\/2019\\\/11\\\/lederoel-tapir.jpg?strip=all\",\"@id\":\"https:\\\/\\\/cervovolante.com\\\/en\\\/shop\\\/care-products\\\/tapir-leather-care-oil\\\/#mainImage\",\"width\":1500,\"height\":1000},\"primaryImageOfPage\":{\"@id\":\"https:\\\/\\\/cervovolante.com\\\/en\\\/shop\\\/care-products\\\/tapir-leather-care-oil\\\/#mainImage\"},\"datePublished\":\"2019-11-23T11:49:59+01:00\",\"dateModified\":\"2023-03-14T11:28:45+01:00\"},{\"@type\":\"Organization\",\"@id\":\"https:\\\/\\\/cervovolante.com\\\/en\\\/#organization\",\"name\":\"Cervo Volante\",\"description\":\"Ecological welted deer leather shoes and high-quality leather accessories from Switzerland\",\"url\":\"https:\\\/\\\/cervovolante.com\\\/en\\\/\",\"email\":\"note@cervovolante.com\",\"telephone\":\"+41782222149\",\"logo\":{\"@type\":\"ImageObject\",\"url\":\"https:\\\/\\\/e2dgqt2h67h.exactdn.com\\\/wp-content\\\/uploads\\\/2018\\\/04\\\/Cervo-Volante-logo-2.0_POS.png?strip=all\",\"@id\":\"https:\\\/\\\/cervovolante.com\\\/en\\\/shop\\\/care-products\\\/tapir-leather-care-oil\\\/#organizationLogo\",\"width\":850,\"height\":654},\"image\":{\"@id\":\"https:\\\/\\\/cervovolante.com\\\/en\\\/shop\\\/care-products\\\/tapir-leather-care-oil\\\/#organizationLogo\"},\"sameAs\":[\"https:\\\/\\\/www.instagram.com\\\/cervo_volante\\\/\"],\"address\":{\"@id\":\"https:\\\/\\\/cervovolante.com\\\/en\\\/#postaladdress\",\"@type\":\"PostalAddress\",\"streetAddress\":\"Josefstrasse 53,\",\"postalCode\":\"8005\",\"addressLocality\":\"Z\\u00fcrich\",\"addressRegion\":\"Z\\u00fcrich\",\"addressCountry\":\"CH\"}},{\"@type\":\"WebPage\",\"@id\":\"https:\\\/\\\/cervovolante.com\\\/en\\\/shop\\\/care-products\\\/tapir-leather-care-oil\\\/#webpage\",\"url\":\"https:\\\/\\\/cervovolante.com\\\/en\\\/shop\\\/care-products\\\/tapir-leather-care-oil\\\/\",\"name\":\"Sohle Pflege\\u00f6l TAPIR\",\"description\":\"Ledersohle pflanzl. gegerbt mit Korkunterlage\",\"inLanguage\":\"en-US\",\"isPartOf\":{\"@id\":\"https:\\\/\\\/cervovolante.com\\\/en\\\/#website\"},\"breadcrumb\":{\"@id\":\"https:\\\/\\\/cervovolante.com\\\/en\\\/shop\\\/care-products\\\/tapir-leather-care-oil\\\/#breadcrumblist\"},\"image\":{\"@type\":\"ImageObject\",\"url\":\"https:\\\/\\\/e2dgqt2h67h.exactdn.com\\\/wp-content\\\/uploads\\\/2019\\\/11\\\/lederoel-tapir.jpg?strip=all\",\"@id\":\"https:\\\/\\\/cervovolante.com\\\/en\\\/shop\\\/care-products\\\/tapir-leather-care-oil\\\/#mainImage\",\"width\":1500,\"height\":1000},\"primaryImageOfPage\":{\"@id\":\"https:\\\/\\\/cervovolante.com\\\/en\\\/shop\\\/care-products\\\/tapir-leather-care-oil\\\/#mainImage\"},\"datePublished\":\"2019-11-23T11:49:59+01:00\",\"dateModified\":\"2023-03-14T11:28:45+01:00\"},{\"@type\":\"WebSite\",\"@id\":\"https:\\\/\\\/cervovolante.com\\\/en\\\/#website\",\"url\":\"https:\\\/\\\/cervovolante.com\\\/en\\\/\",\"name\":\"Cervo Volante\",\"description\":\"Ecological welted deer leather shoes and high-quality leather accessories from Switzerland\",\"inLanguage\":\"en-US\",\"publisher\":{\"@id\":\"https:\\\/\\\/cervovolante.com\\\/en\\\/#organization\"}}]}\n\t\t<\/script>\n\t\t<!-- All in One SEO Pro -->\r\n\t\t<title>Sohle Pflege\u00f6l TAPIR<\/title>\n\n","aioseo_head_json":{"title":"Sohle Pflege\u00f6l TAPIR","description":"Ledersohle pflanzl. gegerbt mit Korkunterlage","canonical_url":"https:\/\/cervovolante.com\/en\/shop\/care-products\/tapir-leather-care-oil\/","robots":"max-image-preview:large","keywords":"ledersohle pflanzl. gegerbt mit korkunterlage,","webmasterTools":{"google-site-verification":"CrwFTF3YGsPT8sdCxYV-1zyKg_qsZvE_mEO-vvpZgWo","miscellaneous":""},"schema":{"@context":"https:\/\/schema.org","@graph":[{"@type":"BreadcrumbList","@id":"https:\/\/cervovolante.com\/en\/shop\/care-products\/tapir-leather-care-oil\/#breadcrumblist","itemListElement":[{"@type":"ListItem","@id":"https:\/\/cervovolante.com\/en\/#listItem","position":1,"name":"Home","item":"https:\/\/cervovolante.com\/en\/","nextItem":{"@type":"ListItem","@id":"https:\/\/cervovolante.com\/en\/shop\/#listItem","name":"Shop"}},{"@type":"ListItem","@id":"https:\/\/cervovolante.com\/en\/shop\/#listItem","position":2,"name":"Shop","item":"https:\/\/cervovolante.com\/en\/shop\/","nextItem":{"@type":"ListItem","@id":"https:\/\/cervovolante.com\/en\/products\/care-products\/#listItem","name":"Care products"},"previousItem":{"@type":"ListItem","@id":"https:\/\/cervovolante.com\/en\/#listItem","name":"Home"}},{"@type":"ListItem","@id":"https:\/\/cervovolante.com\/en\/products\/care-products\/#listItem","position":3,"name":"Care products","item":"https:\/\/cervovolante.com\/en\/products\/care-products\/","nextItem":{"@type":"ListItem","@id":"https:\/\/cervovolante.com\/en\/shop\/care-products\/tapir-leather-care-oil\/#listItem","name":"TAPIR leather care oil"},"previousItem":{"@type":"ListItem","@id":"https:\/\/cervovolante.com\/en\/shop\/#listItem","name":"Shop"}},{"@type":"ListItem","@id":"https:\/\/cervovolante.com\/en\/shop\/care-products\/tapir-leather-care-oil\/#listItem","position":4,"name":"TAPIR leather care oil","previousItem":{"@type":"ListItem","@id":"https:\/\/cervovolante.com\/en\/products\/care-products\/#listItem","name":"Care products"}}]},{"@type":"ItemPage","@id":"https:\/\/cervovolante.com\/en\/shop\/care-products\/tapir-leather-care-oil\/#itempage","url":"https:\/\/cervovolante.com\/en\/shop\/care-products\/tapir-leather-care-oil\/","name":"Sohle Pflege\u00f6l TAPIR","description":"Ledersohle pflanzl. gegerbt mit Korkunterlage","inLanguage":"en-US","isPartOf":{"@id":"https:\/\/cervovolante.com\/en\/#website"},"breadcrumb":{"@id":"https:\/\/cervovolante.com\/en\/shop\/care-products\/tapir-leather-care-oil\/#breadcrumblist"},"image":{"@type":"ImageObject","url":"https:\/\/e2dgqt2h67h.exactdn.com\/wp-content\/uploads\/2019\/11\/lederoel-tapir.jpg?strip=all","@id":"https:\/\/cervovolante.com\/en\/shop\/care-products\/tapir-leather-care-oil\/#mainImage","width":1500,"height":1000},"primaryImageOfPage":{"@id":"https:\/\/cervovolante.com\/en\/shop\/care-products\/tapir-leather-care-oil\/#mainImage"},"datePublished":"2019-11-23T11:49:59+01:00","dateModified":"2023-03-14T11:28:45+01:00"},{"@type":"Organization","@id":"https:\/\/cervovolante.com\/en\/#organization","name":"Cervo Volante","description":"Ecological welted deer leather shoes and high-quality leather accessories from Switzerland","url":"https:\/\/cervovolante.com\/en\/","email":"note@cervovolante.com","telephone":"+41782222149","logo":{"@type":"ImageObject","url":"https:\/\/e2dgqt2h67h.exactdn.com\/wp-content\/uploads\/2018\/04\/Cervo-Volante-logo-2.0_POS.png?strip=all","@id":"https:\/\/cervovolante.com\/en\/shop\/care-products\/tapir-leather-care-oil\/#organizationLogo","width":850,"height":654},"image":{"@id":"https:\/\/cervovolante.com\/en\/shop\/care-products\/tapir-leather-care-oil\/#organizationLogo"},"sameAs":["https:\/\/www.instagram.com\/cervo_volante\/"],"address":{"@id":"https:\/\/cervovolante.com\/en\/#postaladdress","@type":"PostalAddress","streetAddress":"Josefstrasse 53,","postalCode":"8005","addressLocality":"Z\u00fcrich","addressRegion":"Z\u00fcrich","addressCountry":"CH"}},{"@type":"WebPage","@id":"https:\/\/cervovolante.com\/en\/shop\/care-products\/tapir-leather-care-oil\/#webpage","url":"https:\/\/cervovolante.com\/en\/shop\/care-products\/tapir-leather-care-oil\/","name":"Sohle Pflege\u00f6l TAPIR","description":"Ledersohle pflanzl. gegerbt mit Korkunterlage","inLanguage":"en-US","isPartOf":{"@id":"https:\/\/cervovolante.com\/en\/#website"},"breadcrumb":{"@id":"https:\/\/cervovolante.com\/en\/shop\/care-products\/tapir-leather-care-oil\/#breadcrumblist"},"image":{"@type":"ImageObject","url":"https:\/\/e2dgqt2h67h.exactdn.com\/wp-content\/uploads\/2019\/11\/lederoel-tapir.jpg?strip=all","@id":"https:\/\/cervovolante.com\/en\/shop\/care-products\/tapir-leather-care-oil\/#mainImage","width":1500,"height":1000},"primaryImageOfPage":{"@id":"https:\/\/cervovolante.com\/en\/shop\/care-products\/tapir-leather-care-oil\/#mainImage"},"datePublished":"2019-11-23T11:49:59+01:00","dateModified":"2023-03-14T11:28:45+01:00"},{"@type":"WebSite","@id":"https:\/\/cervovolante.com\/en\/#website","url":"https:\/\/cervovolante.com\/en\/","name":"Cervo Volante","description":"Ecological welted deer leather shoes and high-quality leather accessories from Switzerland","inLanguage":"en-US","publisher":{"@id":"https:\/\/cervovolante.com\/en\/#organization"}}]},"og:locale":"en_US","og:site_name":"Cervo Volante | Online-Shop f\u00fcr einzigartige, \u00f6kologisch hergestellte Ledermode","og:type":"article","og:title":"Sohle Pflege\u00f6l TAPIR","og:description":"Ledersohle pflanzl. gegerbt mit Korkunterlage","og:url":"https:\/\/cervovolante.com\/en\/shop\/care-products\/tapir-leather-care-oil\/","og:image":"https:\/\/cervovolante.com\/wp-content\/uploads\/2019\/11\/lederoel-tapir.jpg","og:image:secure_url":"https:\/\/cervovolante.com\/wp-content\/uploads\/2019\/11\/lederoel-tapir.jpg","og:image:width":1500,"og:image:height":1000,"article:published_time":"2019-11-23T10:49:59+00:00","article:modified_time":"2023-03-14T10:28:45+00:00","article:publisher":"https:\/\/www.facebook.com\/cervovolantezurich\/","twitter:card":"summary","twitter:title":"Sohle Pflege\u00f6l TAPIR","twitter:description":"Ledersohle pflanzl. gegerbt mit Korkunterlage","twitter:image":"https:\/\/cervovolante.com\/wp-content\/uploads\/2019\/11\/lederoel-tapir.jpg"},"aioseo_meta_data":{"post_id":"15789","title":"Sohle Pflege\u00f6l TAPIR","description":"Ledersohle pflanzl. gegerbt mit Korkunterlage","keywords":[{"label":"Ledersohle pflanzl. gegerbt mit Korkunterlage,","value":"Ledersohle pflanzl. gegerbt mit Korkunterlage,"}],"keyphrases":{"focus":{"keyphrase":"","score":0,"analysis":{"keyphraseInTitle":{"score":0,"maxScore":9,"error":1}}},"additional":[]},"primary_term":null,"canonical_url":null,"og_title":null,"og_description":null,"og_object_type":"default","og_image_type":"default","og_image_url":null,"og_image_width":null,"og_image_height":null,"og_image_custom_url":null,"og_image_custom_fields":null,"og_video":"","og_custom_url":null,"og_article_section":null,"og_article_tags":[],"twitter_use_og":true,"twitter_card":"default","twitter_image_type":"default","twitter_image_url":null,"twitter_image_custom_url":null,"twitter_image_custom_fields":null,"twitter_title":null,"twitter_description":null,"schema":{"blockGraphs":[],"customGraphs":[],"default":{"data":{"Article":[],"Course":[],"Dataset":[],"FAQPage":[],"Movie":[],"Person":[],"Product":[],"ProductReview":[],"Car":[],"Recipe":[],"Service":[],"SoftwareApplication":[],"WebPage":[]},"graphName":"ItemPage","isEnabled":true},"graphs":[]},"schema_type":"default","schema_type_options":"{\"article\":{\"articleType\":\"BlogPosting\"},\"course\":{\"name\":\"\",\"description\":\"\",\"provider\":\"\"},\"faq\":{\"pages\":[]},\"product\":{\"reviews\":[]},\"recipe\":{\"ingredients\":[],\"instructions\":[],\"keywords\":[]},\"software\":{\"reviews\":[],\"operatingSystems\":[]},\"webPage\":{\"webPageType\":\"WebPage\"}}","pillar_content":false,"robots_default":true,"robots_noindex":false,"robots_noarchive":false,"robots_nosnippet":false,"robots_nofollow":false,"robots_noimageindex":false,"robots_noodp":false,"robots_notranslate":false,"robots_max_snippet":"-1","robots_max_videopreview":"-1","robots_max_imagepreview":"none","priority":null,"frequency":"default","local_seo":null,"seo_analyzer_scan_date":"2025-10-13 02:48:12","breadcrumb_settings":null,"limit_modified_date":false,"reviewed_by":null,"open_ai":"{\"title\":{\"suggestions\":[],\"usage\":0},\"description\":{\"suggestions\":[],\"usage\":0}}","ai":null,"created":"2020-11-15 13:21:17","updated":"2025-10-13 02:48:12"},"_links":{"self":[{"href":"https:\/\/cervovolante.com\/en\/wp-json\/wp\/v2\/product\/15789","targetHints":{"allow":["GET"]}}],"collection":[{"href":"https:\/\/cervovolante.com\/en\/wp-json\/wp\/v2\/product"}],"about":[{"href":"https:\/\/cervovolante.com\/en\/wp-json\/wp\/v2\/types\/product"}],"replies":[{"embeddable":true,"href":"https:\/\/cervovolante.com\/en\/wp-json\/wp\/v2\/comments?post=15789"}],"wp:featuredmedia":[{"embeddable":true,"href":"https:\/\/cervovolante.com\/en\/wp-json\/wp\/v2\/media\/37494"}],"wp:attachment":[{"href":"https:\/\/cervovolante.com\/en\/wp-json\/wp\/v2\/media?parent=15789"}],"wp:term":[{"taxonomy":"product_brand","embeddable":true,"href":"https:\/\/cervovolante.com\/en\/wp-json\/wp\/v2\/product_brand?post=15789"},{"taxonomy":"product_cat","embeddable":true,"href":"https:\/\/cervovolante.com\/en\/wp-json\/wp\/v2\/product_cat?post=15789"},{"taxonomy":"product_tag","embeddable":true,"href":"https:\/\/cervovolante.com\/en\/wp-json\/wp\/v2\/product_tag?post=15789"}],"curies":[{"name":"wp","href":"https:\/\/api.w.org\/{rel}","templated":true}]}}