{"id":34508,"date":"2021-01-22T13:25:00","date_gmt":"2021-01-22T12:25:00","guid":{"rendered":"https:\/\/cervovolante.com\/shop\/uncategorized\/maus-pad\/"},"modified":"2025-11-02T07:57:44","modified_gmt":"2025-11-02T06:57:44","slug":"mouse-pad-en","status":"publish","type":"product","link":"https:\/\/cervovolante.com\/en\/shop\/last-pieces-en\/mouse-pad-en\/","title":{"rendered":"Mousepad M\u00dcRINA"},"content":{"rendered":"<p>Puristic, practical and beautifully wild: a mouse pad for your workplace made of 100% chrome-free vegetable tanned Swiss deer leather.<\/p>\n<p><strong>COLOURS<br \/>\n<\/strong>Cognac (tanned with mimosa and quebracho)<br \/>\nDark brown (tanned with oak, dyed with iron oxide)<br \/>\nBlack (tanned with oak, dyed with charcoal)<\/p>\n<p><strong>LEATHER<\/strong><br \/>\n100% Swiss deer leather from animals that lived in the wild and were hunted there. Scars and scratches on the leather are traces of this wild life and a sign of authenticity and uniqueness. All leathers are tanned in the canton of Bern 100% vegetable, without chrome and without any synthetic pre-tanning agents.<\/p>\n<p><strong>CRAFTS<\/strong><br \/>\nThe mouse mat is cut by hand in Zurich and engraved with a laser.<\/p>\n<p><em>*M\u00dcRINA, in the romanic of lower Engadin it means &#8220;the little mouse&#8221;. The mousemat is not made of mouse leather but of deerskin. The name is a tribute to all mice. Not the computer mice but the real little mice. In Switzerland there are 10 species of shrews, 4 species of dormice (sleepers), 8 species of voles and 7 species of long-tailed mice. We are especially fond of the pretty snow mouse&#8230;<\/em><\/p>\n<p>_ _<\/p>\n<p><a href=\"https:\/\/cervo.wpengine.com\/en\/2017\/12\/18\/pflanzliche-gerbung-ist-nicht-immer-oekologisch-wir-achten-genau-auf-art-und-herkunft-der-pflanzengerbstoffe\/\">100% vegetable tanned leather<\/a><br \/>\n<a href=\"https:\/\/cervo.wpengine.com\/en\/2017\/12\/18\/raw-hide-high-quality-eco-leather-towards-natural-sustainable-tanning-process\/\">from wild red deer<\/a><br \/>\n<a href=\"https:\/\/cervo.wpengine.com\/en\/2017\/12\/18\/der-cervo-volante-rohstoff-und-die-jagd\/\">hunted sustainably in Switzerland<\/a><br \/>\nhandmade in Z\u00fcrich<br \/>\nFor a future beyond 2050<br \/>\n_ _<\/p>\n","protected":false},"excerpt":{"rendered":"<p>Raw, wild, pure nature. Practical for every workplace.<\/p>\n","protected":false},"featured_media":34490,"comment_status":"closed","ping_status":"closed","template":"","meta":{"om_disable_all_campaigns":false,"_monsterinsights_skip_tracking":false,"_monsterinsights_sitenote_active":false,"_monsterinsights_sitenote_note":"","_monsterinsights_sitenote_category":0},"product_brand":[],"product_cat":[746],"product_tag":[1499],"class_list":{"0":"post-34508","1":"product","2":"type-product","3":"status-publish","4":"has-post-thumbnail","6":"product_cat-last-pieces-en","7":"product_tag-office-en","9":"first","10":"instock","11":"sale","12":"taxable","13":"shipping-taxable","14":"purchasable","15":"product-type-variable"},"aioseo_notices":[],"aioseo_head":"\n\t\t<!-- All in One SEO Pro 4.9.6.2 - aioseo.com -->\n\t<meta name=\"description\" content=\"Puristic, practical and beautifully wild: a mouse pad for your workplace made of 100% chrome-free vegetable tanned Swiss deer leather. COLOURS Cognac (tanned with mimosa and quebracho) Dark brown (tanned with oak, dyed with iron oxide) Black (tanned with oak, dyed with charcoal) LEATHER 100% Swiss deer leather from animals that lived in the wild\" \/>\n\t<meta name=\"robots\" content=\"max-image-preview:large\" \/>\n\t<meta name=\"google-site-verification\" content=\"CrwFTF3YGsPT8sdCxYV-1zyKg_qsZvE_mEO-vvpZgWo\" \/>\n\t<link rel=\"canonical\" href=\"https:\/\/cervovolante.com\/en\/shop\/last-pieces-en\/mouse-pad-en\/\" \/>\n\t<meta name=\"generator\" content=\"All in One SEO Pro (AIOSEO) 4.9.6.2\" \/>\n\t\t<meta property=\"og:locale\" content=\"en_US\" \/>\n\t\t<meta property=\"og:site_name\" content=\"Cervo Volante | Online-Shop f\u00fcr einzigartige, \u00f6kologisch hergestellte Ledermode\" \/>\n\t\t<meta property=\"og:type\" content=\"article\" \/>\n\t\t<meta property=\"og:title\" content=\"Mousepad M\u00dcRINA | Cervo Volante\" \/>\n\t\t<meta property=\"og:description\" content=\"Puristic, practical and beautifully wild: a mouse pad for your workplace made of 100% chrome-free vegetable tanned Swiss deer leather. COLOURS Cognac (tanned with mimosa and quebracho) Dark brown (tanned with oak, dyed with iron oxide) Black (tanned with oak, dyed with charcoal) LEATHER 100% Swiss deer leather from animals that lived in the wild\" \/>\n\t\t<meta property=\"og:url\" content=\"https:\/\/cervovolante.com\/en\/shop\/last-pieces-en\/mouse-pad-en\/\" \/>\n\t\t<meta property=\"og:image\" content=\"https:\/\/cervovolante.com\/wp-content\/uploads\/2021\/01\/CervoVolante_black_MAUSMATTEN_FA012021-1WEB.jpg\" \/>\n\t\t<meta property=\"og:image:secure_url\" content=\"https:\/\/cervovolante.com\/wp-content\/uploads\/2021\/01\/CervoVolante_black_MAUSMATTEN_FA012021-1WEB.jpg\" \/>\n\t\t<meta property=\"og:image:width\" content=\"1920\" \/>\n\t\t<meta property=\"og:image:height\" content=\"1280\" \/>\n\t\t<meta property=\"article:published_time\" content=\"2021-01-22T12:25:00+00:00\" \/>\n\t\t<meta property=\"article:modified_time\" content=\"2025-11-02T06:57:44+00:00\" \/>\n\t\t<meta property=\"article:publisher\" content=\"https:\/\/www.facebook.com\/cervovolantezurich\/\" \/>\n\t\t<meta name=\"twitter:card\" content=\"summary\" \/>\n\t\t<meta name=\"twitter:title\" content=\"Mousepad M\u00dcRINA | Cervo Volante\" \/>\n\t\t<meta name=\"twitter:description\" content=\"Puristic, practical and beautifully wild: a mouse pad for your workplace made of 100% chrome-free vegetable tanned Swiss deer leather. COLOURS Cognac (tanned with mimosa and quebracho) Dark brown (tanned with oak, dyed with iron oxide) Black (tanned with oak, dyed with charcoal) LEATHER 100% Swiss deer leather from animals that lived in the wild\" \/>\n\t\t<meta name=\"twitter:image\" content=\"https:\/\/cervovolante.com\/wp-content\/uploads\/2021\/01\/CervoVolante_black_MAUSMATTEN_FA012021-1WEB.jpg\" \/>\n\t\t<script type=\"application\/ld+json\" class=\"aioseo-schema\">\n\t\t\t{\"@context\":\"https:\\\/\\\/schema.org\",\"@graph\":[{\"@type\":\"BreadcrumbList\",\"@id\":\"https:\\\/\\\/cervovolante.com\\\/en\\\/shop\\\/last-pieces-en\\\/mouse-pad-en\\\/#breadcrumblist\",\"itemListElement\":[{\"@type\":\"ListItem\",\"@id\":\"https:\\\/\\\/cervovolante.com\\\/en\\\/#listItem\",\"position\":1,\"name\":\"Home\",\"item\":\"https:\\\/\\\/cervovolante.com\\\/en\\\/\",\"nextItem\":{\"@type\":\"ListItem\",\"@id\":\"https:\\\/\\\/cervovolante.com\\\/en\\\/shop\\\/#listItem\",\"name\":\"Shop\"}},{\"@type\":\"ListItem\",\"@id\":\"https:\\\/\\\/cervovolante.com\\\/en\\\/shop\\\/#listItem\",\"position\":2,\"name\":\"Shop\",\"item\":\"https:\\\/\\\/cervovolante.com\\\/en\\\/shop\\\/\",\"nextItem\":{\"@type\":\"ListItem\",\"@id\":\"https:\\\/\\\/cervovolante.com\\\/en\\\/products\\\/last-pieces-en\\\/#listItem\",\"name\":\"Last pieces\"},\"previousItem\":{\"@type\":\"ListItem\",\"@id\":\"https:\\\/\\\/cervovolante.com\\\/en\\\/#listItem\",\"name\":\"Home\"}},{\"@type\":\"ListItem\",\"@id\":\"https:\\\/\\\/cervovolante.com\\\/en\\\/products\\\/last-pieces-en\\\/#listItem\",\"position\":3,\"name\":\"Last pieces\",\"item\":\"https:\\\/\\\/cervovolante.com\\\/en\\\/products\\\/last-pieces-en\\\/\",\"nextItem\":{\"@type\":\"ListItem\",\"@id\":\"https:\\\/\\\/cervovolante.com\\\/en\\\/shop\\\/last-pieces-en\\\/mouse-pad-en\\\/#listItem\",\"name\":\"Mousepad M\\u00dcRINA\"},\"previousItem\":{\"@type\":\"ListItem\",\"@id\":\"https:\\\/\\\/cervovolante.com\\\/en\\\/shop\\\/#listItem\",\"name\":\"Shop\"}},{\"@type\":\"ListItem\",\"@id\":\"https:\\\/\\\/cervovolante.com\\\/en\\\/shop\\\/last-pieces-en\\\/mouse-pad-en\\\/#listItem\",\"position\":4,\"name\":\"Mousepad M\\u00dcRINA\",\"previousItem\":{\"@type\":\"ListItem\",\"@id\":\"https:\\\/\\\/cervovolante.com\\\/en\\\/products\\\/last-pieces-en\\\/#listItem\",\"name\":\"Last pieces\"}}]},{\"@type\":\"ItemPage\",\"@id\":\"https:\\\/\\\/cervovolante.com\\\/en\\\/shop\\\/last-pieces-en\\\/mouse-pad-en\\\/#itempage\",\"url\":\"https:\\\/\\\/cervovolante.com\\\/en\\\/shop\\\/last-pieces-en\\\/mouse-pad-en\\\/\",\"name\":\"Mousepad M\\u00dcRINA | Cervo Volante\",\"description\":\"Puristic, practical and beautifully wild: a mouse pad for your workplace made of 100% chrome-free vegetable tanned Swiss deer leather. COLOURS Cognac (tanned with mimosa and quebracho) Dark brown (tanned with oak, dyed with iron oxide) Black (tanned with oak, dyed with charcoal) LEATHER 100% Swiss deer leather from animals that lived in the wild\",\"inLanguage\":\"en-US\",\"isPartOf\":{\"@id\":\"https:\\\/\\\/cervovolante.com\\\/en\\\/#website\"},\"breadcrumb\":{\"@id\":\"https:\\\/\\\/cervovolante.com\\\/en\\\/shop\\\/last-pieces-en\\\/mouse-pad-en\\\/#breadcrumblist\"},\"image\":{\"@type\":\"ImageObject\",\"url\":\"https:\\\/\\\/e2dgqt2h67h.exactdn.com\\\/wp-content\\\/uploads\\\/2021\\\/01\\\/CervoVolante_black_MAUSMATTEN_FA012021-1WEB.jpg?strip=all\",\"@id\":\"https:\\\/\\\/cervovolante.com\\\/en\\\/shop\\\/last-pieces-en\\\/mouse-pad-en\\\/#mainImage\",\"width\":1920,\"height\":1280},\"primaryImageOfPage\":{\"@id\":\"https:\\\/\\\/cervovolante.com\\\/en\\\/shop\\\/last-pieces-en\\\/mouse-pad-en\\\/#mainImage\"},\"datePublished\":\"2021-01-22T13:25:00+01:00\",\"dateModified\":\"2025-11-02T07:57:44+01:00\"},{\"@type\":\"Organization\",\"@id\":\"https:\\\/\\\/cervovolante.com\\\/en\\\/#organization\",\"name\":\"Cervo Volante\",\"description\":\"Ecological welted deer leather shoes and high-quality leather accessories from Switzerland\",\"url\":\"https:\\\/\\\/cervovolante.com\\\/en\\\/\",\"email\":\"note@cervovolante.com\",\"telephone\":\"+41782222149\",\"logo\":{\"@type\":\"ImageObject\",\"url\":\"https:\\\/\\\/e2dgqt2h67h.exactdn.com\\\/wp-content\\\/uploads\\\/2018\\\/04\\\/Cervo-Volante-logo-2.0_POS.png?strip=all\",\"@id\":\"https:\\\/\\\/cervovolante.com\\\/en\\\/shop\\\/last-pieces-en\\\/mouse-pad-en\\\/#organizationLogo\",\"width\":850,\"height\":654},\"image\":{\"@id\":\"https:\\\/\\\/cervovolante.com\\\/en\\\/shop\\\/last-pieces-en\\\/mouse-pad-en\\\/#organizationLogo\"},\"sameAs\":[\"https:\\\/\\\/www.instagram.com\\\/cervo_volante\\\/\"],\"address\":{\"@id\":\"https:\\\/\\\/cervovolante.com\\\/en\\\/#postaladdress\",\"@type\":\"PostalAddress\",\"streetAddress\":\"Josefstrasse 53,\",\"postalCode\":\"8005\",\"addressLocality\":\"Z\\u00fcrich\",\"addressRegion\":\"Z\\u00fcrich\",\"addressCountry\":\"CH\"}},{\"@type\":\"WebPage\",\"@id\":\"https:\\\/\\\/cervovolante.com\\\/en\\\/shop\\\/last-pieces-en\\\/mouse-pad-en\\\/#webpage\",\"url\":\"https:\\\/\\\/cervovolante.com\\\/en\\\/shop\\\/last-pieces-en\\\/mouse-pad-en\\\/\",\"name\":\"Mousepad M\\u00dcRINA | Cervo Volante\",\"description\":\"Puristic, practical and beautifully wild: a mouse pad for your workplace made of 100% chrome-free vegetable tanned Swiss deer leather. COLOURS Cognac (tanned with mimosa and quebracho) Dark brown (tanned with oak, dyed with iron oxide) Black (tanned with oak, dyed with charcoal) LEATHER 100% Swiss deer leather from animals that lived in the wild\",\"inLanguage\":\"en-US\",\"isPartOf\":{\"@id\":\"https:\\\/\\\/cervovolante.com\\\/en\\\/#website\"},\"breadcrumb\":{\"@id\":\"https:\\\/\\\/cervovolante.com\\\/en\\\/shop\\\/last-pieces-en\\\/mouse-pad-en\\\/#breadcrumblist\"},\"image\":{\"@type\":\"ImageObject\",\"url\":\"https:\\\/\\\/e2dgqt2h67h.exactdn.com\\\/wp-content\\\/uploads\\\/2021\\\/01\\\/CervoVolante_black_MAUSMATTEN_FA012021-1WEB.jpg?strip=all\",\"@id\":\"https:\\\/\\\/cervovolante.com\\\/en\\\/shop\\\/last-pieces-en\\\/mouse-pad-en\\\/#mainImage\",\"width\":1920,\"height\":1280},\"primaryImageOfPage\":{\"@id\":\"https:\\\/\\\/cervovolante.com\\\/en\\\/shop\\\/last-pieces-en\\\/mouse-pad-en\\\/#mainImage\"},\"datePublished\":\"2021-01-22T13:25:00+01:00\",\"dateModified\":\"2025-11-02T07:57:44+01:00\"},{\"@type\":\"WebSite\",\"@id\":\"https:\\\/\\\/cervovolante.com\\\/en\\\/#website\",\"url\":\"https:\\\/\\\/cervovolante.com\\\/en\\\/\",\"name\":\"Cervo Volante\",\"description\":\"Ecological welted deer leather shoes and high-quality leather accessories from Switzerland\",\"inLanguage\":\"en-US\",\"publisher\":{\"@id\":\"https:\\\/\\\/cervovolante.com\\\/en\\\/#organization\"}}]}\n\t\t<\/script>\n\t\t<!-- All in One SEO Pro -->\r\n\t\t<title>Mousepad M\u00dcRINA | Cervo Volante<\/title>\n\n","aioseo_head_json":{"title":"Mousepad M\u00dcRINA | Cervo Volante","description":"Puristic, practical and beautifully wild: a mouse pad for your workplace made of 100% chrome-free vegetable tanned Swiss deer leather. COLOURS Cognac (tanned with mimosa and quebracho) Dark brown (tanned with oak, dyed with iron oxide) Black (tanned with oak, dyed with charcoal) LEATHER 100% Swiss deer leather from animals that lived in the wild","canonical_url":"https:\/\/cervovolante.com\/en\/shop\/last-pieces-en\/mouse-pad-en\/","robots":"max-image-preview:large","keywords":"","webmasterTools":{"google-site-verification":"CrwFTF3YGsPT8sdCxYV-1zyKg_qsZvE_mEO-vvpZgWo","miscellaneous":""},"schema":{"@context":"https:\/\/schema.org","@graph":[{"@type":"BreadcrumbList","@id":"https:\/\/cervovolante.com\/en\/shop\/last-pieces-en\/mouse-pad-en\/#breadcrumblist","itemListElement":[{"@type":"ListItem","@id":"https:\/\/cervovolante.com\/en\/#listItem","position":1,"name":"Home","item":"https:\/\/cervovolante.com\/en\/","nextItem":{"@type":"ListItem","@id":"https:\/\/cervovolante.com\/en\/shop\/#listItem","name":"Shop"}},{"@type":"ListItem","@id":"https:\/\/cervovolante.com\/en\/shop\/#listItem","position":2,"name":"Shop","item":"https:\/\/cervovolante.com\/en\/shop\/","nextItem":{"@type":"ListItem","@id":"https:\/\/cervovolante.com\/en\/products\/last-pieces-en\/#listItem","name":"Last pieces"},"previousItem":{"@type":"ListItem","@id":"https:\/\/cervovolante.com\/en\/#listItem","name":"Home"}},{"@type":"ListItem","@id":"https:\/\/cervovolante.com\/en\/products\/last-pieces-en\/#listItem","position":3,"name":"Last pieces","item":"https:\/\/cervovolante.com\/en\/products\/last-pieces-en\/","nextItem":{"@type":"ListItem","@id":"https:\/\/cervovolante.com\/en\/shop\/last-pieces-en\/mouse-pad-en\/#listItem","name":"Mousepad M\u00dcRINA"},"previousItem":{"@type":"ListItem","@id":"https:\/\/cervovolante.com\/en\/shop\/#listItem","name":"Shop"}},{"@type":"ListItem","@id":"https:\/\/cervovolante.com\/en\/shop\/last-pieces-en\/mouse-pad-en\/#listItem","position":4,"name":"Mousepad M\u00dcRINA","previousItem":{"@type":"ListItem","@id":"https:\/\/cervovolante.com\/en\/products\/last-pieces-en\/#listItem","name":"Last pieces"}}]},{"@type":"ItemPage","@id":"https:\/\/cervovolante.com\/en\/shop\/last-pieces-en\/mouse-pad-en\/#itempage","url":"https:\/\/cervovolante.com\/en\/shop\/last-pieces-en\/mouse-pad-en\/","name":"Mousepad M\u00dcRINA | Cervo Volante","description":"Puristic, practical and beautifully wild: a mouse pad for your workplace made of 100% chrome-free vegetable tanned Swiss deer leather. COLOURS Cognac (tanned with mimosa and quebracho) Dark brown (tanned with oak, dyed with iron oxide) Black (tanned with oak, dyed with charcoal) LEATHER 100% Swiss deer leather from animals that lived in the wild","inLanguage":"en-US","isPartOf":{"@id":"https:\/\/cervovolante.com\/en\/#website"},"breadcrumb":{"@id":"https:\/\/cervovolante.com\/en\/shop\/last-pieces-en\/mouse-pad-en\/#breadcrumblist"},"image":{"@type":"ImageObject","url":"https:\/\/e2dgqt2h67h.exactdn.com\/wp-content\/uploads\/2021\/01\/CervoVolante_black_MAUSMATTEN_FA012021-1WEB.jpg?strip=all","@id":"https:\/\/cervovolante.com\/en\/shop\/last-pieces-en\/mouse-pad-en\/#mainImage","width":1920,"height":1280},"primaryImageOfPage":{"@id":"https:\/\/cervovolante.com\/en\/shop\/last-pieces-en\/mouse-pad-en\/#mainImage"},"datePublished":"2021-01-22T13:25:00+01:00","dateModified":"2025-11-02T07:57:44+01:00"},{"@type":"Organization","@id":"https:\/\/cervovolante.com\/en\/#organization","name":"Cervo Volante","description":"Ecological welted deer leather shoes and high-quality leather accessories from Switzerland","url":"https:\/\/cervovolante.com\/en\/","email":"note@cervovolante.com","telephone":"+41782222149","logo":{"@type":"ImageObject","url":"https:\/\/e2dgqt2h67h.exactdn.com\/wp-content\/uploads\/2018\/04\/Cervo-Volante-logo-2.0_POS.png?strip=all","@id":"https:\/\/cervovolante.com\/en\/shop\/last-pieces-en\/mouse-pad-en\/#organizationLogo","width":850,"height":654},"image":{"@id":"https:\/\/cervovolante.com\/en\/shop\/last-pieces-en\/mouse-pad-en\/#organizationLogo"},"sameAs":["https:\/\/www.instagram.com\/cervo_volante\/"],"address":{"@id":"https:\/\/cervovolante.com\/en\/#postaladdress","@type":"PostalAddress","streetAddress":"Josefstrasse 53,","postalCode":"8005","addressLocality":"Z\u00fcrich","addressRegion":"Z\u00fcrich","addressCountry":"CH"}},{"@type":"WebPage","@id":"https:\/\/cervovolante.com\/en\/shop\/last-pieces-en\/mouse-pad-en\/#webpage","url":"https:\/\/cervovolante.com\/en\/shop\/last-pieces-en\/mouse-pad-en\/","name":"Mousepad M\u00dcRINA | Cervo Volante","description":"Puristic, practical and beautifully wild: a mouse pad for your workplace made of 100% chrome-free vegetable tanned Swiss deer leather. COLOURS Cognac (tanned with mimosa and quebracho) Dark brown (tanned with oak, dyed with iron oxide) Black (tanned with oak, dyed with charcoal) LEATHER 100% Swiss deer leather from animals that lived in the wild","inLanguage":"en-US","isPartOf":{"@id":"https:\/\/cervovolante.com\/en\/#website"},"breadcrumb":{"@id":"https:\/\/cervovolante.com\/en\/shop\/last-pieces-en\/mouse-pad-en\/#breadcrumblist"},"image":{"@type":"ImageObject","url":"https:\/\/e2dgqt2h67h.exactdn.com\/wp-content\/uploads\/2021\/01\/CervoVolante_black_MAUSMATTEN_FA012021-1WEB.jpg?strip=all","@id":"https:\/\/cervovolante.com\/en\/shop\/last-pieces-en\/mouse-pad-en\/#mainImage","width":1920,"height":1280},"primaryImageOfPage":{"@id":"https:\/\/cervovolante.com\/en\/shop\/last-pieces-en\/mouse-pad-en\/#mainImage"},"datePublished":"2021-01-22T13:25:00+01:00","dateModified":"2025-11-02T07:57:44+01:00"},{"@type":"WebSite","@id":"https:\/\/cervovolante.com\/en\/#website","url":"https:\/\/cervovolante.com\/en\/","name":"Cervo Volante","description":"Ecological welted deer leather shoes and high-quality leather accessories from Switzerland","inLanguage":"en-US","publisher":{"@id":"https:\/\/cervovolante.com\/en\/#organization"}}]},"og:locale":"en_US","og:site_name":"Cervo Volante | Online-Shop f\u00fcr einzigartige, \u00f6kologisch hergestellte Ledermode","og:type":"article","og:title":"Mousepad M\u00dcRINA | Cervo Volante","og:description":"Puristic, practical and beautifully wild: a mouse pad for your workplace made of 100% chrome-free vegetable tanned Swiss deer leather. COLOURS Cognac (tanned with mimosa and quebracho) Dark brown (tanned with oak, dyed with iron oxide) Black (tanned with oak, dyed with charcoal) LEATHER 100% Swiss deer leather from animals that lived in the wild","og:url":"https:\/\/cervovolante.com\/en\/shop\/last-pieces-en\/mouse-pad-en\/","og:image":"https:\/\/cervovolante.com\/wp-content\/uploads\/2021\/01\/CervoVolante_black_MAUSMATTEN_FA012021-1WEB.jpg","og:image:secure_url":"https:\/\/cervovolante.com\/wp-content\/uploads\/2021\/01\/CervoVolante_black_MAUSMATTEN_FA012021-1WEB.jpg","og:image:width":1920,"og:image:height":1280,"article:published_time":"2021-01-22T12:25:00+00:00","article:modified_time":"2025-11-02T06:57:44+00:00","article:publisher":"https:\/\/www.facebook.com\/cervovolantezurich\/","twitter:card":"summary","twitter:title":"Mousepad M\u00dcRINA | Cervo Volante","twitter:description":"Puristic, practical and beautifully wild: a mouse pad for your workplace made of 100% chrome-free vegetable tanned Swiss deer leather. COLOURS Cognac (tanned with mimosa and quebracho) Dark brown (tanned with oak, dyed with iron oxide) Black (tanned with oak, dyed with charcoal) LEATHER 100% Swiss deer leather from animals that lived in the wild","twitter:image":"https:\/\/cervovolante.com\/wp-content\/uploads\/2021\/01\/CervoVolante_black_MAUSMATTEN_FA012021-1WEB.jpg"},"aioseo_meta_data":{"post_id":"34508","title":"#post_title | #site_title","description":"#post_content","keywords":[],"keyphrases":{"focus":[],"additional":[]},"primary_term":null,"canonical_url":null,"og_title":null,"og_description":null,"og_object_type":"default","og_image_type":"default","og_image_url":null,"og_image_width":null,"og_image_height":null,"og_image_custom_url":null,"og_image_custom_fields":null,"og_video":"","og_custom_url":null,"og_article_section":null,"og_article_tags":[],"twitter_use_og":false,"twitter_card":"default","twitter_image_type":"default","twitter_image_url":null,"twitter_image_custom_url":null,"twitter_image_custom_fields":null,"twitter_title":null,"twitter_description":null,"schema":{"blockGraphs":[],"customGraphs":[],"default":{"data":{"Article":[],"Course":[],"Dataset":[],"FAQPage":[],"Movie":[],"Person":[],"Product":[],"ProductReview":[],"Car":[],"Recipe":[],"Service":[],"SoftwareApplication":[],"WebPage":[]},"graphName":"","isEnabled":true},"graphs":[],"defaultGraph":"","defaultPostTypeGraph":""},"schema_type":"none","schema_type_options":"{\"webPage\":{\"webPageType\":\"WebPage\"},\"article\":{\"articleType\":\"BlogPosting\"},\"book\":[],\"course\":[],\"event\":[],\"jobPosting\":[],\"music\":[],\"person\":[],\"product\":[],\"recipe\":[],\"restaurant\":[],\"service\":[],\"software\":[],\"video\":[]}","pillar_content":false,"robots_default":true,"robots_noindex":false,"robots_noarchive":false,"robots_nosnippet":false,"robots_nofollow":false,"robots_noimageindex":false,"robots_noodp":false,"robots_notranslate":false,"robots_max_snippet":"-1","robots_max_videopreview":"-1","robots_max_imagepreview":"large","priority":null,"frequency":"default","local_seo":{"businessInfo":{"name":"","urls":{"website":"","aboutPage":"","contactPage":""},"address":{"line1":"","line2":"","zip":"","city":"","state":"","country":""},"contact":{"email":"","phone":"","fax":""},"ids":{"vatID":"","taxID":"","chamberID":""},"payment":{"priceIndication":"","currenciesAccepted":"","methodsAccepted":""},"areaServed":""},"openingHours":{"show":false,"closedLabel":"","open24h":false,"open24hLabel":"","open247":false,"use24hFormat":false,"twoSets":false,"timezone":"","hours":[]}},"seo_analyzer_scan_date":"2025-10-13 03:17:36","breadcrumb_settings":null,"limit_modified_date":false,"reviewed_by":null,"open_ai":null,"ai":null,"created":"2021-01-22 15:43:22","updated":"2025-11-02 07:02:13"},"_links":{"self":[{"href":"https:\/\/cervovolante.com\/en\/wp-json\/wp\/v2\/product\/34508","targetHints":{"allow":["GET"]}}],"collection":[{"href":"https:\/\/cervovolante.com\/en\/wp-json\/wp\/v2\/product"}],"about":[{"href":"https:\/\/cervovolante.com\/en\/wp-json\/wp\/v2\/types\/product"}],"replies":[{"embeddable":true,"href":"https:\/\/cervovolante.com\/en\/wp-json\/wp\/v2\/comments?post=34508"}],"wp:featuredmedia":[{"embeddable":true,"href":"https:\/\/cervovolante.com\/en\/wp-json\/wp\/v2\/media\/34490"}],"wp:attachment":[{"href":"https:\/\/cervovolante.com\/en\/wp-json\/wp\/v2\/media?parent=34508"}],"wp:term":[{"taxonomy":"product_brand","embeddable":true,"href":"https:\/\/cervovolante.com\/en\/wp-json\/wp\/v2\/product_brand?post=34508"},{"taxonomy":"product_cat","embeddable":true,"href":"https:\/\/cervovolante.com\/en\/wp-json\/wp\/v2\/product_cat?post=34508"},{"taxonomy":"product_tag","embeddable":true,"href":"https:\/\/cervovolante.com\/en\/wp-json\/wp\/v2\/product_tag?post=34508"}],"curies":[{"name":"wp","href":"https:\/\/api.w.org\/{rel}","templated":true}]}}