{"id":44978,"date":"2023-06-13T15:22:04","date_gmt":"2023-06-13T13:22:04","guid":{"rendered":"https:\/\/cervovolante.com\/shop\/uncategorized\/kooskola\/"},"modified":"2025-04-04T15:00:40","modified_gmt":"2025-04-04T13:00:40","slug":"kooskola","status":"publish","type":"product","link":"https:\/\/cervovolante.com\/en\/shop\/accessories-en\/kooskola\/","title":{"rendered":"KOOSK\u014cLA"},"content":{"rendered":"<p>The customised KOOSK\u014cLA chores bag is a true masterpiece, just like the great conductor Paavo J\u00e4rvi for whom it was designed. KOOSK\u014cLA was created in collaboration with the maestro himself to ensure that your musical journey is perfectly orchestrated. The inside of the bag is lined with a fine, light grey, ecological linen fabric. The sewn-in compartments offer space for sheet music, laptop, tablet, phone and conductor&#8217;s batons. KOOSK\u014cLA also offers plenty of storage space for the essentials when travelling: spare shirt, laundry and everything else you need to successfully conduct Stravinsky\u2019s \u201cRite of Spring\u201d. (<a href=\"https:\/\/cervovolante.com\/en\/2022\/06\/24\/paavo-jaervi\/\">link to interview with Paavo<\/a>). The large-format bag is not only suitable for conductors but also for architects and all other people with big plans.<\/p>\n<p>The KOOSK\u014cLA score bag shows off Cervo Volante&#8217;s deer leather to its best advantage and is characterised by its wildness: the purely vegetable tanning gives the bag a unique patina. The leather reflects an entire deer&#8217;s life in the wild. Because wild red deer defy wind and weather, fight with rivals and scratch themselves on thorns. Their skin therefore shows scuffs, scratches and abrasions. These are visible in the leather and give each bag a unique look. True luxury for people with style and the courage to make a conscious statement. Just like Paavo J\u00e4rvi.<\/p>\n<p>The slogan &#8220;Creating future traditions by Paavo J\u00e4rvi&#8221; is finely embossed on all Paavo J\u00e4rvi products in black, with part of the proceeds going to the Paavo J\u00e4rvi Foundation to support young musicians.<\/p>\n<p><strong>DETAILS<br \/>\n<\/strong>50 cm wide, 39 cm high, 4 cm deep.<br \/>\nLarge inner compartment 50 x 39 x 2.5 cm for laptop, writing pad or newspaper.<br \/>\nSmall outer compartment 18 \u00d7 28 cm for wallet, writing materials or mobile phone.<br \/>\nLeather strap for attaching to a trolley case.<br \/>\nMagnetic buttons on the lid flap for easy fastening<br \/>\nShoulder strap 3.5 cm wide, adjustable in length with double pin buckle<br \/>\nHandle width: 2.5cm<\/p>\n<p><strong>COLOURS<\/strong><br \/>\nBLACK (tanned with OAK and dyed with charcoal)<\/p>\n<p><strong>LEATHER<br \/>\n<\/strong>100% Swiss deer leather from animals that have lived in the wild and have been hunted there. Bumps and scratches on the leather are traces of this wild life and a sign of authenticity and uniqueness. All leathers are tanned in the canton of Bern using 100% vegetable tanning methods, without chrome or synthetic tanning agents. Natural, open-pored leather without surface treatment.<\/p>\n<p><strong>SEWING THREAD<br \/>\n<\/strong>100% recycled PET-bottles<\/p>\n<p><strong>LINING<\/strong><br \/>\nThe inner lining is made of ecological linen from <a href=\"https:\/\/www.vieboeck.at\/\">Vieb\u00f6ck<\/a> in Austria.<\/p>\n<p><strong>METAL<br \/>\n<\/strong>As little as necessary: roller buckle for adjusting the strap length. Zip from YKK.<\/p>\n<p><strong>HANDICRAFT<br \/>\n<\/strong>The chores bag is handmade in a leather manufactory in the Czech Republic.<\/p>\n<p><strong>DELIVERY TIME<\/strong><br \/>\nThis products is MADE TO ORDER. Waiting times of up to 3 month need to be considered.<\/p>\n<p>*<em>KOOSK\u00d5LA is the Estonian term for harmony, unison and chord, and is simply a perfect match for Cervo Volante&#8217;s collaboration with world-renowned conductor Paavo J\u00e4rvi.<\/em><em><br \/>\n<\/em><\/p>\n<p>\u2013 \u2013<\/p>\n<div class=\"woocommerce-tabs wc-tabs-wrapper\">\n<div id=\"tab-description\" class=\"woocommerce-Tabs-panel woocommerce-Tabs-panel--description panel entry-content wc-tab\" role=\"tabpanel\" aria-labelledby=\"tab-title-description\">\n<p><a href=\"https:\/\/cervo.wpengine.com\/de\/2017\/12\/18\/pflanzliche-gerbung-ist-nicht-immer-oekologisch-wir-achten-genau-auf-art-und-herkunft-der-pflanzengerbstoffe\/\" target=\"_blank\" rel=\"noopener noreferrer\">100% VEGETABLE TANNED and NATURALLY DYED leather<\/a><br \/>\n<a href=\"https:\/\/cervo.wpengine.com\/de\/2017\/12\/03\/vom-wilden-schweizer-rohmaterial-zum-oekologischen-qualitaets-leder-der-neue-alte-gerbprozess\/\" target=\"_blank\" rel=\"noopener noreferrer\">from WILD RED DEER<\/a><br \/>\n<a href=\"https:\/\/cervo.wpengine.com\/de\/2017\/12\/18\/der-cervo-volante-rohstoff-und-die-jagd\/\" target=\"_blank\" rel=\"noopener noreferrer\">from sustainable SWISS HUNTING<\/a><br \/>\nhandmade in EUROPE<br \/>\n<a href=\"https:\/\/cervo.wpengine.com\/de\/story\/\" target=\"_blank\" rel=\"noopener noreferrer\">FOR A FUTURE BEYOND 2050<\/a><\/p>\n<p>\u2013 \u2013<\/p>\n<p>Pictures by FIONAARTS Photography, Gerli Kai Traksmann and G\u00fcnther Bolzern &#8211; thank you very much!<\/p>\n<\/div>\n<\/div>\n","protected":false},"excerpt":{"rendered":"<p>A special score bag for and with Paavo J\u00e4rvi. Also suitable for architects and designers and all people with large plans.<\/p>\n<p>MADE TO ORDER<\/p>\n","protected":false},"featured_media":44172,"comment_status":"open","ping_status":"closed","template":"","meta":{"om_disable_all_campaigns":false,"_monsterinsights_skip_tracking":false,"_monsterinsights_sitenote_active":false,"_monsterinsights_sitenote_note":"","_monsterinsights_sitenote_category":0},"product_brand":[],"product_cat":[411],"product_tag":[1496,1447,1448,1440,1449,1450,1451],"class_list":{"0":"post-44978","1":"product","2":"type-product","3":"status-publish","4":"has-post-thumbnail","6":"product_cat-accessories-en","7":"product_tag-bag-en","8":"product_tag-conductor-bag-en","9":"product_tag-creating-future-traditions-en","10":"product_tag-paavo-en","11":"product_tag-paavo-jaervi-en","12":"product_tag-partiture-bag-en","13":"product_tag-symphony-collection-en","15":"first","16":"instock","17":"taxable","18":"shipping-taxable","19":"purchasable","20":"product-type-variable","21":"has-default-attributes"},"aioseo_notices":[],"aioseo_head":"\n\t\t<!-- All in One SEO Pro 4.9.6.2 - aioseo.com -->\n\t<meta name=\"description\" content=\"The customised KOOSK\u014cLA chores bag is a true masterpiece, just like the great conductor Paavo J\u00e4rvi for whom it was designed. KOOSK\u014cLA was created in collaboration with the maestro himself to ensure that your musical journey is perfectly orchestrated. The inside of the bag is lined with a fine, light grey, ecological linen fabric. The\" \/>\n\t<meta name=\"robots\" content=\"max-image-preview:large\" \/>\n\t<meta name=\"google-site-verification\" content=\"CrwFTF3YGsPT8sdCxYV-1zyKg_qsZvE_mEO-vvpZgWo\" \/>\n\t<link rel=\"canonical\" href=\"https:\/\/cervovolante.com\/en\/shop\/accessories-en\/kooskola\/\" \/>\n\t<meta name=\"generator\" content=\"All in One SEO Pro (AIOSEO) 4.9.6.2\" \/>\n\t\t<meta property=\"og:locale\" content=\"en_US\" \/>\n\t\t<meta property=\"og:site_name\" content=\"Cervo Volante | Online-Shop f\u00fcr einzigartige, \u00f6kologisch hergestellte Ledermode\" \/>\n\t\t<meta property=\"og:type\" content=\"article\" \/>\n\t\t<meta property=\"og:title\" content=\"KOOSK\u014cLA\" \/>\n\t\t<meta property=\"og:description\" content=\"A special score bag for and with Paavo J\u00e4rvi. Also suitable for architects and designers and all people with large plans. MADE TO ORDER\" \/>\n\t\t<meta property=\"og:url\" content=\"https:\/\/cervovolante.com\/en\/shop\/accessories-en\/kooskola\/\" \/>\n\t\t<meta property=\"og:image\" content=\"https:\/\/cervovolante.com\/wp-content\/uploads\/2023\/04\/CervoVolante_PAAVO-Tasche_032023-101-Bearbeitet-WEB.jpg\" \/>\n\t\t<meta property=\"og:image:secure_url\" content=\"https:\/\/cervovolante.com\/wp-content\/uploads\/2023\/04\/CervoVolante_PAAVO-Tasche_032023-101-Bearbeitet-WEB.jpg\" \/>\n\t\t<meta property=\"og:image:width\" content=\"1800\" \/>\n\t\t<meta property=\"og:image:height\" content=\"1200\" \/>\n\t\t<meta property=\"article:published_time\" content=\"2023-06-13T13:22:04+00:00\" \/>\n\t\t<meta property=\"article:modified_time\" content=\"2025-04-04T13:00:40+00:00\" \/>\n\t\t<meta property=\"article:publisher\" content=\"https:\/\/www.facebook.com\/cervovolantezurich\/\" \/>\n\t\t<meta name=\"twitter:card\" content=\"summary\" \/>\n\t\t<meta name=\"twitter:title\" content=\"KOOSK\u014cLA\" \/>\n\t\t<meta name=\"twitter:description\" content=\"A special score bag for and with Paavo J\u00e4rvi. Also suitable for architects and designers and all people with large plans. MADE TO ORDER\" \/>\n\t\t<meta name=\"twitter:image\" content=\"https:\/\/cervovolante.com\/wp-content\/uploads\/2023\/04\/CervoVolante_PAAVO-Tasche_032023-101-Bearbeitet-WEB.jpg\" \/>\n\t\t<script type=\"application\/ld+json\" class=\"aioseo-schema\">\n\t\t\t{\"@context\":\"https:\\\/\\\/schema.org\",\"@graph\":[{\"@type\":\"BreadcrumbList\",\"@id\":\"https:\\\/\\\/cervovolante.com\\\/en\\\/shop\\\/accessories-en\\\/kooskola\\\/#breadcrumblist\",\"itemListElement\":[{\"@type\":\"ListItem\",\"@id\":\"https:\\\/\\\/cervovolante.com\\\/en\\\/#listItem\",\"position\":1,\"name\":\"Home\",\"item\":\"https:\\\/\\\/cervovolante.com\\\/en\\\/\",\"nextItem\":{\"@type\":\"ListItem\",\"@id\":\"https:\\\/\\\/cervovolante.com\\\/en\\\/shop\\\/#listItem\",\"name\":\"Shop\"}},{\"@type\":\"ListItem\",\"@id\":\"https:\\\/\\\/cervovolante.com\\\/en\\\/shop\\\/#listItem\",\"position\":2,\"name\":\"Shop\",\"item\":\"https:\\\/\\\/cervovolante.com\\\/en\\\/shop\\\/\",\"nextItem\":{\"@type\":\"ListItem\",\"@id\":\"https:\\\/\\\/cervovolante.com\\\/en\\\/products\\\/accessories-en\\\/#listItem\",\"name\":\"Accessories\"},\"previousItem\":{\"@type\":\"ListItem\",\"@id\":\"https:\\\/\\\/cervovolante.com\\\/en\\\/#listItem\",\"name\":\"Home\"}},{\"@type\":\"ListItem\",\"@id\":\"https:\\\/\\\/cervovolante.com\\\/en\\\/products\\\/accessories-en\\\/#listItem\",\"position\":3,\"name\":\"Accessories\",\"item\":\"https:\\\/\\\/cervovolante.com\\\/en\\\/products\\\/accessories-en\\\/\",\"nextItem\":{\"@type\":\"ListItem\",\"@id\":\"https:\\\/\\\/cervovolante.com\\\/en\\\/shop\\\/accessories-en\\\/kooskola\\\/#listItem\",\"name\":\"KOOSK\\u014cLA\"},\"previousItem\":{\"@type\":\"ListItem\",\"@id\":\"https:\\\/\\\/cervovolante.com\\\/en\\\/shop\\\/#listItem\",\"name\":\"Shop\"}},{\"@type\":\"ListItem\",\"@id\":\"https:\\\/\\\/cervovolante.com\\\/en\\\/shop\\\/accessories-en\\\/kooskola\\\/#listItem\",\"position\":4,\"name\":\"KOOSK\\u014cLA\",\"previousItem\":{\"@type\":\"ListItem\",\"@id\":\"https:\\\/\\\/cervovolante.com\\\/en\\\/products\\\/accessories-en\\\/#listItem\",\"name\":\"Accessories\"}}]},{\"@type\":\"ItemPage\",\"@id\":\"https:\\\/\\\/cervovolante.com\\\/en\\\/shop\\\/accessories-en\\\/kooskola\\\/#itempage\",\"url\":\"https:\\\/\\\/cervovolante.com\\\/en\\\/shop\\\/accessories-en\\\/kooskola\\\/\",\"name\":\"KOOSK\\u014cLA | Cervo Volante\",\"description\":\"The customised KOOSK\\u014cLA chores bag is a true masterpiece, just like the great conductor Paavo J\\u00e4rvi for whom it was designed. KOOSK\\u014cLA was created in collaboration with the maestro himself to ensure that your musical journey is perfectly orchestrated. The inside of the bag is lined with a fine, light grey, ecological linen fabric. The\",\"inLanguage\":\"en-US\",\"isPartOf\":{\"@id\":\"https:\\\/\\\/cervovolante.com\\\/en\\\/#website\"},\"breadcrumb\":{\"@id\":\"https:\\\/\\\/cervovolante.com\\\/en\\\/shop\\\/accessories-en\\\/kooskola\\\/#breadcrumblist\"},\"image\":{\"@type\":\"ImageObject\",\"url\":\"https:\\\/\\\/e2dgqt2h67h.exactdn.com\\\/wp-content\\\/uploads\\\/2023\\\/04\\\/CervoVolante_PAAVO-Tasche_032023-101-Bearbeitet-WEB.jpg?strip=all\",\"@id\":\"https:\\\/\\\/cervovolante.com\\\/en\\\/shop\\\/accessories-en\\\/kooskola\\\/#mainImage\",\"width\":1800,\"height\":1200},\"primaryImageOfPage\":{\"@id\":\"https:\\\/\\\/cervovolante.com\\\/en\\\/shop\\\/accessories-en\\\/kooskola\\\/#mainImage\"},\"datePublished\":\"2023-06-13T15:22:04+02:00\",\"dateModified\":\"2025-04-04T15:00:40+02:00\"},{\"@type\":\"Organization\",\"@id\":\"https:\\\/\\\/cervovolante.com\\\/en\\\/#organization\",\"name\":\"Cervo Volante\",\"description\":\"Ecological welted deer leather shoes and high-quality leather accessories from Switzerland\",\"url\":\"https:\\\/\\\/cervovolante.com\\\/en\\\/\",\"email\":\"note@cervovolante.com\",\"telephone\":\"+41782222149\",\"logo\":{\"@type\":\"ImageObject\",\"url\":\"https:\\\/\\\/e2dgqt2h67h.exactdn.com\\\/wp-content\\\/uploads\\\/2018\\\/04\\\/Cervo-Volante-logo-2.0_POS.png?strip=all\",\"@id\":\"https:\\\/\\\/cervovolante.com\\\/en\\\/shop\\\/accessories-en\\\/kooskola\\\/#organizationLogo\",\"width\":850,\"height\":654},\"image\":{\"@id\":\"https:\\\/\\\/cervovolante.com\\\/en\\\/shop\\\/accessories-en\\\/kooskola\\\/#organizationLogo\"},\"sameAs\":[\"https:\\\/\\\/www.instagram.com\\\/cervo_volante\\\/\"],\"address\":{\"@id\":\"https:\\\/\\\/cervovolante.com\\\/en\\\/#postaladdress\",\"@type\":\"PostalAddress\",\"streetAddress\":\"Josefstrasse 53,\",\"postalCode\":\"8005\",\"addressLocality\":\"Z\\u00fcrich\",\"addressRegion\":\"Z\\u00fcrich\",\"addressCountry\":\"CH\"}},{\"@type\":\"WebPage\",\"@id\":\"https:\\\/\\\/cervovolante.com\\\/en\\\/shop\\\/accessories-en\\\/kooskola\\\/#webpage\",\"url\":\"https:\\\/\\\/cervovolante.com\\\/en\\\/shop\\\/accessories-en\\\/kooskola\\\/\",\"name\":\"KOOSK\\u014cLA | Cervo Volante\",\"description\":\"The customised KOOSK\\u014cLA chores bag is a true masterpiece, just like the great conductor Paavo J\\u00e4rvi for whom it was designed. KOOSK\\u014cLA was created in collaboration with the maestro himself to ensure that your musical journey is perfectly orchestrated. The inside of the bag is lined with a fine, light grey, ecological linen fabric. The\",\"inLanguage\":\"en-US\",\"isPartOf\":{\"@id\":\"https:\\\/\\\/cervovolante.com\\\/en\\\/#website\"},\"breadcrumb\":{\"@id\":\"https:\\\/\\\/cervovolante.com\\\/en\\\/shop\\\/accessories-en\\\/kooskola\\\/#breadcrumblist\"},\"image\":{\"@type\":\"ImageObject\",\"url\":\"https:\\\/\\\/e2dgqt2h67h.exactdn.com\\\/wp-content\\\/uploads\\\/2023\\\/04\\\/CervoVolante_PAAVO-Tasche_032023-101-Bearbeitet-WEB.jpg?strip=all\",\"@id\":\"https:\\\/\\\/cervovolante.com\\\/en\\\/shop\\\/accessories-en\\\/kooskola\\\/#mainImage\",\"width\":1800,\"height\":1200},\"primaryImageOfPage\":{\"@id\":\"https:\\\/\\\/cervovolante.com\\\/en\\\/shop\\\/accessories-en\\\/kooskola\\\/#mainImage\"},\"datePublished\":\"2023-06-13T15:22:04+02:00\",\"dateModified\":\"2025-04-04T15:00:40+02:00\"},{\"@type\":\"WebSite\",\"@id\":\"https:\\\/\\\/cervovolante.com\\\/en\\\/#website\",\"url\":\"https:\\\/\\\/cervovolante.com\\\/en\\\/\",\"name\":\"Cervo Volante\",\"description\":\"Ecological welted deer leather shoes and high-quality leather accessories from Switzerland\",\"inLanguage\":\"en-US\",\"publisher\":{\"@id\":\"https:\\\/\\\/cervovolante.com\\\/en\\\/#organization\"}}]}\n\t\t<\/script>\n\t\t<!-- All in One SEO Pro -->\r\n\t\t<title>KOOSK\u014cLA | Cervo Volante<\/title>\n\n","aioseo_head_json":{"title":"KOOSK\u014cLA | Cervo Volante","description":"The customised KOOSK\u014cLA chores bag is a true masterpiece, just like the great conductor Paavo J\u00e4rvi for whom it was designed. KOOSK\u014cLA was created in collaboration with the maestro himself to ensure that your musical journey is perfectly orchestrated. The inside of the bag is lined with a fine, light grey, ecological linen fabric. The","canonical_url":"https:\/\/cervovolante.com\/en\/shop\/accessories-en\/kooskola\/","robots":"max-image-preview:large","keywords":"","webmasterTools":{"google-site-verification":"CrwFTF3YGsPT8sdCxYV-1zyKg_qsZvE_mEO-vvpZgWo","miscellaneous":""},"schema":{"@context":"https:\/\/schema.org","@graph":[{"@type":"BreadcrumbList","@id":"https:\/\/cervovolante.com\/en\/shop\/accessories-en\/kooskola\/#breadcrumblist","itemListElement":[{"@type":"ListItem","@id":"https:\/\/cervovolante.com\/en\/#listItem","position":1,"name":"Home","item":"https:\/\/cervovolante.com\/en\/","nextItem":{"@type":"ListItem","@id":"https:\/\/cervovolante.com\/en\/shop\/#listItem","name":"Shop"}},{"@type":"ListItem","@id":"https:\/\/cervovolante.com\/en\/shop\/#listItem","position":2,"name":"Shop","item":"https:\/\/cervovolante.com\/en\/shop\/","nextItem":{"@type":"ListItem","@id":"https:\/\/cervovolante.com\/en\/products\/accessories-en\/#listItem","name":"Accessories"},"previousItem":{"@type":"ListItem","@id":"https:\/\/cervovolante.com\/en\/#listItem","name":"Home"}},{"@type":"ListItem","@id":"https:\/\/cervovolante.com\/en\/products\/accessories-en\/#listItem","position":3,"name":"Accessories","item":"https:\/\/cervovolante.com\/en\/products\/accessories-en\/","nextItem":{"@type":"ListItem","@id":"https:\/\/cervovolante.com\/en\/shop\/accessories-en\/kooskola\/#listItem","name":"KOOSK\u014cLA"},"previousItem":{"@type":"ListItem","@id":"https:\/\/cervovolante.com\/en\/shop\/#listItem","name":"Shop"}},{"@type":"ListItem","@id":"https:\/\/cervovolante.com\/en\/shop\/accessories-en\/kooskola\/#listItem","position":4,"name":"KOOSK\u014cLA","previousItem":{"@type":"ListItem","@id":"https:\/\/cervovolante.com\/en\/products\/accessories-en\/#listItem","name":"Accessories"}}]},{"@type":"ItemPage","@id":"https:\/\/cervovolante.com\/en\/shop\/accessories-en\/kooskola\/#itempage","url":"https:\/\/cervovolante.com\/en\/shop\/accessories-en\/kooskola\/","name":"KOOSK\u014cLA | Cervo Volante","description":"The customised KOOSK\u014cLA chores bag is a true masterpiece, just like the great conductor Paavo J\u00e4rvi for whom it was designed. KOOSK\u014cLA was created in collaboration with the maestro himself to ensure that your musical journey is perfectly orchestrated. The inside of the bag is lined with a fine, light grey, ecological linen fabric. The","inLanguage":"en-US","isPartOf":{"@id":"https:\/\/cervovolante.com\/en\/#website"},"breadcrumb":{"@id":"https:\/\/cervovolante.com\/en\/shop\/accessories-en\/kooskola\/#breadcrumblist"},"image":{"@type":"ImageObject","url":"https:\/\/e2dgqt2h67h.exactdn.com\/wp-content\/uploads\/2023\/04\/CervoVolante_PAAVO-Tasche_032023-101-Bearbeitet-WEB.jpg?strip=all","@id":"https:\/\/cervovolante.com\/en\/shop\/accessories-en\/kooskola\/#mainImage","width":1800,"height":1200},"primaryImageOfPage":{"@id":"https:\/\/cervovolante.com\/en\/shop\/accessories-en\/kooskola\/#mainImage"},"datePublished":"2023-06-13T15:22:04+02:00","dateModified":"2025-04-04T15:00:40+02:00"},{"@type":"Organization","@id":"https:\/\/cervovolante.com\/en\/#organization","name":"Cervo Volante","description":"Ecological welted deer leather shoes and high-quality leather accessories from Switzerland","url":"https:\/\/cervovolante.com\/en\/","email":"note@cervovolante.com","telephone":"+41782222149","logo":{"@type":"ImageObject","url":"https:\/\/e2dgqt2h67h.exactdn.com\/wp-content\/uploads\/2018\/04\/Cervo-Volante-logo-2.0_POS.png?strip=all","@id":"https:\/\/cervovolante.com\/en\/shop\/accessories-en\/kooskola\/#organizationLogo","width":850,"height":654},"image":{"@id":"https:\/\/cervovolante.com\/en\/shop\/accessories-en\/kooskola\/#organizationLogo"},"sameAs":["https:\/\/www.instagram.com\/cervo_volante\/"],"address":{"@id":"https:\/\/cervovolante.com\/en\/#postaladdress","@type":"PostalAddress","streetAddress":"Josefstrasse 53,","postalCode":"8005","addressLocality":"Z\u00fcrich","addressRegion":"Z\u00fcrich","addressCountry":"CH"}},{"@type":"WebPage","@id":"https:\/\/cervovolante.com\/en\/shop\/accessories-en\/kooskola\/#webpage","url":"https:\/\/cervovolante.com\/en\/shop\/accessories-en\/kooskola\/","name":"KOOSK\u014cLA | Cervo Volante","description":"The customised KOOSK\u014cLA chores bag is a true masterpiece, just like the great conductor Paavo J\u00e4rvi for whom it was designed. KOOSK\u014cLA was created in collaboration with the maestro himself to ensure that your musical journey is perfectly orchestrated. The inside of the bag is lined with a fine, light grey, ecological linen fabric. The","inLanguage":"en-US","isPartOf":{"@id":"https:\/\/cervovolante.com\/en\/#website"},"breadcrumb":{"@id":"https:\/\/cervovolante.com\/en\/shop\/accessories-en\/kooskola\/#breadcrumblist"},"image":{"@type":"ImageObject","url":"https:\/\/e2dgqt2h67h.exactdn.com\/wp-content\/uploads\/2023\/04\/CervoVolante_PAAVO-Tasche_032023-101-Bearbeitet-WEB.jpg?strip=all","@id":"https:\/\/cervovolante.com\/en\/shop\/accessories-en\/kooskola\/#mainImage","width":1800,"height":1200},"primaryImageOfPage":{"@id":"https:\/\/cervovolante.com\/en\/shop\/accessories-en\/kooskola\/#mainImage"},"datePublished":"2023-06-13T15:22:04+02:00","dateModified":"2025-04-04T15:00:40+02:00"},{"@type":"WebSite","@id":"https:\/\/cervovolante.com\/en\/#website","url":"https:\/\/cervovolante.com\/en\/","name":"Cervo Volante","description":"Ecological welted deer leather shoes and high-quality leather accessories from Switzerland","inLanguage":"en-US","publisher":{"@id":"https:\/\/cervovolante.com\/en\/#organization"}}]},"og:locale":"en_US","og:site_name":"Cervo Volante | Online-Shop f\u00fcr einzigartige, \u00f6kologisch hergestellte Ledermode","og:type":"article","og:title":"KOOSK\u014cLA","og:description":"A special score bag for and with Paavo J\u00e4rvi. Also suitable for architects and designers and all people with large plans. MADE TO ORDER","og:url":"https:\/\/cervovolante.com\/en\/shop\/accessories-en\/kooskola\/","og:image":"https:\/\/cervovolante.com\/wp-content\/uploads\/2023\/04\/CervoVolante_PAAVO-Tasche_032023-101-Bearbeitet-WEB.jpg","og:image:secure_url":"https:\/\/cervovolante.com\/wp-content\/uploads\/2023\/04\/CervoVolante_PAAVO-Tasche_032023-101-Bearbeitet-WEB.jpg","og:image:width":"1800","og:image:height":"1200","article:published_time":"2023-06-13T13:22:04+00:00","article:modified_time":"2025-04-04T13:00:40+00:00","article:publisher":"https:\/\/www.facebook.com\/cervovolantezurich\/","twitter:card":"summary","twitter:title":"KOOSK\u014cLA","twitter:description":"A special score bag for and with Paavo J\u00e4rvi. Also suitable for architects and designers and all people with large plans. MADE TO ORDER","twitter:image":"https:\/\/cervovolante.com\/wp-content\/uploads\/2023\/04\/CervoVolante_PAAVO-Tasche_032023-101-Bearbeitet-WEB.jpg"},"aioseo_meta_data":{"post_id":"44978","title":null,"description":null,"keywords":[],"keyphrases":{"focus":{"keyphrase":"","score":0,"analysis":{"keyphraseInTitle":{"score":0,"maxScore":9,"error":1}}},"additional":[]},"primary_term":null,"canonical_url":null,"og_title":"#post_title","og_description":"#post_excerpt","og_object_type":"default","og_image_type":"featured","og_image_url":"https:\/\/cervovolante.com\/wp-content\/uploads\/2023\/04\/CervoVolante_PAAVO-Tasche_032023-101-Bearbeitet-WEB.jpg","og_image_width":"1800","og_image_height":"1200","og_image_custom_url":null,"og_image_custom_fields":null,"og_video":"","og_custom_url":null,"og_article_section":null,"og_article_tags":[],"twitter_use_og":false,"twitter_card":"default","twitter_image_type":"default","twitter_image_url":null,"twitter_image_custom_url":null,"twitter_image_custom_fields":null,"twitter_title":null,"twitter_description":null,"schema":{"blockGraphs":[],"customGraphs":[],"default":{"data":{"Article":[],"Course":[],"Dataset":[],"FAQPage":[],"Movie":[],"Person":[],"Product":[],"ProductReview":[],"Car":[],"Recipe":[],"Service":[],"SoftwareApplication":[],"WebPage":[]},"graphName":"ItemPage","isEnabled":true},"graphs":[]},"schema_type":"default","schema_type_options":null,"pillar_content":false,"robots_default":true,"robots_noindex":false,"robots_noarchive":false,"robots_nosnippet":false,"robots_nofollow":false,"robots_noimageindex":false,"robots_noodp":false,"robots_notranslate":false,"robots_max_snippet":"-1","robots_max_videopreview":"-1","robots_max_imagepreview":"large","priority":null,"frequency":"default","local_seo":null,"seo_analyzer_scan_date":"2025-10-13 03:49:14","breadcrumb_settings":null,"limit_modified_date":false,"reviewed_by":null,"open_ai":"{\"title\":{\"suggestions\":[],\"usage\":0},\"description\":{\"suggestions\":[],\"usage\":0}}","ai":null,"created":"2023-12-03 14:13:54","updated":"2025-10-13 03:49:14"},"_links":{"self":[{"href":"https:\/\/cervovolante.com\/en\/wp-json\/wp\/v2\/product\/44978","targetHints":{"allow":["GET"]}}],"collection":[{"href":"https:\/\/cervovolante.com\/en\/wp-json\/wp\/v2\/product"}],"about":[{"href":"https:\/\/cervovolante.com\/en\/wp-json\/wp\/v2\/types\/product"}],"replies":[{"embeddable":true,"href":"https:\/\/cervovolante.com\/en\/wp-json\/wp\/v2\/comments?post=44978"}],"wp:featuredmedia":[{"embeddable":true,"href":"https:\/\/cervovolante.com\/en\/wp-json\/wp\/v2\/media\/44172"}],"wp:attachment":[{"href":"https:\/\/cervovolante.com\/en\/wp-json\/wp\/v2\/media?parent=44978"}],"wp:term":[{"taxonomy":"product_brand","embeddable":true,"href":"https:\/\/cervovolante.com\/en\/wp-json\/wp\/v2\/product_brand?post=44978"},{"taxonomy":"product_cat","embeddable":true,"href":"https:\/\/cervovolante.com\/en\/wp-json\/wp\/v2\/product_cat?post=44978"},{"taxonomy":"product_tag","embeddable":true,"href":"https:\/\/cervovolante.com\/en\/wp-json\/wp\/v2\/product_tag?post=44978"}],"curies":[{"name":"wp","href":"https:\/\/api.w.org\/{rel}","templated":true}]}}