{"id":44983,"date":"2023-04-13T14:30:02","date_gmt":"2023-04-13T12:30:02","guid":{"rendered":"https:\/\/cervovolante.com\/?post_type=product&#038;p=44983"},"modified":"2025-04-25T16:54:14","modified_gmt":"2025-04-25T14:54:14","slug":"kaja","status":"publish","type":"product","link":"https:\/\/cervovolante.com\/en\/shop\/last-pieces-en\/kaja\/","title":{"rendered":"KAJA"},"content":{"rendered":"<p>The KAJA* case from Paavo J\u00e4rvi Symphony collection comes in a triad: large, medium and small, like a musical sound that becomes ever finer. Kaja reverberates the collaboration between Cervo Volante and the world-renowned conductor Paavo J\u00e4rvi and is intended to carry further the sound of music and wilderness.<\/p>\n<p>The Trio Kaja elegantly encases your tablet, travel documents, pens and pencils and other paraphernalia. Kaja can be used as a case or a wallet but it may also be an elegant clutch. Each case is unique and available in sizes S (8.5 cm high), M (14 cm high) and L (19 cm high) or as a set of three.<\/p>\n<p><strong>COLOUR<br \/>\n<\/strong>Oak brown (tanned with VALONEA OAK)<br \/>\nCognac (undyed, tanned with Mimosa and Quebracho)<br \/>\nBlack (tanned with oak and dyed black with charcoal)<\/p>\n<p><strong>LEATHER<br \/>\n<\/strong>100% Swiss deerhide from animals who lived and were hunted in the wild. Bumps and scratches on leather are traces of wild life and signs of authenticity and uniqueness. All hides are tanned in the canton of Bern 100% vegetable, without chrome and without synthetic tanning agents.<\/p>\n<p><b>SEWING THREAD<br \/>\n<\/b>Made of 100% recycled PET bottles, sewn in Europe<\/p>\n<p><strong>DIMENSIONS<br \/>\n<\/strong>S: 19 cm wide, 8.5 cm high<br \/>\nM: 22.5 cm wide, 14 cm high<br \/>\nL: 27 cm wide, 19 cm high<\/p>\n<p><strong>CRAFTS<br \/>\n<\/strong>Kaja is handmade in a small accessories factory in the Czech Republic.<\/p>\n<p><em>*KAJA means echo in Estonian. Estonian is the mother tongue of Cervo Volante\u2019s co-founder Kadri Vunder and of Paavo J\u00e4rvi, one of the most important conductors of our time and the music director of Tonhalle Zurich.<\/em><\/p>\n<p>\u2013 \u2013<br \/>\n<a href=\"https:\/\/cervo.wpengine.com\/de\/2017\/12\/18\/pflanzliche-gerbung-ist-nicht-immer-oekologisch-wir-achten-genau-auf-art-und-herkunft-der-pflanzengerbstoffe\/\" target=\"_blank\" rel=\"noopener noreferrer\">100% VEGETABLE TANNED and NATURALLY DYED leather<\/a><br \/>\n<a href=\"https:\/\/cervo.wpengine.com\/de\/2017\/12\/03\/vom-wilden-schweizer-rohmaterial-zum-oekologischen-qualitaets-leder-der-neue-alte-gerbprozess\/\" target=\"_blank\" rel=\"noopener noreferrer\">from WILD RED DEER<\/a><br \/>\n<a href=\"https:\/\/cervo.wpengine.com\/de\/2017\/12\/18\/der-cervo-volante-rohstoff-und-die-jagd\/\" target=\"_blank\" rel=\"noopener noreferrer\">from sustainable SWISS HUNTING<\/a><br \/>\nhandmade in EUROPE<br \/>\n<a href=\"https:\/\/cervo.wpengine.com\/de\/story\/\" target=\"_blank\" rel=\"noopener noreferrer\">FOR A FUTURE BEYOND 2050<\/a><br \/>\n\u2013 \u2013<\/p>\n<p>Pictures by FIONAARTS Photography, thank you very much!<\/p>\n","protected":false},"excerpt":{"rendered":"<p>The KAJA case from the Paavo J\u00e4rvi series is available in three sizes for a tablet, travel documents, writing utensils or make-up. KAJA can be used as a case or wallet, but also cuts an elegant figure as a clutch. A sustainable deerskin one-off for people with an ear for music and the courage to make a conscious statement.<\/p>\n","protected":false},"featured_media":44045,"comment_status":"open","ping_status":"closed","template":"","meta":{"om_disable_all_campaigns":false,"_monsterinsights_skip_tracking":false,"_monsterinsights_sitenote_active":false,"_monsterinsights_sitenote_note":"","_monsterinsights_sitenote_category":0},"product_brand":[],"product_cat":[746],"product_tag":[617,1498,1440,1449],"class_list":{"0":"post-44983","1":"product","2":"type-product","3":"status-publish","4":"has-post-thumbnail","6":"product_cat-last-pieces-en","7":"product_tag-leather-etui-en","8":"product_tag-organizer-en","9":"product_tag-paavo-en","10":"product_tag-paavo-jaervi-en","12":"first","13":"instock","14":"sale","15":"taxable","16":"shipping-taxable","17":"purchasable","18":"product-type-variable","19":"has-default-attributes"},"aioseo_notices":[],"aioseo_head":"\n\t\t<!-- All in One SEO Pro 4.9.6.2 - aioseo.com -->\n\t<meta name=\"description\" content=\"The KAJA* case from Paavo J\u00e4rvi Symphony collection comes in a triad: large, medium and small, like a musical sound that becomes ever finer. Kaja reverberates the collaboration between Cervo Volante and the world-renowned conductor Paavo J\u00e4rvi and is intended to carry further the sound of music and wilderness. The Trio Kaja elegantly encases your\" \/>\n\t<meta name=\"robots\" content=\"max-image-preview:large\" \/>\n\t<meta name=\"google-site-verification\" content=\"CrwFTF3YGsPT8sdCxYV-1zyKg_qsZvE_mEO-vvpZgWo\" \/>\n\t<link rel=\"canonical\" href=\"https:\/\/cervovolante.com\/en\/shop\/last-pieces-en\/kaja\/\" \/>\n\t<meta name=\"generator\" content=\"All in One SEO Pro (AIOSEO) 4.9.6.2\" \/>\n\t\t<meta property=\"og:locale\" content=\"en_US\" \/>\n\t\t<meta property=\"og:site_name\" content=\"Cervo Volante | Online-Shop f\u00fcr einzigartige, \u00f6kologisch hergestellte Ledermode\" \/>\n\t\t<meta property=\"og:type\" content=\"article\" \/>\n\t\t<meta property=\"og:title\" content=\"KAJA\" \/>\n\t\t<meta property=\"og:description\" content=\"The KAJA case from the Paavo J\u00e4rvi series is available in three sizes for a tablet, travel documents, writing utensils or make-up. KAJA can be used as a case or wallet, but also cuts an elegant figure as a clutch. A sustainable deerskin one-off for people with an ear for music and the courage to make a conscious statement.\" \/>\n\t\t<meta property=\"og:url\" content=\"https:\/\/cervovolante.com\/en\/shop\/last-pieces-en\/kaja\/\" \/>\n\t\t<meta property=\"og:image\" content=\"https:\/\/cervovolante.com\/wp-content\/uploads\/2023\/04\/CervoVolante_Tasche-mit-Baendel_042023-20-Bearbeitet-WEB.jpg\" \/>\n\t\t<meta property=\"og:image:secure_url\" content=\"https:\/\/cervovolante.com\/wp-content\/uploads\/2023\/04\/CervoVolante_Tasche-mit-Baendel_042023-20-Bearbeitet-WEB.jpg\" \/>\n\t\t<meta property=\"og:image:width\" content=\"1200\" \/>\n\t\t<meta property=\"og:image:height\" content=\"1800\" \/>\n\t\t<meta property=\"article:published_time\" content=\"2023-04-13T12:30:02+00:00\" \/>\n\t\t<meta property=\"article:modified_time\" content=\"2025-04-25T14:54:14+00:00\" \/>\n\t\t<meta property=\"article:publisher\" content=\"https:\/\/www.facebook.com\/cervovolantezurich\/\" \/>\n\t\t<meta name=\"twitter:card\" content=\"summary\" \/>\n\t\t<meta name=\"twitter:title\" content=\"KAJA\" \/>\n\t\t<meta name=\"twitter:description\" content=\"The KAJA case from the Paavo J\u00e4rvi series is available in three sizes for a tablet, travel documents, writing utensils or make-up. KAJA can be used as a case or wallet, but also cuts an elegant figure as a clutch. A sustainable deerskin one-off for people with an ear for music and the courage to make a conscious statement.\" \/>\n\t\t<meta name=\"twitter:image\" content=\"https:\/\/cervovolante.com\/wp-content\/uploads\/2023\/04\/CervoVolante_Tasche-mit-Baendel_042023-20-Bearbeitet-WEB.jpg\" \/>\n\t\t<script type=\"application\/ld+json\" class=\"aioseo-schema\">\n\t\t\t{\"@context\":\"https:\\\/\\\/schema.org\",\"@graph\":[{\"@type\":\"BreadcrumbList\",\"@id\":\"https:\\\/\\\/cervovolante.com\\\/en\\\/shop\\\/last-pieces-en\\\/kaja\\\/#breadcrumblist\",\"itemListElement\":[{\"@type\":\"ListItem\",\"@id\":\"https:\\\/\\\/cervovolante.com\\\/en\\\/#listItem\",\"position\":1,\"name\":\"Home\",\"item\":\"https:\\\/\\\/cervovolante.com\\\/en\\\/\",\"nextItem\":{\"@type\":\"ListItem\",\"@id\":\"https:\\\/\\\/cervovolante.com\\\/en\\\/shop\\\/#listItem\",\"name\":\"Shop\"}},{\"@type\":\"ListItem\",\"@id\":\"https:\\\/\\\/cervovolante.com\\\/en\\\/shop\\\/#listItem\",\"position\":2,\"name\":\"Shop\",\"item\":\"https:\\\/\\\/cervovolante.com\\\/en\\\/shop\\\/\",\"nextItem\":{\"@type\":\"ListItem\",\"@id\":\"https:\\\/\\\/cervovolante.com\\\/en\\\/products\\\/last-pieces-en\\\/#listItem\",\"name\":\"Last pieces\"},\"previousItem\":{\"@type\":\"ListItem\",\"@id\":\"https:\\\/\\\/cervovolante.com\\\/en\\\/#listItem\",\"name\":\"Home\"}},{\"@type\":\"ListItem\",\"@id\":\"https:\\\/\\\/cervovolante.com\\\/en\\\/products\\\/last-pieces-en\\\/#listItem\",\"position\":3,\"name\":\"Last pieces\",\"item\":\"https:\\\/\\\/cervovolante.com\\\/en\\\/products\\\/last-pieces-en\\\/\",\"nextItem\":{\"@type\":\"ListItem\",\"@id\":\"https:\\\/\\\/cervovolante.com\\\/en\\\/shop\\\/last-pieces-en\\\/kaja\\\/#listItem\",\"name\":\"KAJA\"},\"previousItem\":{\"@type\":\"ListItem\",\"@id\":\"https:\\\/\\\/cervovolante.com\\\/en\\\/shop\\\/#listItem\",\"name\":\"Shop\"}},{\"@type\":\"ListItem\",\"@id\":\"https:\\\/\\\/cervovolante.com\\\/en\\\/shop\\\/last-pieces-en\\\/kaja\\\/#listItem\",\"position\":4,\"name\":\"KAJA\",\"previousItem\":{\"@type\":\"ListItem\",\"@id\":\"https:\\\/\\\/cervovolante.com\\\/en\\\/products\\\/last-pieces-en\\\/#listItem\",\"name\":\"Last pieces\"}}]},{\"@type\":\"ItemPage\",\"@id\":\"https:\\\/\\\/cervovolante.com\\\/en\\\/shop\\\/last-pieces-en\\\/kaja\\\/#itempage\",\"url\":\"https:\\\/\\\/cervovolante.com\\\/en\\\/shop\\\/last-pieces-en\\\/kaja\\\/\",\"name\":\"KAJA | Cervo Volante\",\"description\":\"The KAJA* case from Paavo J\\u00e4rvi Symphony collection comes in a triad: large, medium and small, like a musical sound that becomes ever finer. Kaja reverberates the collaboration between Cervo Volante and the world-renowned conductor Paavo J\\u00e4rvi and is intended to carry further the sound of music and wilderness. The Trio Kaja elegantly encases your\",\"inLanguage\":\"en-US\",\"isPartOf\":{\"@id\":\"https:\\\/\\\/cervovolante.com\\\/en\\\/#website\"},\"breadcrumb\":{\"@id\":\"https:\\\/\\\/cervovolante.com\\\/en\\\/shop\\\/last-pieces-en\\\/kaja\\\/#breadcrumblist\"},\"image\":{\"@type\":\"ImageObject\",\"url\":\"https:\\\/\\\/e2dgqt2h67h.exactdn.com\\\/wp-content\\\/uploads\\\/2023\\\/04\\\/CervoVolante_Tasche-mit-Baendel_042023-20-Bearbeitet-WEB.jpg?strip=all\",\"@id\":\"https:\\\/\\\/cervovolante.com\\\/en\\\/shop\\\/last-pieces-en\\\/kaja\\\/#mainImage\",\"width\":1200,\"height\":1800},\"primaryImageOfPage\":{\"@id\":\"https:\\\/\\\/cervovolante.com\\\/en\\\/shop\\\/last-pieces-en\\\/kaja\\\/#mainImage\"},\"datePublished\":\"2023-04-13T14:30:02+02:00\",\"dateModified\":\"2025-04-25T16:54:14+02:00\"},{\"@type\":\"Organization\",\"@id\":\"https:\\\/\\\/cervovolante.com\\\/en\\\/#organization\",\"name\":\"Cervo Volante\",\"description\":\"Ecological welted deer leather shoes and high-quality leather accessories from Switzerland\",\"url\":\"https:\\\/\\\/cervovolante.com\\\/en\\\/\",\"email\":\"note@cervovolante.com\",\"telephone\":\"+41782222149\",\"logo\":{\"@type\":\"ImageObject\",\"url\":\"https:\\\/\\\/e2dgqt2h67h.exactdn.com\\\/wp-content\\\/uploads\\\/2018\\\/04\\\/Cervo-Volante-logo-2.0_POS.png?strip=all\",\"@id\":\"https:\\\/\\\/cervovolante.com\\\/en\\\/shop\\\/last-pieces-en\\\/kaja\\\/#organizationLogo\",\"width\":850,\"height\":654},\"image\":{\"@id\":\"https:\\\/\\\/cervovolante.com\\\/en\\\/shop\\\/last-pieces-en\\\/kaja\\\/#organizationLogo\"},\"sameAs\":[\"https:\\\/\\\/www.instagram.com\\\/cervo_volante\\\/\"],\"address\":{\"@id\":\"https:\\\/\\\/cervovolante.com\\\/en\\\/#postaladdress\",\"@type\":\"PostalAddress\",\"streetAddress\":\"Josefstrasse 53,\",\"postalCode\":\"8005\",\"addressLocality\":\"Z\\u00fcrich\",\"addressRegion\":\"Z\\u00fcrich\",\"addressCountry\":\"CH\"}},{\"@type\":\"WebPage\",\"@id\":\"https:\\\/\\\/cervovolante.com\\\/en\\\/shop\\\/last-pieces-en\\\/kaja\\\/#webpage\",\"url\":\"https:\\\/\\\/cervovolante.com\\\/en\\\/shop\\\/last-pieces-en\\\/kaja\\\/\",\"name\":\"KAJA | Cervo Volante\",\"description\":\"The KAJA* case from Paavo J\\u00e4rvi Symphony collection comes in a triad: large, medium and small, like a musical sound that becomes ever finer. Kaja reverberates the collaboration between Cervo Volante and the world-renowned conductor Paavo J\\u00e4rvi and is intended to carry further the sound of music and wilderness. The Trio Kaja elegantly encases your\",\"inLanguage\":\"en-US\",\"isPartOf\":{\"@id\":\"https:\\\/\\\/cervovolante.com\\\/en\\\/#website\"},\"breadcrumb\":{\"@id\":\"https:\\\/\\\/cervovolante.com\\\/en\\\/shop\\\/last-pieces-en\\\/kaja\\\/#breadcrumblist\"},\"image\":{\"@type\":\"ImageObject\",\"url\":\"https:\\\/\\\/e2dgqt2h67h.exactdn.com\\\/wp-content\\\/uploads\\\/2023\\\/04\\\/CervoVolante_Tasche-mit-Baendel_042023-20-Bearbeitet-WEB.jpg?strip=all\",\"@id\":\"https:\\\/\\\/cervovolante.com\\\/en\\\/shop\\\/last-pieces-en\\\/kaja\\\/#mainImage\",\"width\":1200,\"height\":1800},\"primaryImageOfPage\":{\"@id\":\"https:\\\/\\\/cervovolante.com\\\/en\\\/shop\\\/last-pieces-en\\\/kaja\\\/#mainImage\"},\"datePublished\":\"2023-04-13T14:30:02+02:00\",\"dateModified\":\"2025-04-25T16:54:14+02:00\"},{\"@type\":\"WebSite\",\"@id\":\"https:\\\/\\\/cervovolante.com\\\/en\\\/#website\",\"url\":\"https:\\\/\\\/cervovolante.com\\\/en\\\/\",\"name\":\"Cervo Volante\",\"description\":\"Ecological welted deer leather shoes and high-quality leather accessories from Switzerland\",\"inLanguage\":\"en-US\",\"publisher\":{\"@id\":\"https:\\\/\\\/cervovolante.com\\\/en\\\/#organization\"}}]}\n\t\t<\/script>\n\t\t<!-- All in One SEO Pro -->\r\n\t\t<title>KAJA | Cervo Volante<\/title>\n\n","aioseo_head_json":{"title":"KAJA | Cervo Volante","description":"The KAJA* case from Paavo J\u00e4rvi Symphony collection comes in a triad: large, medium and small, like a musical sound that becomes ever finer. Kaja reverberates the collaboration between Cervo Volante and the world-renowned conductor Paavo J\u00e4rvi and is intended to carry further the sound of music and wilderness. The Trio Kaja elegantly encases your","canonical_url":"https:\/\/cervovolante.com\/en\/shop\/last-pieces-en\/kaja\/","robots":"max-image-preview:large","keywords":"","webmasterTools":{"google-site-verification":"CrwFTF3YGsPT8sdCxYV-1zyKg_qsZvE_mEO-vvpZgWo","miscellaneous":""},"schema":{"@context":"https:\/\/schema.org","@graph":[{"@type":"BreadcrumbList","@id":"https:\/\/cervovolante.com\/en\/shop\/last-pieces-en\/kaja\/#breadcrumblist","itemListElement":[{"@type":"ListItem","@id":"https:\/\/cervovolante.com\/en\/#listItem","position":1,"name":"Home","item":"https:\/\/cervovolante.com\/en\/","nextItem":{"@type":"ListItem","@id":"https:\/\/cervovolante.com\/en\/shop\/#listItem","name":"Shop"}},{"@type":"ListItem","@id":"https:\/\/cervovolante.com\/en\/shop\/#listItem","position":2,"name":"Shop","item":"https:\/\/cervovolante.com\/en\/shop\/","nextItem":{"@type":"ListItem","@id":"https:\/\/cervovolante.com\/en\/products\/last-pieces-en\/#listItem","name":"Last pieces"},"previousItem":{"@type":"ListItem","@id":"https:\/\/cervovolante.com\/en\/#listItem","name":"Home"}},{"@type":"ListItem","@id":"https:\/\/cervovolante.com\/en\/products\/last-pieces-en\/#listItem","position":3,"name":"Last pieces","item":"https:\/\/cervovolante.com\/en\/products\/last-pieces-en\/","nextItem":{"@type":"ListItem","@id":"https:\/\/cervovolante.com\/en\/shop\/last-pieces-en\/kaja\/#listItem","name":"KAJA"},"previousItem":{"@type":"ListItem","@id":"https:\/\/cervovolante.com\/en\/shop\/#listItem","name":"Shop"}},{"@type":"ListItem","@id":"https:\/\/cervovolante.com\/en\/shop\/last-pieces-en\/kaja\/#listItem","position":4,"name":"KAJA","previousItem":{"@type":"ListItem","@id":"https:\/\/cervovolante.com\/en\/products\/last-pieces-en\/#listItem","name":"Last pieces"}}]},{"@type":"ItemPage","@id":"https:\/\/cervovolante.com\/en\/shop\/last-pieces-en\/kaja\/#itempage","url":"https:\/\/cervovolante.com\/en\/shop\/last-pieces-en\/kaja\/","name":"KAJA | Cervo Volante","description":"The KAJA* case from Paavo J\u00e4rvi Symphony collection comes in a triad: large, medium and small, like a musical sound that becomes ever finer. Kaja reverberates the collaboration between Cervo Volante and the world-renowned conductor Paavo J\u00e4rvi and is intended to carry further the sound of music and wilderness. The Trio Kaja elegantly encases your","inLanguage":"en-US","isPartOf":{"@id":"https:\/\/cervovolante.com\/en\/#website"},"breadcrumb":{"@id":"https:\/\/cervovolante.com\/en\/shop\/last-pieces-en\/kaja\/#breadcrumblist"},"image":{"@type":"ImageObject","url":"https:\/\/e2dgqt2h67h.exactdn.com\/wp-content\/uploads\/2023\/04\/CervoVolante_Tasche-mit-Baendel_042023-20-Bearbeitet-WEB.jpg?strip=all","@id":"https:\/\/cervovolante.com\/en\/shop\/last-pieces-en\/kaja\/#mainImage","width":1200,"height":1800},"primaryImageOfPage":{"@id":"https:\/\/cervovolante.com\/en\/shop\/last-pieces-en\/kaja\/#mainImage"},"datePublished":"2023-04-13T14:30:02+02:00","dateModified":"2025-04-25T16:54:14+02:00"},{"@type":"Organization","@id":"https:\/\/cervovolante.com\/en\/#organization","name":"Cervo Volante","description":"Ecological welted deer leather shoes and high-quality leather accessories from Switzerland","url":"https:\/\/cervovolante.com\/en\/","email":"note@cervovolante.com","telephone":"+41782222149","logo":{"@type":"ImageObject","url":"https:\/\/e2dgqt2h67h.exactdn.com\/wp-content\/uploads\/2018\/04\/Cervo-Volante-logo-2.0_POS.png?strip=all","@id":"https:\/\/cervovolante.com\/en\/shop\/last-pieces-en\/kaja\/#organizationLogo","width":850,"height":654},"image":{"@id":"https:\/\/cervovolante.com\/en\/shop\/last-pieces-en\/kaja\/#organizationLogo"},"sameAs":["https:\/\/www.instagram.com\/cervo_volante\/"],"address":{"@id":"https:\/\/cervovolante.com\/en\/#postaladdress","@type":"PostalAddress","streetAddress":"Josefstrasse 53,","postalCode":"8005","addressLocality":"Z\u00fcrich","addressRegion":"Z\u00fcrich","addressCountry":"CH"}},{"@type":"WebPage","@id":"https:\/\/cervovolante.com\/en\/shop\/last-pieces-en\/kaja\/#webpage","url":"https:\/\/cervovolante.com\/en\/shop\/last-pieces-en\/kaja\/","name":"KAJA | Cervo Volante","description":"The KAJA* case from Paavo J\u00e4rvi Symphony collection comes in a triad: large, medium and small, like a musical sound that becomes ever finer. Kaja reverberates the collaboration between Cervo Volante and the world-renowned conductor Paavo J\u00e4rvi and is intended to carry further the sound of music and wilderness. The Trio Kaja elegantly encases your","inLanguage":"en-US","isPartOf":{"@id":"https:\/\/cervovolante.com\/en\/#website"},"breadcrumb":{"@id":"https:\/\/cervovolante.com\/en\/shop\/last-pieces-en\/kaja\/#breadcrumblist"},"image":{"@type":"ImageObject","url":"https:\/\/e2dgqt2h67h.exactdn.com\/wp-content\/uploads\/2023\/04\/CervoVolante_Tasche-mit-Baendel_042023-20-Bearbeitet-WEB.jpg?strip=all","@id":"https:\/\/cervovolante.com\/en\/shop\/last-pieces-en\/kaja\/#mainImage","width":1200,"height":1800},"primaryImageOfPage":{"@id":"https:\/\/cervovolante.com\/en\/shop\/last-pieces-en\/kaja\/#mainImage"},"datePublished":"2023-04-13T14:30:02+02:00","dateModified":"2025-04-25T16:54:14+02:00"},{"@type":"WebSite","@id":"https:\/\/cervovolante.com\/en\/#website","url":"https:\/\/cervovolante.com\/en\/","name":"Cervo Volante","description":"Ecological welted deer leather shoes and high-quality leather accessories from Switzerland","inLanguage":"en-US","publisher":{"@id":"https:\/\/cervovolante.com\/en\/#organization"}}]},"og:locale":"en_US","og:site_name":"Cervo Volante | Online-Shop f\u00fcr einzigartige, \u00f6kologisch hergestellte Ledermode","og:type":"article","og:title":"KAJA","og:description":"The KAJA case from the Paavo J\u00e4rvi series is available in three sizes for a tablet, travel documents, writing utensils or make-up. KAJA can be used as a case or wallet, but also cuts an elegant figure as a clutch. A sustainable deerskin one-off for people with an ear for music and the courage to make a conscious statement.","og:url":"https:\/\/cervovolante.com\/en\/shop\/last-pieces-en\/kaja\/","og:image":"https:\/\/cervovolante.com\/wp-content\/uploads\/2023\/04\/CervoVolante_Tasche-mit-Baendel_042023-20-Bearbeitet-WEB.jpg","og:image:secure_url":"https:\/\/cervovolante.com\/wp-content\/uploads\/2023\/04\/CervoVolante_Tasche-mit-Baendel_042023-20-Bearbeitet-WEB.jpg","og:image:width":"1200","og:image:height":"1800","article:published_time":"2023-04-13T12:30:02+00:00","article:modified_time":"2025-04-25T14:54:14+00:00","article:publisher":"https:\/\/www.facebook.com\/cervovolantezurich\/","twitter:card":"summary","twitter:title":"KAJA","twitter:description":"The KAJA case from the Paavo J\u00e4rvi series is available in three sizes for a tablet, travel documents, writing utensils or make-up. KAJA can be used as a case or wallet, but also cuts an elegant figure as a clutch. A sustainable deerskin one-off for people with an ear for music and the courage to make a conscious statement.","twitter:image":"https:\/\/cervovolante.com\/wp-content\/uploads\/2023\/04\/CervoVolante_Tasche-mit-Baendel_042023-20-Bearbeitet-WEB.jpg"},"aioseo_meta_data":{"post_id":"44983","title":null,"description":null,"keywords":[],"keyphrases":{"focus":{"keyphrase":"","score":0,"analysis":{"keyphraseInTitle":{"score":0,"maxScore":9,"error":1}}},"additional":[]},"primary_term":null,"canonical_url":null,"og_title":"#post_title","og_description":"#post_excerpt","og_object_type":"default","og_image_type":"featured","og_image_url":"https:\/\/cervovolante.com\/wp-content\/uploads\/2023\/04\/CervoVolante_Tasche-mit-Baendel_042023-20-Bearbeitet-WEB.jpg","og_image_width":"1200","og_image_height":"1800","og_image_custom_url":null,"og_image_custom_fields":null,"og_video":"","og_custom_url":null,"og_article_section":null,"og_article_tags":[],"twitter_use_og":false,"twitter_card":"default","twitter_image_type":"default","twitter_image_url":null,"twitter_image_custom_url":null,"twitter_image_custom_fields":null,"twitter_title":null,"twitter_description":null,"schema":{"blockGraphs":[],"customGraphs":[],"default":{"data":{"Article":[],"Course":[],"Dataset":[],"FAQPage":[],"Movie":[],"Person":[],"Product":[],"ProductReview":[],"Car":[],"Recipe":[],"Service":[],"SoftwareApplication":[],"WebPage":[]},"graphName":"ItemPage","isEnabled":true},"graphs":[]},"schema_type":"default","schema_type_options":null,"pillar_content":false,"robots_default":true,"robots_noindex":false,"robots_noarchive":false,"robots_nosnippet":false,"robots_nofollow":false,"robots_noimageindex":false,"robots_noodp":false,"robots_notranslate":false,"robots_max_snippet":"-1","robots_max_videopreview":"-1","robots_max_imagepreview":"large","priority":null,"frequency":"default","local_seo":null,"seo_analyzer_scan_date":"2025-10-13 03:49:11","breadcrumb_settings":null,"limit_modified_date":false,"reviewed_by":null,"open_ai":"{\"title\":{\"suggestions\":[],\"usage\":0},\"description\":{\"suggestions\":[],\"usage\":0}}","ai":null,"created":"2023-12-03 15:16:03","updated":"2025-10-13 03:49:11"},"_links":{"self":[{"href":"https:\/\/cervovolante.com\/en\/wp-json\/wp\/v2\/product\/44983","targetHints":{"allow":["GET"]}}],"collection":[{"href":"https:\/\/cervovolante.com\/en\/wp-json\/wp\/v2\/product"}],"about":[{"href":"https:\/\/cervovolante.com\/en\/wp-json\/wp\/v2\/types\/product"}],"replies":[{"embeddable":true,"href":"https:\/\/cervovolante.com\/en\/wp-json\/wp\/v2\/comments?post=44983"}],"wp:featuredmedia":[{"embeddable":true,"href":"https:\/\/cervovolante.com\/en\/wp-json\/wp\/v2\/media\/44045"}],"wp:attachment":[{"href":"https:\/\/cervovolante.com\/en\/wp-json\/wp\/v2\/media?parent=44983"}],"wp:term":[{"taxonomy":"product_brand","embeddable":true,"href":"https:\/\/cervovolante.com\/en\/wp-json\/wp\/v2\/product_brand?post=44983"},{"taxonomy":"product_cat","embeddable":true,"href":"https:\/\/cervovolante.com\/en\/wp-json\/wp\/v2\/product_cat?post=44983"},{"taxonomy":"product_tag","embeddable":true,"href":"https:\/\/cervovolante.com\/en\/wp-json\/wp\/v2\/product_tag?post=44983"}],"curies":[{"name":"wp","href":"https:\/\/api.w.org\/{rel}","templated":true}]}}